{"id":1045,"date":"2016-05-15T16:58:58","date_gmt":"2016-05-15T16:58:58","guid":{"rendered":"http:\/\/festivalursus.com\/?page_id=1045"},"modified":"2016-10-03T22:18:11","modified_gmt":"2016-10-03T22:18:11","slug":"schubertova-mlinarica","status":"publish","type":"page","link":"http:\/\/festivalursus.com\/?page_id=1045&lang=sl","title":{"rendered":"Schubertova Mlinarica"},"content":{"rendered":"<p>19. avgusta 2016 na <a href=\"http:\/\/festivalursus.com\/?page_id=1325&amp;lang=sl\" target=\"_blank\">Doma\u010diji Medved<\/a> v Podkumu<\/p>\n<p><a href=\"http:\/\/festivalursus.com\/wp-content\/uploads\/2016\/05\/14068391_1058553317575966_4622324585164243485_o-1.jpg\" target=\"_blank\"><img decoding=\"async\" loading=\"lazy\" class=\"aligncenter wp-image-1623 size-large\" src=\"http:\/\/festivalursus.com\/wp-content\/uploads\/2016\/05\/14068391_1058553317575966_4622324585164243485_o-1-1024x791.jpg\" alt=\"14068391_1058553317575966_4622324585164243485_o\" width=\"700\" height=\"541\" srcset=\"http:\/\/festivalursus.com\/wp-content\/uploads\/2016\/05\/14068391_1058553317575966_4622324585164243485_o-1-1024x791.jpg 1024w, http:\/\/festivalursus.com\/wp-content\/uploads\/2016\/05\/14068391_1058553317575966_4622324585164243485_o-1-300x232.jpg 300w, http:\/\/festivalursus.com\/wp-content\/uploads\/2016\/05\/14068391_1058553317575966_4622324585164243485_o-1-768x593.jpg 768w, http:\/\/festivalursus.com\/wp-content\/uploads\/2016\/05\/14068391_1058553317575966_4622324585164243485_o-1-1140x881.jpg 1140w, http:\/\/festivalursus.com\/wp-content\/uploads\/2016\/05\/14068391_1058553317575966_4622324585164243485_o-1-552x426.jpg 552w, http:\/\/festivalursus.com\/wp-content\/uploads\/2016\/05\/14068391_1058553317575966_4622324585164243485_o-1.jpg 2048w\" sizes=\"(max-width: 700px) 100vw, 700px\" \/><\/a><\/p>\n<p>Upanje, svoboda, ljubezen, ljubosumje, obup, smrt, mir&#8230; V paleti \u010dustev M\u00fcllerjevega ciklusa pesmi Lepa Mlinarica je Schubertov skladateljski genij na\u0161el izraz svoje romanti\u010dne du\u0161e. Do\u017eiveli smo ga v izvedbi mladih interpretov, nem\u0161kega tenorista <a href=\"http:\/\/festivalursus.com\/?page_id=886&amp;lang=sl\" target=\"_blank\">Alexandra H\u00fcttnerja<\/a> in srbske pianistke <a href=\"http:\/\/festivalursus.com\/?page_id=1273&amp;lang=sl\" target=\"_blank\">Minke Popovi\u0107 Ganev<\/a>.<\/p>\n<p>&nbsp;<\/p>\n<p><iframe loading=\"lazy\" width=\"700\" height=\"394\" src=\"https:\/\/www.youtube.com\/embed\/WHDaYERgBEI?feature=oembed\" frameborder=\"0\" allowfullscreen><\/iframe><\/p>\n<p><a href=\"http:\/\/festivalursus.com\/wp-content\/uploads\/2016\/05\/1-12.jpg\" target=\"_blank\"><img decoding=\"async\" loading=\"lazy\" class=\"alignnone wp-image-1666 size-medium\" src=\"http:\/\/festivalursus.com\/wp-content\/uploads\/2016\/05\/1-12-300x169.jpg\" alt=\"1\" width=\"300\" height=\"169\" srcset=\"http:\/\/festivalursus.com\/wp-content\/uploads\/2016\/05\/1-12-300x169.jpg 300w, http:\/\/festivalursus.com\/wp-content\/uploads\/2016\/05\/1-12-768x432.jpg 768w, http:\/\/festivalursus.com\/wp-content\/uploads\/2016\/05\/1-12-552x311.jpg 552w, http:\/\/festivalursus.com\/wp-content\/uploads\/2016\/05\/1-12.jpg 960w\" sizes=\"(max-width: 300px) 100vw, 300px\" \/><\/a> <a href=\"http:\/\/festivalursus.com\/wp-content\/uploads\/2016\/05\/2-10.jpg\" target=\"_blank\"><img decoding=\"async\" loading=\"lazy\" class=\"alignnone wp-image-1667 size-medium\" src=\"http:\/\/festivalursus.com\/wp-content\/uploads\/2016\/05\/2-10-300x169.jpg\" alt=\"2\" width=\"300\" height=\"169\" srcset=\"http:\/\/festivalursus.com\/wp-content\/uploads\/2016\/05\/2-10-300x169.jpg 300w, http:\/\/festivalursus.com\/wp-content\/uploads\/2016\/05\/2-10-768x432.jpg 768w, http:\/\/festivalursus.com\/wp-content\/uploads\/2016\/05\/2-10-552x311.jpg 552w, http:\/\/festivalursus.com\/wp-content\/uploads\/2016\/05\/2-10.jpg 960w\" sizes=\"(max-width: 300px) 100vw, 300px\" \/><\/a> <a href=\"http:\/\/festivalursus.com\/wp-content\/uploads\/2016\/05\/3-12.jpg\" target=\"_blank\"><img decoding=\"async\" loading=\"lazy\" class=\"alignnone wp-image-1668 size-medium\" src=\"http:\/\/festivalursus.com\/wp-content\/uploads\/2016\/05\/3-12-300x169.jpg\" alt=\"3\" width=\"300\" height=\"169\" srcset=\"http:\/\/festivalursus.com\/wp-content\/uploads\/2016\/05\/3-12-300x169.jpg 300w, http:\/\/festivalursus.com\/wp-content\/uploads\/2016\/05\/3-12-768x432.jpg 768w, http:\/\/festivalursus.com\/wp-content\/uploads\/2016\/05\/3-12-552x311.jpg 552w, http:\/\/festivalursus.com\/wp-content\/uploads\/2016\/05\/3-12.jpg 960w\" sizes=\"(max-width: 300px) 100vw, 300px\" \/><\/a> <a href=\"http:\/\/festivalursus.com\/wp-content\/uploads\/2016\/05\/4-12.jpg\" target=\"_blank\"><img decoding=\"async\" loading=\"lazy\" class=\"alignnone wp-image-1669 size-medium\" src=\"http:\/\/festivalursus.com\/wp-content\/uploads\/2016\/05\/4-12-300x169.jpg\" alt=\"4\" width=\"300\" height=\"169\" srcset=\"http:\/\/festivalursus.com\/wp-content\/uploads\/2016\/05\/4-12-300x169.jpg 300w, http:\/\/festivalursus.com\/wp-content\/uploads\/2016\/05\/4-12-768x432.jpg 768w, http:\/\/festivalursus.com\/wp-content\/uploads\/2016\/05\/4-12-552x311.jpg 552w, http:\/\/festivalursus.com\/wp-content\/uploads\/2016\/05\/4-12.jpg 960w\" sizes=\"(max-width: 300px) 100vw, 300px\" \/><\/a> <a href=\"http:\/\/festivalursus.com\/wp-content\/uploads\/2016\/05\/5-12.jpg\" target=\"_blank\"><img decoding=\"async\" loading=\"lazy\" class=\"alignnone wp-image-1670 size-medium\" src=\"http:\/\/festivalursus.com\/wp-content\/uploads\/2016\/05\/5-12-300x169.jpg\" alt=\"5\" width=\"300\" height=\"169\" srcset=\"http:\/\/festivalursus.com\/wp-content\/uploads\/2016\/05\/5-12-300x169.jpg 300w, http:\/\/festivalursus.com\/wp-content\/uploads\/2016\/05\/5-12-768x432.jpg 768w, http:\/\/festivalursus.com\/wp-content\/uploads\/2016\/05\/5-12-552x311.jpg 552w, http:\/\/festivalursus.com\/wp-content\/uploads\/2016\/05\/5-12.jpg 960w\" sizes=\"(max-width: 300px) 100vw, 300px\" \/><\/a> <a href=\"http:\/\/festivalursus.com\/wp-content\/uploads\/2016\/05\/6-14.jpg\" target=\"_blank\"><img decoding=\"async\" loading=\"lazy\" class=\"alignnone wp-image-1671 size-medium\" src=\"http:\/\/festivalursus.com\/wp-content\/uploads\/2016\/05\/6-14-300x169.jpg\" alt=\"6\" width=\"300\" height=\"169\" srcset=\"http:\/\/festivalursus.com\/wp-content\/uploads\/2016\/05\/6-14-300x169.jpg 300w, http:\/\/festivalursus.com\/wp-content\/uploads\/2016\/05\/6-14-768x432.jpg 768w, http:\/\/festivalursus.com\/wp-content\/uploads\/2016\/05\/6-14-552x311.jpg 552w, http:\/\/festivalursus.com\/wp-content\/uploads\/2016\/05\/6-14.jpg 960w\" sizes=\"(max-width: 300px) 100vw, 300px\" \/><\/a> <a href=\"http:\/\/festivalursus.com\/wp-content\/uploads\/2016\/05\/7-12.jpg\" target=\"_blank\"><img decoding=\"async\" loading=\"lazy\" class=\"alignnone wp-image-1672 size-medium\" src=\"http:\/\/festivalursus.com\/wp-content\/uploads\/2016\/05\/7-12-300x169.jpg\" alt=\"7\" width=\"300\" height=\"169\" srcset=\"http:\/\/festivalursus.com\/wp-content\/uploads\/2016\/05\/7-12-300x169.jpg 300w, http:\/\/festivalursus.com\/wp-content\/uploads\/2016\/05\/7-12-768x432.jpg 768w, http:\/\/festivalursus.com\/wp-content\/uploads\/2016\/05\/7-12-552x311.jpg 552w, http:\/\/festivalursus.com\/wp-content\/uploads\/2016\/05\/7-12.jpg 960w\" sizes=\"(max-width: 300px) 100vw, 300px\" \/><\/a> <a href=\"http:\/\/festivalursus.com\/wp-content\/uploads\/2016\/05\/8-12.jpg\" target=\"_blank\"><img decoding=\"async\" loading=\"lazy\" class=\"alignnone wp-image-1673 size-medium\" src=\"http:\/\/festivalursus.com\/wp-content\/uploads\/2016\/05\/8-12-300x169.jpg\" alt=\"8\" width=\"300\" height=\"169\" srcset=\"http:\/\/festivalursus.com\/wp-content\/uploads\/2016\/05\/8-12-300x169.jpg 300w, http:\/\/festivalursus.com\/wp-content\/uploads\/2016\/05\/8-12-768x432.jpg 768w, http:\/\/festivalursus.com\/wp-content\/uploads\/2016\/05\/8-12-552x311.jpg 552w, http:\/\/festivalursus.com\/wp-content\/uploads\/2016\/05\/8-12.jpg 960w\" sizes=\"(max-width: 300px) 100vw, 300px\" \/><\/a> <a href=\"http:\/\/festivalursus.com\/wp-content\/uploads\/2016\/05\/9-12.jpg\" target=\"_blank\"><img decoding=\"async\" loading=\"lazy\" class=\"alignnone wp-image-1674 size-medium\" src=\"http:\/\/festivalursus.com\/wp-content\/uploads\/2016\/05\/9-12-300x169.jpg\" alt=\"9\" width=\"300\" height=\"169\" srcset=\"http:\/\/festivalursus.com\/wp-content\/uploads\/2016\/05\/9-12-300x169.jpg 300w, http:\/\/festivalursus.com\/wp-content\/uploads\/2016\/05\/9-12-768x432.jpg 768w, http:\/\/festivalursus.com\/wp-content\/uploads\/2016\/05\/9-12-552x311.jpg 552w, http:\/\/festivalursus.com\/wp-content\/uploads\/2016\/05\/9-12.jpg 960w\" sizes=\"(max-width: 300px) 100vw, 300px\" \/><\/a> <a href=\"http:\/\/festivalursus.com\/wp-content\/uploads\/2016\/05\/10-10.jpg\" target=\"_blank\"><img decoding=\"async\" loading=\"lazy\" class=\"alignnone wp-image-1675 size-medium\" src=\"http:\/\/festivalursus.com\/wp-content\/uploads\/2016\/05\/10-10-300x200.jpg\" alt=\"10\" width=\"300\" height=\"200\" srcset=\"http:\/\/festivalursus.com\/wp-content\/uploads\/2016\/05\/10-10-300x200.jpg 300w, http:\/\/festivalursus.com\/wp-content\/uploads\/2016\/05\/10-10-768x512.jpg 768w, http:\/\/festivalursus.com\/wp-content\/uploads\/2016\/05\/10-10-552x368.jpg 552w, http:\/\/festivalursus.com\/wp-content\/uploads\/2016\/05\/10-10.jpg 960w\" sizes=\"(max-width: 300px) 100vw, 300px\" \/><\/a> <a href=\"http:\/\/festivalursus.com\/wp-content\/uploads\/2016\/05\/11-10.jpg\" target=\"_blank\"><img decoding=\"async\" loading=\"lazy\" class=\"alignnone wp-image-1676 size-medium\" src=\"http:\/\/festivalursus.com\/wp-content\/uploads\/2016\/05\/11-10-300x188.jpg\" alt=\"11\" width=\"300\" height=\"188\" srcset=\"http:\/\/festivalursus.com\/wp-content\/uploads\/2016\/05\/11-10-300x188.jpg 300w, http:\/\/festivalursus.com\/wp-content\/uploads\/2016\/05\/11-10-768x480.jpg 768w, http:\/\/festivalursus.com\/wp-content\/uploads\/2016\/05\/11-10-1024x640.jpg 1024w, http:\/\/festivalursus.com\/wp-content\/uploads\/2016\/05\/11-10-1140x713.jpg 1140w, http:\/\/festivalursus.com\/wp-content\/uploads\/2016\/05\/11-10-552x345.jpg 552w, http:\/\/festivalursus.com\/wp-content\/uploads\/2016\/05\/11-10.jpg 1440w\" sizes=\"(max-width: 300px) 100vw, 300px\" \/><\/a> <a href=\"http:\/\/festivalursus.com\/wp-content\/uploads\/2016\/05\/12-10.jpg\" target=\"_blank\"><img decoding=\"async\" loading=\"lazy\" class=\"alignnone wp-image-1677 size-medium\" src=\"http:\/\/festivalursus.com\/wp-content\/uploads\/2016\/05\/12-10-300x188.jpg\" alt=\"12\" width=\"300\" height=\"188\" srcset=\"http:\/\/festivalursus.com\/wp-content\/uploads\/2016\/05\/12-10-300x188.jpg 300w, http:\/\/festivalursus.com\/wp-content\/uploads\/2016\/05\/12-10-768x480.jpg 768w, http:\/\/festivalursus.com\/wp-content\/uploads\/2016\/05\/12-10-1024x640.jpg 1024w, http:\/\/festivalursus.com\/wp-content\/uploads\/2016\/05\/12-10-1140x713.jpg 1140w, http:\/\/festivalursus.com\/wp-content\/uploads\/2016\/05\/12-10-552x345.jpg 552w, http:\/\/festivalursus.com\/wp-content\/uploads\/2016\/05\/12-10.jpg 1440w\" sizes=\"(max-width: 300px) 100vw, 300px\" \/><\/a> <a href=\"http:\/\/festivalursus.com\/wp-content\/uploads\/2016\/05\/13-10.jpg\" target=\"_blank\"><img decoding=\"async\" loading=\"lazy\" class=\"alignnone wp-image-1678 size-medium\" src=\"http:\/\/festivalursus.com\/wp-content\/uploads\/2016\/05\/13-10-300x200.jpg\" alt=\"13\" width=\"300\" height=\"200\" srcset=\"http:\/\/festivalursus.com\/wp-content\/uploads\/2016\/05\/13-10-300x200.jpg 300w, http:\/\/festivalursus.com\/wp-content\/uploads\/2016\/05\/13-10-768x512.jpg 768w, http:\/\/festivalursus.com\/wp-content\/uploads\/2016\/05\/13-10-552x368.jpg 552w, http:\/\/festivalursus.com\/wp-content\/uploads\/2016\/05\/13-10.jpg 960w\" sizes=\"(max-width: 300px) 100vw, 300px\" \/><\/a> <a href=\"http:\/\/festivalursus.com\/wp-content\/uploads\/2016\/05\/14-10.jpg\" target=\"_blank\"><img decoding=\"async\" loading=\"lazy\" class=\"alignnone wp-image-1679 size-medium\" src=\"http:\/\/festivalursus.com\/wp-content\/uploads\/2016\/05\/14-10-300x200.jpg\" alt=\"14\" width=\"300\" height=\"200\" srcset=\"http:\/\/festivalursus.com\/wp-content\/uploads\/2016\/05\/14-10-300x200.jpg 300w, http:\/\/festivalursus.com\/wp-content\/uploads\/2016\/05\/14-10-768x512.jpg 768w, http:\/\/festivalursus.com\/wp-content\/uploads\/2016\/05\/14-10-552x368.jpg 552w, http:\/\/festivalursus.com\/wp-content\/uploads\/2016\/05\/14-10.jpg 960w\" sizes=\"(max-width: 300px) 100vw, 300px\" \/><\/a><\/p>\n","protected":false},"excerpt":{"rendered":"<p class=\"post-excerpt\">19. avgusta 2016 na Doma\u010diji Medved v Podkumu Upanje, svoboda, ljubezen, ljubosumje, obup, smrt, mir&#8230; V paleti \u010dustev M\u00fcllerjevega ciklusa&#8230;<\/p>\n","protected":false},"author":1,"featured_media":0,"parent":0,"menu_order":0,"comment_status":"closed","ping_status":"closed","template":"","meta":[],"_links":{"self":[{"href":"http:\/\/festivalursus.com\/index.php?rest_route=\/wp\/v2\/pages\/1045"}],"collection":[{"href":"http:\/\/festivalursus.com\/index.php?rest_route=\/wp\/v2\/pages"}],"about":[{"href":"http:\/\/festivalursus.com\/index.php?rest_route=\/wp\/v2\/types\/page"}],"author":[{"embeddable":true,"href":"http:\/\/festivalursus.com\/index.php?rest_route=\/wp\/v2\/users\/1"}],"replies":[{"embeddable":true,"href":"http:\/\/festivalursus.com\/index.php?rest_route=%2Fwp%2Fv2%2Fcomments&post=1045"}],"version-history":[{"count":12,"href":"http:\/\/festivalursus.com\/index.php?rest_route=\/wp\/v2\/pages\/1045\/revisions"}],"predecessor-version":[{"id":1707,"href":"http:\/\/festivalursus.com\/index.php?rest_route=\/wp\/v2\/pages\/1045\/revisions\/1707"}],"wp:attachment":[{"href":"http:\/\/festivalursus.com\/index.php?rest_route=%2Fwp%2Fv2%2Fmedia&parent=1045"}],"curies":[{"name":"wp","href":"https:\/\/api.w.org\/{rel}","templated":true}]}}