{"id":1121,"date":"2016-05-16T12:32:36","date_gmt":"2016-05-16T12:32:36","guid":{"rendered":"http:\/\/festivalursus.com\/?page_id=1121"},"modified":"2016-05-16T18:34:32","modified_gmt":"2016-05-16T18:34:32","slug":"recital-2","status":"publish","type":"page","link":"http:\/\/festivalursus.com\/?page_id=1121&lang=sl","title":{"rendered":"Recital"},"content":{"rendered":"<p>Koncert 8. septembra 2015<\/p>\n<p>sodelujo\u010da:<\/p>\n<p>Marko Zupan, flavta<br \/>\nMinka Popovi\u0107 Ganev, klavir<\/p>\n<p><a href=\"http:\/\/festivalursus.com\/wp-content\/uploads\/2016\/05\/1-6.png\" target=\"_blank\"><img decoding=\"async\" loading=\"lazy\" class=\"alignnone wp-image-1125 size-medium\" src=\"http:\/\/festivalursus.com\/wp-content\/uploads\/2016\/05\/1-6-300x169.png\" alt=\"1\" width=\"300\" height=\"169\" srcset=\"http:\/\/festivalursus.com\/wp-content\/uploads\/2016\/05\/1-6-300x169.png 300w, http:\/\/festivalursus.com\/wp-content\/uploads\/2016\/05\/1-6-768x432.png 768w, http:\/\/festivalursus.com\/wp-content\/uploads\/2016\/05\/1-6-1024x576.png 1024w, http:\/\/festivalursus.com\/wp-content\/uploads\/2016\/05\/1-6-1140x641.png 1140w, http:\/\/festivalursus.com\/wp-content\/uploads\/2016\/05\/1-6-552x311.png 552w, http:\/\/festivalursus.com\/wp-content\/uploads\/2016\/05\/1-6.png 1280w\" sizes=\"(max-width: 300px) 100vw, 300px\" \/><\/a> <a href=\"http:\/\/festivalursus.com\/wp-content\/uploads\/2016\/05\/2-5.png\" target=\"_blank\"><img decoding=\"async\" loading=\"lazy\" class=\"alignnone wp-image-1126 size-medium\" src=\"http:\/\/festivalursus.com\/wp-content\/uploads\/2016\/05\/2-5-300x169.png\" alt=\"2\" width=\"300\" height=\"169\" srcset=\"http:\/\/festivalursus.com\/wp-content\/uploads\/2016\/05\/2-5-300x169.png 300w, http:\/\/festivalursus.com\/wp-content\/uploads\/2016\/05\/2-5-768x432.png 768w, http:\/\/festivalursus.com\/wp-content\/uploads\/2016\/05\/2-5-1024x576.png 1024w, http:\/\/festivalursus.com\/wp-content\/uploads\/2016\/05\/2-5-1140x641.png 1140w, http:\/\/festivalursus.com\/wp-content\/uploads\/2016\/05\/2-5-552x311.png 552w, http:\/\/festivalursus.com\/wp-content\/uploads\/2016\/05\/2-5.png 1280w\" sizes=\"(max-width: 300px) 100vw, 300px\" \/><\/a> <a href=\"http:\/\/festivalursus.com\/wp-content\/uploads\/2016\/05\/3-6.png\" target=\"_blank\"><img decoding=\"async\" loading=\"lazy\" class=\"alignnone wp-image-1127 size-medium\" src=\"http:\/\/festivalursus.com\/wp-content\/uploads\/2016\/05\/3-6-300x169.png\" alt=\"3\" width=\"300\" height=\"169\" srcset=\"http:\/\/festivalursus.com\/wp-content\/uploads\/2016\/05\/3-6-300x169.png 300w, http:\/\/festivalursus.com\/wp-content\/uploads\/2016\/05\/3-6-768x432.png 768w, http:\/\/festivalursus.com\/wp-content\/uploads\/2016\/05\/3-6-1024x576.png 1024w, http:\/\/festivalursus.com\/wp-content\/uploads\/2016\/05\/3-6-1140x641.png 1140w, http:\/\/festivalursus.com\/wp-content\/uploads\/2016\/05\/3-6-552x311.png 552w, http:\/\/festivalursus.com\/wp-content\/uploads\/2016\/05\/3-6.png 1280w\" sizes=\"(max-width: 300px) 100vw, 300px\" \/><\/a> <a href=\"http:\/\/festivalursus.com\/wp-content\/uploads\/2016\/05\/4-6.png\" target=\"_blank\"><img decoding=\"async\" loading=\"lazy\" class=\"alignnone wp-image-1128 size-medium\" src=\"http:\/\/festivalursus.com\/wp-content\/uploads\/2016\/05\/4-6-300x169.png\" alt=\"4\" width=\"300\" height=\"169\" srcset=\"http:\/\/festivalursus.com\/wp-content\/uploads\/2016\/05\/4-6-300x169.png 300w, http:\/\/festivalursus.com\/wp-content\/uploads\/2016\/05\/4-6-768x432.png 768w, http:\/\/festivalursus.com\/wp-content\/uploads\/2016\/05\/4-6-1024x576.png 1024w, http:\/\/festivalursus.com\/wp-content\/uploads\/2016\/05\/4-6-1140x641.png 1140w, http:\/\/festivalursus.com\/wp-content\/uploads\/2016\/05\/4-6-552x311.png 552w, http:\/\/festivalursus.com\/wp-content\/uploads\/2016\/05\/4-6.png 1280w\" sizes=\"(max-width: 300px) 100vw, 300px\" \/><\/a> <a href=\"http:\/\/festivalursus.com\/wp-content\/uploads\/2016\/05\/5-6.png\" target=\"_blank\"><img decoding=\"async\" loading=\"lazy\" class=\"alignnone wp-image-1129 size-medium\" src=\"http:\/\/festivalursus.com\/wp-content\/uploads\/2016\/05\/5-6-300x169.png\" alt=\"5\" width=\"300\" height=\"169\" srcset=\"http:\/\/festivalursus.com\/wp-content\/uploads\/2016\/05\/5-6-300x169.png 300w, http:\/\/festivalursus.com\/wp-content\/uploads\/2016\/05\/5-6-768x432.png 768w, http:\/\/festivalursus.com\/wp-content\/uploads\/2016\/05\/5-6-1024x576.png 1024w, http:\/\/festivalursus.com\/wp-content\/uploads\/2016\/05\/5-6-1140x641.png 1140w, http:\/\/festivalursus.com\/wp-content\/uploads\/2016\/05\/5-6-552x311.png 552w, http:\/\/festivalursus.com\/wp-content\/uploads\/2016\/05\/5-6.png 1280w\" sizes=\"(max-width: 300px) 100vw, 300px\" \/><\/a> <a href=\"http:\/\/festivalursus.com\/wp-content\/uploads\/2016\/05\/6-6.png\" target=\"_blank\"><img decoding=\"async\" loading=\"lazy\" class=\"alignnone wp-image-1130 size-medium\" src=\"http:\/\/festivalursus.com\/wp-content\/uploads\/2016\/05\/6-6-300x169.png\" alt=\"6\" width=\"300\" height=\"169\" srcset=\"http:\/\/festivalursus.com\/wp-content\/uploads\/2016\/05\/6-6-300x169.png 300w, http:\/\/festivalursus.com\/wp-content\/uploads\/2016\/05\/6-6-768x432.png 768w, http:\/\/festivalursus.com\/wp-content\/uploads\/2016\/05\/6-6-552x311.png 552w, http:\/\/festivalursus.com\/wp-content\/uploads\/2016\/05\/6-6.png 810w\" sizes=\"(max-width: 300px) 100vw, 300px\" \/><\/a> <a href=\"http:\/\/festivalursus.com\/wp-content\/uploads\/2016\/05\/7-4.png\" target=\"_blank\"><img decoding=\"async\" loading=\"lazy\" class=\"alignnone wp-image-1131 size-medium\" src=\"http:\/\/festivalursus.com\/wp-content\/uploads\/2016\/05\/7-4-300x169.png\" alt=\"7\" width=\"300\" height=\"169\" srcset=\"http:\/\/festivalursus.com\/wp-content\/uploads\/2016\/05\/7-4-300x169.png 300w, http:\/\/festivalursus.com\/wp-content\/uploads\/2016\/05\/7-4-768x432.png 768w, http:\/\/festivalursus.com\/wp-content\/uploads\/2016\/05\/7-4-552x311.png 552w, http:\/\/festivalursus.com\/wp-content\/uploads\/2016\/05\/7-4.png 810w\" sizes=\"(max-width: 300px) 100vw, 300px\" \/><\/a> <a href=\"http:\/\/festivalursus.com\/wp-content\/uploads\/2016\/05\/8-4.png\" target=\"_blank\"><img decoding=\"async\" loading=\"lazy\" class=\"alignnone wp-image-1132 size-medium\" src=\"http:\/\/festivalursus.com\/wp-content\/uploads\/2016\/05\/8-4-300x169.png\" alt=\"8\" width=\"300\" height=\"169\" srcset=\"http:\/\/festivalursus.com\/wp-content\/uploads\/2016\/05\/8-4-300x169.png 300w, http:\/\/festivalursus.com\/wp-content\/uploads\/2016\/05\/8-4-768x432.png 768w, http:\/\/festivalursus.com\/wp-content\/uploads\/2016\/05\/8-4-552x311.png 552w, http:\/\/festivalursus.com\/wp-content\/uploads\/2016\/05\/8-4.png 810w\" sizes=\"(max-width: 300px) 100vw, 300px\" \/><\/a> <a href=\"http:\/\/festivalursus.com\/wp-content\/uploads\/2016\/05\/9-4.png\" target=\"_blank\"><img decoding=\"async\" loading=\"lazy\" class=\"alignnone wp-image-1133 size-medium\" src=\"http:\/\/festivalursus.com\/wp-content\/uploads\/2016\/05\/9-4-300x169.png\" alt=\"9\" width=\"300\" height=\"169\" srcset=\"http:\/\/festivalursus.com\/wp-content\/uploads\/2016\/05\/9-4-300x169.png 300w, http:\/\/festivalursus.com\/wp-content\/uploads\/2016\/05\/9-4-768x432.png 768w, http:\/\/festivalursus.com\/wp-content\/uploads\/2016\/05\/9-4-552x311.png 552w, http:\/\/festivalursus.com\/wp-content\/uploads\/2016\/05\/9-4.png 810w\" sizes=\"(max-width: 300px) 100vw, 300px\" \/><\/a><\/p>\n<p><strong>Marko Zupan<\/strong> (Slovenija)<\/p>\n<p><a href=\"http:\/\/festivalursus.com\/wp-content\/uploads\/2016\/05\/Marko1-1.jpg\" target=\"_blank\"><img decoding=\"async\" loading=\"lazy\" class=\"alignleft wp-image-643 size-medium\" src=\"http:\/\/festivalursus.com\/wp-content\/uploads\/2016\/05\/Marko1-1-300x216.jpg\" alt=\"Marko1\" width=\"300\" height=\"216\" srcset=\"http:\/\/festivalursus.com\/wp-content\/uploads\/2016\/05\/Marko1-1-300x216.jpg 300w, http:\/\/festivalursus.com\/wp-content\/uploads\/2016\/05\/Marko1-1-768x553.jpg 768w, http:\/\/festivalursus.com\/wp-content\/uploads\/2016\/05\/Marko1-1-1024x737.jpg 1024w, http:\/\/festivalursus.com\/wp-content\/uploads\/2016\/05\/Marko1-1-1140x820.jpg 1140w, http:\/\/festivalursus.com\/wp-content\/uploads\/2016\/05\/Marko1-1-552x397.jpg 552w, http:\/\/festivalursus.com\/wp-content\/uploads\/2016\/05\/Marko1-1.jpg 2048w\" sizes=\"(max-width: 300px) 100vw, 300px\" \/><\/a><\/p>\n<div>Marko Zupan se je flavto za\u010del u\u010diti v glasbeni \u0161oli v Zagorju. Po kon\u010dani Akademiji za glasbo v Ljubljani je \u0161tudij nadaljeval v Parizu (Pierre-Yves Artaud), kjer je osvojil Diplome superiere de Concertiste in zatem \u0161e v na Mozarteumu v Salzburgu (Irena Grafenauer). Izpopolnjeval se je na mojstrskih te\u010dajih pri priznanih svetovnih flavtistih, kot so Aurele Nicolet, Peter-Lukas Graf in Emmanuel Pahud. V tem \u010dasu je bil nagrajenec \u0161tevilnih dr\u017eavnih in mednarodnih tekmovanj (Trst, Picardie, Beograd, Braunschweig). V letu 2008 je bil solo flavtist Sudetske filharmonije in leto kasneje Dr\u017eavnega brandenbur\u0161kega teatra v Cootbusu. Od leta 2009 \u017eivi in deluje kot svobodni umetnik v Berlinu. Koncertira kot solist, v razli\u010dnih komornih zasedbah in kot solo flavtist igra v orkestrih Berliner Symphoniker, Philharmonie der Nationen, Evian Festival Orchestra in Neues Kammerorchester Potsdam. Njegova glasbena pot ga je popeljala po celi Evropi, Zdru\u017eenih dr\u017eavah Amerike, Kitajski, Vietnamu, Japonski in Al\u017eiriji.<\/div>\n<div>Pred kratkim je posnel dve CD plo\u0161\u010di. eno s Triom Susak (flavta, saksofon, klavir) in drugo z flavtistom Borisom Bizjakom in pianistko Yoko Misumi z deli klasi\u010dnega in romanti\u010dnega repertoarja.<\/div>\n<div>Je asistent na Akademiji za glasbo Splitu in voditelj mojstrskega te\u010daja za flavto v Ka\u0161teli (Hrva\u0161ka), leta 2013 pa je pri zalo\u017ebi Svitzer izdal orkestrske sole za flavto v prirebi za kvartet flavt, pedago\u0161ko metodo za \u0161tudij zahtevnega orkestrskega repertoarja.<\/div>\n<div>Je ustanovitelj in umetni\u0161ki vodja Mednarodnega glasbenega festivala Ursus.<\/div>\n<p>&nbsp;<\/p>\n<p><strong>Minka Popovi\u0107 Ganev<\/strong> (Srbija)<\/p>\n<p><a href=\"http:\/\/festivalursus.com\/wp-content\/uploads\/2016\/05\/11895235_854136288017671_3950957742030724700_o-1.jpg\" target=\"_blank\"><img decoding=\"async\" loading=\"lazy\" class=\"alignleft wp-image-632 size-medium\" src=\"http:\/\/festivalursus.com\/wp-content\/uploads\/2016\/05\/11895235_854136288017671_3950957742030724700_o-1-230x300.jpg\" alt=\"11895235_854136288017671_3950957742030724700_o (1)\" width=\"230\" height=\"300\" srcset=\"http:\/\/festivalursus.com\/wp-content\/uploads\/2016\/05\/11895235_854136288017671_3950957742030724700_o-1-230x300.jpg 230w, http:\/\/festivalursus.com\/wp-content\/uploads\/2016\/05\/11895235_854136288017671_3950957742030724700_o-1-768x1002.jpg 768w, http:\/\/festivalursus.com\/wp-content\/uploads\/2016\/05\/11895235_854136288017671_3950957742030724700_o-1-785x1024.jpg 785w, http:\/\/festivalursus.com\/wp-content\/uploads\/2016\/05\/11895235_854136288017671_3950957742030724700_o-1-1140x1487.jpg 1140w, http:\/\/festivalursus.com\/wp-content\/uploads\/2016\/05\/11895235_854136288017671_3950957742030724700_o-1-552x720.jpg 552w, http:\/\/festivalursus.com\/wp-content\/uploads\/2016\/05\/11895235_854136288017671_3950957742030724700_o-1.jpg 1570w\" sizes=\"(max-width: 230px) 100vw, 230px\" \/><\/a>Minka Popovi\u0107 Ganev je rojena v Beogradu. Klavir se je za\u010dela u\u010diti s petimi leti pri prof. Bojanu Brunu. Srednjo glasbeno \u0161olo je zaklju\u010dila v razredu prof. Olge in Aleksandra Bauerja. Leta 2004 se je vpisala na Akademijo za glasbo v Beogradu, kjer je v razredu prof. Nevene Popovi\u0107 diplomirala z najvi\u0161jo oceno. Trenutno zaklju\u010duje na magistrski \u0161tudij na Mozarteumu v Salzburgu pri prof. Cordeliji Hoffer-Teutsch. Je dobitnica \u0161tevilnih nagrad na tekmovanjih, med drugimi &#8220;Villa de Capdepera&#8221;, UNESCO Athens, EPTA Beograd, &#8220;F.Chopin&#8221; v Rimu, &#8220;Jeunesses Musicales&#8221; Bukare\u0161ta. Prav tako je nagrajena z diplomo za \u0161tudenta generacije, nagrade kraljeve dru\u017eine Karadjordevi\u0107, nagrade mesta Beograd,\u2026 Leta 2011 je bila izbrana, da na Festivalu \u201cMozart-Woche\u201d predstavlja univerzo Mozarteum. Igrala je koncet W.A. Mozarta KV 453 ob spremljavi simfoni\u010dnega orkestra \u201d. Istega leta je debitirala v Kammermusiksaal v Berlinski filharmoniji z programom posve\u010denem F. Lisztu. Je \u010dlanica Tria Susak in ena od idejnih vodij Mednarodnega glasbenega festivala na Susku.<\/p>\n","protected":false},"excerpt":{"rendered":"<p class=\"post-excerpt\">Koncert 8. septembra 2015 sodelujo\u010da: Marko Zupan, flavta Minka Popovi\u0107 Ganev, klavir Marko Zupan (Slovenija) Marko Zupan se je flavto&#8230;<\/p>\n","protected":false},"author":1,"featured_media":0,"parent":0,"menu_order":0,"comment_status":"closed","ping_status":"closed","template":"","meta":[],"_links":{"self":[{"href":"http:\/\/festivalursus.com\/index.php?rest_route=\/wp\/v2\/pages\/1121"}],"collection":[{"href":"http:\/\/festivalursus.com\/index.php?rest_route=\/wp\/v2\/pages"}],"about":[{"href":"http:\/\/festivalursus.com\/index.php?rest_route=\/wp\/v2\/types\/page"}],"author":[{"embeddable":true,"href":"http:\/\/festivalursus.com\/index.php?rest_route=\/wp\/v2\/users\/1"}],"replies":[{"embeddable":true,"href":"http:\/\/festivalursus.com\/index.php?rest_route=%2Fwp%2Fv2%2Fcomments&post=1121"}],"version-history":[{"count":5,"href":"http:\/\/festivalursus.com\/index.php?rest_route=\/wp\/v2\/pages\/1121\/revisions"}],"predecessor-version":[{"id":1222,"href":"http:\/\/festivalursus.com\/index.php?rest_route=\/wp\/v2\/pages\/1121\/revisions\/1222"}],"wp:attachment":[{"href":"http:\/\/festivalursus.com\/index.php?rest_route=%2Fwp%2Fv2%2Fmedia&parent=1121"}],"curies":[{"name":"wp","href":"https:\/\/api.w.org\/{rel}","templated":true}]}}