{"id":1257,"date":"2016-05-16T20:08:00","date_gmt":"2016-05-16T20:08:00","guid":{"rendered":"http:\/\/festivalursus.com\/?page_id=1257"},"modified":"2016-05-17T14:18:32","modified_gmt":"2016-05-17T14:18:32","slug":"tina-mauko-2","status":"publish","type":"page","link":"http:\/\/festivalursus.com\/?page_id=1257&lang=sl","title":{"rendered":"Tina Mauko"},"content":{"rendered":"<p><a href=\"http:\/\/festivalursus.com\/wp-content\/uploads\/2016\/05\/12633695_1074738592578423_1007450206926813587_o.jpg\" target=\"_blank\"><img decoding=\"async\" loading=\"lazy\" class=\"aligncenter wp-image-1258\" src=\"http:\/\/festivalursus.com\/wp-content\/uploads\/2016\/05\/12633695_1074738592578423_1007450206926813587_o-300x274.jpg\" alt=\"12633695_1074738592578423_1007450206926813587_o\" width=\"550\" height=\"502\" srcset=\"http:\/\/festivalursus.com\/wp-content\/uploads\/2016\/05\/12633695_1074738592578423_1007450206926813587_o-300x274.jpg 300w, http:\/\/festivalursus.com\/wp-content\/uploads\/2016\/05\/12633695_1074738592578423_1007450206926813587_o-768x701.jpg 768w, http:\/\/festivalursus.com\/wp-content\/uploads\/2016\/05\/12633695_1074738592578423_1007450206926813587_o.jpg 1024w, http:\/\/festivalursus.com\/wp-content\/uploads\/2016\/05\/12633695_1074738592578423_1007450206926813587_o-552x503.jpg 552w\" sizes=\"(max-width: 550px) 100vw, 550px\" \/><\/a><\/p>\n<p>Tina Mauko (Slovenija), je priznana slovenska pianistka, skladateljica, improvizatorka in performerka. Diplomirala je na Akademiji za glasbo iz klavirja in kompozicije. Na tekmovanjih je osvojila ve\u010d prvih nagrad, in je prejemnica \u0161tudentske Pre\u0161ernove nagrade.<br \/>\nIma velik kompozicijski opus, eno komorno opero ter mnogo orkesterskih kompozicij, od tega sta izjemni simfoni\u010dna pesnitev Ana Ahmatova v ru\u0161\u010dini in Judovska Rapsodija v hebrej\u0161\u010dini. Koncertira v pomembnej\u0161ih dvoranah v Sloveniji, ter inozemstvu. Gostovala je na Festivalu Ljubljana, bienalu Zagreb, na Festivalu Sarajevska Zima, bila rezident Ministrstva za kulturo Slovenije na Dunaju in nastopa kot solo improvizatorka ter v duu z Dejanom Berdenom. Avtorski glasbeni performans je njen umetni\u0161ki konstrukt in ideja. V eni osebi je zdru\u017eila vse svoje talente, in tudi igralski del v njenem filmu, ter v \u017eivo na odru. Njena ustvarjalnost je popolnoma unikatna.<\/p>\n<p><a href=\"https:\/\/www.facebook.com\/Tina.Mauko\/\" target=\"_blank\">https:\/\/www.facebook.com\/Tina.Mauko\/<\/a><\/p>\n","protected":false},"excerpt":{"rendered":"<p class=\"post-excerpt\">Tina Mauko (Slovenija), je priznana slovenska pianistka, skladateljica, improvizatorka in performerka. Diplomirala je na Akademiji za glasbo iz klavirja in&#8230;<\/p>\n","protected":false},"author":1,"featured_media":0,"parent":0,"menu_order":0,"comment_status":"closed","ping_status":"closed","template":"","meta":[],"_links":{"self":[{"href":"http:\/\/festivalursus.com\/index.php?rest_route=\/wp\/v2\/pages\/1257"}],"collection":[{"href":"http:\/\/festivalursus.com\/index.php?rest_route=\/wp\/v2\/pages"}],"about":[{"href":"http:\/\/festivalursus.com\/index.php?rest_route=\/wp\/v2\/types\/page"}],"author":[{"embeddable":true,"href":"http:\/\/festivalursus.com\/index.php?rest_route=\/wp\/v2\/users\/1"}],"replies":[{"embeddable":true,"href":"http:\/\/festivalursus.com\/index.php?rest_route=%2Fwp%2Fv2%2Fcomments&post=1257"}],"version-history":[{"count":3,"href":"http:\/\/festivalursus.com\/index.php?rest_route=\/wp\/v2\/pages\/1257\/revisions"}],"predecessor-version":[{"id":1381,"href":"http:\/\/festivalursus.com\/index.php?rest_route=\/wp\/v2\/pages\/1257\/revisions\/1381"}],"wp:attachment":[{"href":"http:\/\/festivalursus.com\/index.php?rest_route=%2Fwp%2Fv2%2Fmedia&parent=1257"}],"curies":[{"name":"wp","href":"https:\/\/api.w.org\/{rel}","templated":true}]}}