{"id":1353,"date":"2016-05-17T13:31:28","date_gmt":"2016-05-17T13:31:28","guid":{"rendered":"http:\/\/festivalursus.com\/?page_id=1353"},"modified":"2017-08-05T07:40:28","modified_gmt":"2017-08-05T07:40:28","slug":"prijatelji-sponzorji","status":"publish","type":"page","link":"http:\/\/festivalursus.com\/?page_id=1353&lang=sl","title":{"rendered":"Prijatelji &#038; Sponzorji"},"content":{"rendered":"<p><a href=\"http:\/\/www.zagorje.si\/\" target=\"_blank\" rel=\"noopener noreferrer\"><img decoding=\"async\" loading=\"lazy\" class=\"wp-image-1354 size-full alignnone\" src=\"http:\/\/festivalursus.com\/wp-content\/uploads\/2016\/05\/Obcina-Zagorje-logo-150x122-1.gif\" alt=\"Obcina-Zagorje-logo-150x122\" width=\"150\" height=\"122\" \/><\/a> <img decoding=\"async\" loading=\"lazy\" class=\"size-medium wp-image-1355 alignnone\" src=\"http:\/\/festivalursus.com\/wp-content\/uploads\/2016\/05\/Mavric-1-300x86.jpg\" alt=\"Mavric\" width=\"300\" height=\"86\" srcset=\"http:\/\/festivalursus.com\/wp-content\/uploads\/2016\/05\/Mavric-1-300x86.jpg 300w, http:\/\/festivalursus.com\/wp-content\/uploads\/2016\/05\/Mavric-1.jpg 486w\" sizes=\"(max-width: 300px) 100vw, 300px\" \/> <a href=\"http:\/\/www.zadm.si\/\" target=\"_blank\" rel=\"noopener noreferrer\"><img decoding=\"async\" loading=\"lazy\" class=\"alignnone wp-image-1932 size-full\" src=\"http:\/\/festivalursus.com\/wp-content\/uploads\/2016\/05\/Novak-Logo-e1492120825948.gif\" alt=\"\" width=\"140\" height=\"140\" \/><\/a>\u00a0<a href=\"http:\/\/www.hedonerecords.co.uk\/\" target=\"_blank\" rel=\"noopener noreferrer\"><img decoding=\"async\" loading=\"lazy\" class=\"wp-image-1356 size-full alignnone\" src=\"http:\/\/festivalursus.com\/wp-content\/uploads\/2016\/05\/Hedone-logo-150x150-1.jpg\" alt=\"Hedone-logo-150x150\" width=\"150\" height=\"150\" \/><\/a>\u00a0<a href=\"http:\/\/www.zasavskitednik.si\/\" target=\"_blank\" rel=\"noopener noreferrer\"><img decoding=\"async\" loading=\"lazy\" class=\"alignnone wp-image-1952 size-full\" src=\"http:\/\/festivalursus.com\/wp-content\/uploads\/2016\/05\/image003.png\" alt=\"\" width=\"203\" height=\"46\" \/><\/a><a href=\"http:\/\/www.zasavc.net\/\"><img decoding=\"async\" loading=\"lazy\" class=\"alignnone wp-image-1951 size-full\" src=\"http:\/\/festivalursus.com\/wp-content\/uploads\/2016\/05\/image004.png\" alt=\"\" width=\"219\" height=\"46\" \/><\/a><\/p>\n<p>Kot prijatelj in podporniki festivala \u201cUrsus\u201d lahko finan\u010dno pomagate pri organizaciji festivala in s tem omogo\u010dite nadaljevanje za\u010dete tradicije. Kot meceni boste dele\u017eni tudi posebnih privilegijev: prisostvovanje na vajah in s tem vpogled v ustvarjalni proces koncerta; v primeru snemanja \u2013 video posnetek koncerta; darilni CD katerega od udele\u017eencev festivala, itd.<br \/>\nSpodaj so vsi potrebni podatki za nakazilo.<\/p>\n<p>Za kakr\u0161nokoli donacijo se vam iskreno zahvaljujemo!<\/p>\n<p><a href=\"http:\/\/festivalursus.com\/wp-content\/uploads\/2016\/05\/PP-poloznica.jpg\" target=\"_blank\" rel=\"noopener noreferrer\"><img decoding=\"async\" loading=\"lazy\" class=\"alignnone wp-image-1357 size-medium\" src=\"http:\/\/festivalursus.com\/wp-content\/uploads\/2016\/05\/PP-poloznica-212x300.jpg\" alt=\"PP-poloznica\" width=\"212\" height=\"300\" srcset=\"http:\/\/festivalursus.com\/wp-content\/uploads\/2016\/05\/PP-poloznica-212x300.jpg 212w, http:\/\/festivalursus.com\/wp-content\/uploads\/2016\/05\/PP-poloznica-768x1086.jpg 768w, http:\/\/festivalursus.com\/wp-content\/uploads\/2016\/05\/PP-poloznica-724x1024.jpg 724w, http:\/\/festivalursus.com\/wp-content\/uploads\/2016\/05\/PP-poloznica-1140x1612.jpg 1140w, http:\/\/festivalursus.com\/wp-content\/uploads\/2016\/05\/PP-poloznica-552x781.jpg 552w, http:\/\/festivalursus.com\/wp-content\/uploads\/2016\/05\/PP-poloznica.jpg 1448w\" sizes=\"(max-width: 212px) 100vw, 212px\" \/><\/a><\/p>\n<p>Doma\u010dija Medved<br \/>\nZavod za ohranjanje dedi\u0161\u010dine, kulture, vzgoje in izobra\u017eevanja, Podkum<br \/>\nPodkum 66,<br \/>\n1414 Podkum<br \/>\nSlovenija<br \/>\nMati\u010dna \u0161tevilka: 6352286000<br \/>\nDav\u010dna \u0161tevilka: 52782425<\/p>\n<p>z pripisom<br \/>\n\u201cPRIJATELJI, PODPORNIKI FEST.URSUS \u2013 DONACIJA\u201d<\/p>\n<p>na ra\u010dun<br \/>\nTRR: SI56 0233 8026 0342 370 (NLB d.d.)<\/p>\n<p><img decoding=\"async\" loading=\"lazy\" class=\"aligncenter wp-image-645\" src=\"http:\/\/festivalursus.com\/wp-content\/uploads\/2016\/05\/photo-1-300x300.jpg\" alt=\"photo\" width=\"120\" height=\"120\" srcset=\"http:\/\/festivalursus.com\/wp-content\/uploads\/2016\/05\/photo-1-300x300.jpg 300w, http:\/\/festivalursus.com\/wp-content\/uploads\/2016\/05\/photo-1-150x150.jpg 150w, http:\/\/festivalursus.com\/wp-content\/uploads\/2016\/05\/photo-1-768x768.jpg 768w, http:\/\/festivalursus.com\/wp-content\/uploads\/2016\/05\/photo-1-552x552.jpg 552w, http:\/\/festivalursus.com\/wp-content\/uploads\/2016\/05\/photo-1.jpg 900w\" sizes=\"(max-width: 120px) 100vw, 120px\" \/><\/p>\n","protected":false},"excerpt":{"rendered":"<p class=\"post-excerpt\">\u00a0\u00a0 Kot prijatelj in podporniki festivala \u201cUrsus\u201d lahko finan\u010dno pomagate pri organizaciji festivala in s tem omogo\u010dite nadaljevanje za\u010dete tradicije&#8230;.<\/p>\n","protected":false},"author":1,"featured_media":0,"parent":0,"menu_order":0,"comment_status":"closed","ping_status":"closed","template":"","meta":[],"_links":{"self":[{"href":"http:\/\/festivalursus.com\/index.php?rest_route=\/wp\/v2\/pages\/1353"}],"collection":[{"href":"http:\/\/festivalursus.com\/index.php?rest_route=\/wp\/v2\/pages"}],"about":[{"href":"http:\/\/festivalursus.com\/index.php?rest_route=\/wp\/v2\/types\/page"}],"author":[{"embeddable":true,"href":"http:\/\/festivalursus.com\/index.php?rest_route=\/wp\/v2\/users\/1"}],"replies":[{"embeddable":true,"href":"http:\/\/festivalursus.com\/index.php?rest_route=%2Fwp%2Fv2%2Fcomments&post=1353"}],"version-history":[{"count":7,"href":"http:\/\/festivalursus.com\/index.php?rest_route=\/wp\/v2\/pages\/1353\/revisions"}],"predecessor-version":[{"id":1953,"href":"http:\/\/festivalursus.com\/index.php?rest_route=\/wp\/v2\/pages\/1353\/revisions\/1953"}],"wp:attachment":[{"href":"http:\/\/festivalursus.com\/index.php?rest_route=%2Fwp%2Fv2%2Fmedia&parent=1353"}],"curies":[{"name":"wp","href":"https:\/\/api.w.org\/{rel}","templated":true}]}}