{"id":1413,"date":"2016-05-18T08:37:31","date_gmt":"2016-05-18T08:37:31","guid":{"rendered":"http:\/\/festivalursus.com\/?page_id=1413"},"modified":"2016-05-19T15:36:00","modified_gmt":"2016-05-19T15:36:00","slug":"silvia-vicario-2","status":"publish","type":"page","link":"http:\/\/festivalursus.com\/?page_id=1413&lang=sl","title":{"rendered":"Silvia Vicario"},"content":{"rendered":"<p><a href=\"http:\/\/festivalursus.com\/wp-content\/uploads\/2016\/05\/img_3427-1-1.jpg\" target=\"_blank\"><img decoding=\"async\" loading=\"lazy\" class=\"aligncenter wp-image-1436 size-full\" src=\"http:\/\/festivalursus.com\/wp-content\/uploads\/2016\/05\/img_3427-1-1.jpg\" alt=\"img_3427-1\" width=\"320\" height=\"480\" srcset=\"http:\/\/festivalursus.com\/wp-content\/uploads\/2016\/05\/img_3427-1-1.jpg 320w, http:\/\/festivalursus.com\/wp-content\/uploads\/2016\/05\/img_3427-1-1-200x300.jpg 200w\" sizes=\"(max-width: 320px) 100vw, 320px\" \/><\/a><\/p>\n<p>Silvia Vicario se je rodila leta 1989 v Bolzanu (Italija). Harfo je \u0161tudirala pri prof. Patriziji Tassini na &#8220;Jacopo Tomadini&#8221; konservatoriju v Vidmu, kjer je z odliko diplomirala leta 2007. Leta 2010 je prav tako z odliko diplomirala na Univerzi za likovno umetnost, glasbo in dramo (DAMS) v Vidmu.<\/p>\n<div>Silvia je dobitnica \u0161tipendije Gordona Marshalla, ki ji je omogo\u010dila dvoletni magistrski \u0161tudij (MPerf) na Royal College of Music v Londonu pod vodstvom profesorja Ieuana Jonesa. Leta 2012 je magistrirala z odliko.<\/div>\n<div>Od februarja 2012 obiskuje nadaljevalni te\u010daj za orkestrske glasbenike na Accademia del Teatro alla Scala v Milanu (Italija). Orkester je igral v pomembnih gledali\u0161\u010dih, kot so: Teatro alla Scala, Teatro dal Verme (Milano, IT), La Fenice (Benetke, IT), Avditorij RAI &#8220;Arturo Toscanini&#8221; (Torino, IT), Royal Opera House (Muscat, Oman), Harris gledali\u0161\u010de (Chicago, ZDA), Strathmore Hall (Bethesda, ZDA); pod taktirko Jurija Temirkanova, Fabia Luisija, Mikhaila Tatarnikova, Davida Colemana, Daniela Rustionija in drugih.<\/div>\n<div>\n<div>Silvia igra z razli\u010dnimi orkestri v Italiji in v tujini, zlasti v Filarmonica del Teatro Regio di Parma in v orkestru Teatro Massimo Bellini di Catania (Italija).<\/div>\n<div>Poleg tega sodeluje z Ex Novo Ensemble, ki ga vodi Diego Masson in z Giorgio Bernasconi Ensemble, ki ga vodi Marco Angius.<\/div>\n<div>Oktobra 2012 je v okviru &#8220;Slowind&#8221; festivala v Ljubljani izvedla &#8220;Sur Incises&#8221; Pierra Bouleza pod taktirko Matthiasa Pintscherja.<\/div>\n<div>Leta 2013 se je Silvia udele\u017eila akademije Festivala Lucerne, kjer je izvajala dela Bouleza, Ammanna (Unbalanced instability, \u0161vicarski premiera), Weberna in Stravinskega pod taktirko Pierra Bouleza in Pabla Heras-Casada. Pri tej prilo\u017enosti se je udele\u017eila tudi te\u010daja pri Fr\u00e9d\u00e9rique Cambreling, harfistki ansambla Intercontemporain.<\/div>\n<div>Od leta 2004 skupaj z Cristino Di Bernardo v duu harf &#8220;Mariposas&#8221; nastopa po Italiji in tujini. V letu 2011 je duo debitiral z redko izvajanim koncertom za dve harfi v d-molu, op.91 Eliasa Parisha Alvarsa ob spremljavi orkestra iz Lambetha (dirigent: Christopher Fifield) in kasneje z filharmonijo iz Kensingtona in simfoni\u010dnim orkester iz Farnborougha (dirigent: Mark Fitzgerald).<\/div>\n<div>Leta 2013 je imel duo italijanski debi z orkestrom. Igrali sta &#8220;Concertino v starem slogu&#8221; za dve harfi in godalni orkester Macieja Maleckega ob spremljavi orkestra Accademia Musicale &#8220;La Certosa&#8221;.<\/div>\n<div>Duo Mariposas je zmagal na razli\u010dnih mednarodnih tekmovanjih: leta 2013 druga nagrada na &#8220;Enrica Cremonesi&#8221; tekmovanju v Milanu (Italija), leta 2008 prva nagrado na II. mednarodnem Iberic tekmovanju za komorno glasbo s harfo v Madridu.<\/div>\n<div>V angle\u0161ki skladatelj Timothy Salter jima je posvetil delo &#8220;Trije Intermezzi&#8221;, ki sta ga premierno izvedli marca 2012. Decembra istega leta je bil predvajan na BBC Radio 3.<\/div>\n<div>Trenutno Silvia je profesorica harfe na Akademiji za glasbo &#8220;La Certosa&#8221; v Giavera del Montello (Italija) in na Arteinventando zdru\u017eenju v Moimaccu (Italija).<\/div>\n<\/div>\n","protected":false},"excerpt":{"rendered":"<p class=\"post-excerpt\">Silvia Vicario se je rodila leta 1989 v Bolzanu (Italija). Harfo je \u0161tudirala pri prof. Patriziji Tassini na &#8220;Jacopo Tomadini&#8221;&#8230;<\/p>\n","protected":false},"author":1,"featured_media":0,"parent":0,"menu_order":0,"comment_status":"closed","ping_status":"closed","template":"","meta":[],"_links":{"self":[{"href":"http:\/\/festivalursus.com\/index.php?rest_route=\/wp\/v2\/pages\/1413"}],"collection":[{"href":"http:\/\/festivalursus.com\/index.php?rest_route=\/wp\/v2\/pages"}],"about":[{"href":"http:\/\/festivalursus.com\/index.php?rest_route=\/wp\/v2\/types\/page"}],"author":[{"embeddable":true,"href":"http:\/\/festivalursus.com\/index.php?rest_route=\/wp\/v2\/users\/1"}],"replies":[{"embeddable":true,"href":"http:\/\/festivalursus.com\/index.php?rest_route=%2Fwp%2Fv2%2Fcomments&post=1413"}],"version-history":[{"count":4,"href":"http:\/\/festivalursus.com\/index.php?rest_route=\/wp\/v2\/pages\/1413\/revisions"}],"predecessor-version":[{"id":1465,"href":"http:\/\/festivalursus.com\/index.php?rest_route=\/wp\/v2\/pages\/1413\/revisions\/1465"}],"wp:attachment":[{"href":"http:\/\/festivalursus.com\/index.php?rest_route=%2Fwp%2Fv2%2Fmedia&parent=1413"}],"curies":[{"name":"wp","href":"https:\/\/api.w.org\/{rel}","templated":true}]}}