{"id":1757,"date":"2017-04-05T18:28:45","date_gmt":"2017-04-05T18:28:45","guid":{"rendered":"http:\/\/festivalursus.com\/?page_id=1757"},"modified":"2017-04-13T21:49:17","modified_gmt":"2017-04-13T21:49:17","slug":"mihovil-karuza-2","status":"publish","type":"page","link":"http:\/\/festivalursus.com\/?page_id=1757&lang=sl","title":{"rendered":"Mihovil Karuza, violon\u010delo"},"content":{"rendered":"<p><a href=\"http:\/\/festivalursus.com\/wp-content\/uploads\/2017\/04\/mihovilkaruza00-1.jpg\" target=\"_blank\"><img decoding=\"async\" loading=\"lazy\" class=\"aligncenter wp-image-1882 size-medium\" src=\"http:\/\/festivalursus.com\/wp-content\/uploads\/2017\/04\/mihovilkaruza00-1-300x190.jpg\" alt=\"\" width=\"300\" height=\"190\" srcset=\"http:\/\/festivalursus.com\/wp-content\/uploads\/2017\/04\/mihovilkaruza00-1-300x190.jpg 300w, http:\/\/festivalursus.com\/wp-content\/uploads\/2017\/04\/mihovilkaruza00-1-552x349.jpg 552w, http:\/\/festivalursus.com\/wp-content\/uploads\/2017\/04\/mihovilkaruza00-1.jpg 680w\" sizes=\"(max-width: 300px) 100vw, 300px\" \/><\/a><\/p>\n<p><span lang=\"sl-SI\">Violon\u010delist Mihovil Karuza <\/span><span lang=\"en-US\">iz <\/span><span lang=\"sl-SI\">Splita <\/span><span lang=\"en-US\">na <\/span><span lang=\"sl-SI\">Hrva\u0161k<\/span><span lang=\"en-US\">em je<\/span><span lang=\"sl-SI\"> za\u010del igrati violon\u010delo <\/span><span lang=\"en-US\">pri sedmih letih<\/span><span lang=\"sl-SI\"> v razredu profesorja Vladimir Lukas<\/span><span lang=\"en-US\">a<\/span><span lang=\"sl-SI\">. \u0160tudiral <\/span><span lang=\"en-US\">je<\/span><span lang=\"sl-SI\"> na <\/span><span lang=\"en-US\">Akademiji za glasbo v Zagrebu<\/span><span lang=\"sl-SI\"> v razredu profesorja Valter<\/span><span lang=\"en-US\">ja<\/span> <span lang=\"en-US\">De\u0161palja, kjer je leta 1996 d<\/span><span lang=\"sl-SI\">iplomiral z odliko. Ima magisterij iz violon\u010del<\/span><span lang=\"en-US\">a<\/span><span lang=\"sl-SI\"> iz Pennsylvania State University, kjer je \u0161tudiral <\/span><span lang=\"en-US\">in tudi delal kot asistent <\/span><span lang=\"sl-SI\">pri profesor<\/span><span lang=\"en-US\">ici<\/span><span lang=\"sl-SI\"> Kim Cook. <\/span><span lang=\"en-US\">Izpopolnjeval se je<\/span> <span lang=\"en-US\">pri <\/span><span lang=\"sl-SI\">mednarodno priznanih koncertnih umetnik<\/span><span lang=\"en-US\">ih<\/span><span lang=\"sl-SI\"> in virtuoz<\/span><span lang=\"en-US\">ih<\/span><span lang=\"sl-SI\">, kot so K. Botvay, L. Claret, Y. Gutman, M. Hayashi, A. Parisot, S. Sondeckiene in M. Steink\u00fchler. V \u010dasu \u0161tudija je sodeloval na <\/span><span lang=\"en-US\">mnogih<\/span><span lang=\"sl-SI\"> tekmovanjih in osvojil \u0161tevilne nagrade.<br \/>\nOd 1997 do 2000 je <\/span><span lang=\"en-US\">bil<\/span><span lang=\"sl-SI\"> \u010dlan Zagreb\u0161k<\/span><span lang=\"en-US\">e<\/span><span lang=\"sl-SI\"> filharmonij<\/span><span lang=\"en-US\">e, <\/span><span lang=\"sl-SI\">od 2000 do 2009 <\/span><span lang=\"en-US\">pa solo<\/span><span lang=\"sl-SI\"> \u010delist orkestra Hrva\u0161kega narodnega gledali\u0161\u010da v Splitu. Od leta 2002 do 2004 je igral kot <\/span><span lang=\"en-US\">solo<\/span><span lang=\"sl-SI\"> violon\u010delist v Simfoni\u010dnem orkestru Altoona in <\/span><span lang=\"en-US\">namestnik solista<\/span><span lang=\"sl-SI\"> v orkestr<\/span><span lang=\"en-US\">u<\/span><span lang=\"sl-SI\"> Pennsylvania <\/span><span lang=\"en-US\">Center<\/span><span lang=\"sl-SI\">.<br \/>\nOd leta 2004 je <\/span><span lang=\"en-US\">solo<\/span><span lang=\"sl-SI\"> violon\u010delist komornega orkestra Zadar in ustanov<\/span><span lang=\"en-US\">ni<\/span><span lang=\"sl-SI\"> \u010dlan Split<\/span><span lang=\"en-US\">skega<\/span><span lang=\"sl-SI\"> godalnega kvarteta. Od leta 2011 redno nastopa z ansamblom Zagreb\u0161kih solistov. <\/span><\/p>\n<p lang=\"sl-SI\">Kot solist je igral pod taktirko P. De\u0161palja, G. Edelsteina, T. Nini\u0107a, M. Tarbuka, D. Sremeca, B. \u0160ipu\u0161a, S. Zaninovicha, skupaj Hrva\u0161kim komornim orkestrom, Pihalnim orkestrom hrva\u0161ke vojske, Simfoni\u010dnim orkestrom Split, Filharmoni\u010dnim orkestrom Penn State, Zadarskim komornim orkestrom, Splitskim komornim orkestrom in komornim orkestrom Hrva\u0161kega narodnega gledali\u0161\u010da v Splitu. Nastopil je na vrsti uspe\u0161nih samostojnih koncertov na Hrva\u0161kem in v tujini (Slovenija, Italija, Avstrija, Francija in ZDA).<br \/>\nSnemal je za Hrva\u0161ki radio in televizijo in Slovenski radio in televizijo ter posnel dva CD-ja.<br \/>\nOd leta 2006 je profesor na Akademiji za glasbo v Splitu. Kot profesor violon\u010dela in komorne glasbe se je njegovo pedago\u0161ko delo obrestovali in njegovi u\u010denci so osvojili priznanja in nagrade na razli\u010dnih dr\u017eavnih in mednarodnih tekmovanjih.<\/p>\n","protected":false},"excerpt":{"rendered":"<p class=\"post-excerpt\">Violon\u010delist Mihovil Karuza iz Splita na Hrva\u0161kem je za\u010del igrati violon\u010delo pri sedmih letih v razredu profesorja Vladimir Lukasa. \u0160tudiral&#8230;<\/p>\n","protected":false},"author":1,"featured_media":0,"parent":0,"menu_order":0,"comment_status":"closed","ping_status":"closed","template":"","meta":[],"_links":{"self":[{"href":"http:\/\/festivalursus.com\/index.php?rest_route=\/wp\/v2\/pages\/1757"}],"collection":[{"href":"http:\/\/festivalursus.com\/index.php?rest_route=\/wp\/v2\/pages"}],"about":[{"href":"http:\/\/festivalursus.com\/index.php?rest_route=\/wp\/v2\/types\/page"}],"author":[{"embeddable":true,"href":"http:\/\/festivalursus.com\/index.php?rest_route=\/wp\/v2\/users\/1"}],"replies":[{"embeddable":true,"href":"http:\/\/festivalursus.com\/index.php?rest_route=%2Fwp%2Fv2%2Fcomments&post=1757"}],"version-history":[{"count":5,"href":"http:\/\/festivalursus.com\/index.php?rest_route=\/wp\/v2\/pages\/1757\/revisions"}],"predecessor-version":[{"id":1928,"href":"http:\/\/festivalursus.com\/index.php?rest_route=\/wp\/v2\/pages\/1757\/revisions\/1928"}],"wp:attachment":[{"href":"http:\/\/festivalursus.com\/index.php?rest_route=%2Fwp%2Fv2%2Fmedia&parent=1757"}],"curies":[{"name":"wp","href":"https:\/\/api.w.org\/{rel}","templated":true}]}}