{"id":1761,"date":"2017-04-05T18:30:29","date_gmt":"2017-04-05T18:30:29","guid":{"rendered":"http:\/\/festivalursus.com\/?page_id=1761"},"modified":"2017-04-13T22:46:42","modified_gmt":"2017-04-13T22:46:42","slug":"vesna-podrug-2","status":"publish","type":"page","link":"http:\/\/festivalursus.com\/?page_id=1761&lang=sl","title":{"rendered":"Vesna Podrug, klavir"},"content":{"rendered":"<p><a href=\"http:\/\/festivalursus.com\/wp-content\/uploads\/2017\/04\/vesna_podrug2-180314-Copy.jpg\" target=\"_blank\"><img decoding=\"async\" loading=\"lazy\" class=\"aligncenter wp-image-1866 size-medium\" src=\"http:\/\/festivalursus.com\/wp-content\/uploads\/2017\/04\/vesna_podrug2-180314-Copy-300x189.jpg\" alt=\"\" width=\"300\" height=\"189\" srcset=\"http:\/\/festivalursus.com\/wp-content\/uploads\/2017\/04\/vesna_podrug2-180314-Copy-300x189.jpg 300w, http:\/\/festivalursus.com\/wp-content\/uploads\/2017\/04\/vesna_podrug2-180314-Copy-768x483.jpg 768w, http:\/\/festivalursus.com\/wp-content\/uploads\/2017\/04\/vesna_podrug2-180314-Copy-1024x643.jpg 1024w, http:\/\/festivalursus.com\/wp-content\/uploads\/2017\/04\/vesna_podrug2-180314-Copy-1140x716.jpg 1140w, http:\/\/festivalursus.com\/wp-content\/uploads\/2017\/04\/vesna_podrug2-180314-Copy-552x347.jpg 552w, http:\/\/festivalursus.com\/wp-content\/uploads\/2017\/04\/vesna_podrug2-180314-Copy.jpg 2048w\" sizes=\"(max-width: 300px) 100vw, 300px\" \/><\/a><\/p>\n<p lang=\"sl-SI\">Vesna Podrug prihaja iz Splita na Hrva\u0161kem, kjer je prejela svoje prve ure klavirja pri profesorju G. Lenti\u0107u. Do takrat, ko je diplomirala na Glasbeni \u0161oli v Splitu leta 1986, hadalready je osvojila \u0161est prvih nagrad na dr\u017eavnih tekmovanjih v biv\u0161i Jugoslaviji.<br \/>\nKot dobitnica \u0161tipendije &#8220;Ivo Pogorelich&#8221; je lahko nadaljevala \u0161tudij na Dunaju pri profesorju Paulu Badura-Skodi na Univerzi za glasbo in uprizoritvene umetnosti. Leta1989 je prejela tudi \u0161tipendijo avstrijskega Zveznega ministrstva za znanost in raziskave.<br \/>\n\u0160tudij je zaklju\u010dila leta 1992 z magisterijem.<br \/>\nLeta 2000 je kon\u010dala tudi pedago\u0161ko izobrazbo z odliko na dunajski Univerzi za glasbo in upodabljajo\u010do umetnost.<br \/>\n\u017de v \u010dasu \u0161tudija je Vesna Podrug nastopila na \u0161tevilnih samostojnih koncertih, pa tudi kot solist z orkestrsom (npr. Chopinov klavirski koncert z orkestrom Hrva\u0161kega narodnega gledali\u0161\u010da v <span lang=\"en-US\">pod vodstvom<\/span> Boris<span lang=\"en-US\">a<\/span> Papandopul<span lang=\"en-US\">a), kot tudi<\/span> razli\u010dnih komornih zasedbah.<br \/>\nIgrala je skupaj z Wladimir<span lang=\"en-US\">jem<\/span> Kossjanenko<span lang=\"en-US\">m<\/span>, Soo Kyung Hong, Goran<span lang=\"en-US\">om<\/span> Liste\u0161em, Isabell Bringmann, Martino Serafin, Miguelangelom Cavalcantijem na pomembnih koncertnih prizori\u0161\u010dih, kot so Musikverein in Konzerthaus na Dunaju, na Konservatoriju Verdi v Milanu, v Operi v Gradcu, Lisinski dvorani in na Hrva\u0161kem glasbenem in\u0161titutu v Zagreb, TOI-Teatru v Salzburgu in B\u00f6sendorfer dvorani na Dunaju. Nastopala je v televizijskih in radijskih oddajah za ORF in igrala na \u0161tevilnih koncertih v Italiji, \u0160paniji, Franciji, Avstriji, \u0160vici, Hrva\u0161ki, Tur\u010diji, Veliki Britaniji, na Irskem, Finskem, v Nem\u010diji in v Kazahstanu.<br \/>\nOd leta 1998 do 2007 je bila zaposlena kot pianist v Dunajski dr\u017eavni operi, in 2002- 2008 pa na dunajski Univerzi za glasbo.<br \/>\nOd leta 2000 do 2005 je ve\u010dkrat izvedla Beethovnov 5. klavirski koncert &#8220;Emperor&#8221; z orkestrom Dunajske dr\u017eavne opere (Dunajskih filharmonikov) v Dunajske dr\u017eavne opere.<br \/>\nLeta 1999 je iz\u0161el njen prvi CD &#8220;glasba za violo&#8221; (Extraplatte), ki ga je posnela skupaj z violistom Wladimirjem Kossjanenkom. Leta 2002 je za isto zalo\u017ebo izdala svojo drugo zgo\u0161\u010denko &#8220;In memoriam \u0160ostakovi\u010d&#8221;, ki ga je posnela z Michaelom Kugelom. V decembru 2002 je bil ta CD izbran pri reviji The Strad &#8211; London kot Recital Disc \u2013 izbor revije Strad.<br \/>\nLeta 2002 je Vesna Podrug nastopila z ameri\u0161ko mezzosopranistko Denyce Graves in belgijskim violistom Michaelom Kugelom na 53. festivalu v Dubrovniku, leta 2006 z francoskim violistom Gerardom Caussejem na festivalu v Hatrberg v Avstriji, leta 2008 z avstrijskim flavtistom Karl-Heinzem Sch\u00fctzom na &#8220;Falaut &#8220;festivalu v Milano, leta 2010 z kitajsko sopranistko Hue He na 61. letnem festivalu v Dubrovniku in s slovenski godalni kvartetom Tartini na 56. letnem festivalu v Splitu, 2015 z ameri\u0161kim klarinetistom Vadimom Landom in Wladimirjem Kossjanenkom na 1. mednarodnem festivalu&#8221; Forte Music Fest &#8220;v Almatiju v Kazahstanu.<br \/>\nOd leta 2007 je Vesna Podrug profesorica klavirja na Akademiji za glasbo v Splitu na Hrva\u0161kem.<\/p>\n","protected":false},"excerpt":{"rendered":"<p class=\"post-excerpt\">Vesna Podrug prihaja iz Splita na Hrva\u0161kem, kjer je prejela svoje prve ure klavirja pri profesorju G. Lenti\u0107u. Do takrat,&#8230;<\/p>\n","protected":false},"author":1,"featured_media":0,"parent":0,"menu_order":0,"comment_status":"closed","ping_status":"closed","template":"","meta":[],"_links":{"self":[{"href":"http:\/\/festivalursus.com\/index.php?rest_route=\/wp\/v2\/pages\/1761"}],"collection":[{"href":"http:\/\/festivalursus.com\/index.php?rest_route=\/wp\/v2\/pages"}],"about":[{"href":"http:\/\/festivalursus.com\/index.php?rest_route=\/wp\/v2\/types\/page"}],"author":[{"embeddable":true,"href":"http:\/\/festivalursus.com\/index.php?rest_route=\/wp\/v2\/users\/1"}],"replies":[{"embeddable":true,"href":"http:\/\/festivalursus.com\/index.php?rest_route=%2Fwp%2Fv2%2Fcomments&post=1761"}],"version-history":[{"count":4,"href":"http:\/\/festivalursus.com\/index.php?rest_route=\/wp\/v2\/pages\/1761\/revisions"}],"predecessor-version":[{"id":1940,"href":"http:\/\/festivalursus.com\/index.php?rest_route=\/wp\/v2\/pages\/1761\/revisions\/1940"}],"wp:attachment":[{"href":"http:\/\/festivalursus.com\/index.php?rest_route=%2Fwp%2Fv2%2Fmedia&parent=1761"}],"curies":[{"name":"wp","href":"https:\/\/api.w.org\/{rel}","templated":true}]}}