{"id":1763,"date":"2017-04-05T18:31:47","date_gmt":"2017-04-05T18:31:47","guid":{"rendered":"http:\/\/festivalursus.com\/?page_id=1763"},"modified":"2017-04-12T10:30:33","modified_gmt":"2017-04-12T10:30:33","slug":"wladimir-kossjanenko","status":"publish","type":"page","link":"http:\/\/festivalursus.com\/?page_id=1763&lang=en","title":{"rendered":"Wladimir Kossjanenko, viola"},"content":{"rendered":"<p><a href=\"http:\/\/festivalursus.com\/wp-content\/uploads\/2017\/04\/Vladimir_Kossjanenko480a-1.jpg\" target=\"_blank\"><img decoding=\"async\" loading=\"lazy\" class=\"aligncenter wp-image-1875 size-medium\" src=\"http:\/\/festivalursus.com\/wp-content\/uploads\/2017\/04\/Vladimir_Kossjanenko480a-1-216x300.jpg\" alt=\"\" width=\"216\" height=\"300\" srcset=\"http:\/\/festivalursus.com\/wp-content\/uploads\/2017\/04\/Vladimir_Kossjanenko480a-1-216x300.jpg 216w, http:\/\/festivalursus.com\/wp-content\/uploads\/2017\/04\/Vladimir_Kossjanenko480a-1.jpg 480w\" sizes=\"(max-width: 216px) 100vw, 216px\" \/><\/a><\/p>\n<p>Russian born Austrian-Croatian violist Wladimir Kossjanenko began his musical education at age of five. After his graduation at the Bayseitova special music school in Alma-Ata he studied viola from 1986 to 1991 with Vladimir Stopitchev at the Conservatory in St. Petersburg. In this time he also visited conducting class of professor Ilya Mousin. Whilst studying he appeared as a principal violist and assistant-conductor of the \u201cEnsemble of Leningrad Soloists\u201d.<\/p>\n<p>In 1991, following an invitation from the Gustav Mahler Youth Orchestra directed by Claudio Abbado, he came to Vienna. He continued his studies with Hans Peter Ochsenhofer and Thomas Kakuska at the Vienna University for Music and Performing Arts (graduated 1999 with distinction and Master of Arts degree) and later with Michael Kugel at the Royal Conservatory in Ghent, Belgium.<\/p>\n<p>Important artistic experience he gained in the master classes with Norbert Brainin (Amadeus Quartet), Walter Levin (LaSalle Quartet), Gunter Pichler (Alban Berg Quartet), Milan \u0160kampa (Smetana Quartet), Joel Krossnick (Julliard Quartet) and Issac Stern.<\/p>\n<p>Between 1993 and 1996 he was a regular substitute with Vienna Philharmonic, Wiener Staatsoper and Salzburg Festival. From 1994 to 1998 he was a principal violist of the Graz Philharmonic Orchestra and Graz Opera House.<\/p>\n<p>1997 he has won the Union Fund and Management Prize at the 6th International Lionel Tertis viola competition (Isle of Man, England), and the special prize and medal of the Perrenoud Foundation (Neuch\u00e2tel, Switzerland).<\/p>\n<p>From 1998 to 2007 Wladimir Kossjanenko was member of the Hugo Wolf Quartet, which was awarded the European Prize for Chamber music in Paris in 1999 and the \u201cPasticcio\u201d Prize of the Austrian Radio in 2003. With the Hugo Wolf Quartet he made extended concert tours throughout Europe, North and South America, United Kingdom, Ireland, Korea and Japan.<\/p>\n<p>In the past 15 years Wladimir Kossjanenko has appeared as a soloist and chamber musician at most prestigious concert venues, among them in:<\/p>\n<p>Carnegie Hall New York, Suntory Hall Tokyo, Concertgebouw Amsterdam, Tonhalle Z\u00fcrich, Konzerthaus Lucerne, Royal Albert &amp; Wigmore Hall London, Birmingham Symphony Hall, Berliner &amp; K\u00f6lner Philharmonie, Cit\u00e9 de la Musique Paris, Palais des Beaux-Arts Bruxelles, Tchaikovsky Conservatory Moscow, Mariinsky Concert Hall St.Petersburg, Herkules-Saal M\u00fcnchen, Wiener Musikverein &amp; Konzerthaus, Mozarteum Salzburg, Brucknerhaus Linz, Stefanien-Saal Graz, Megaron Athen, National Gallery of Art &amp; Phillips Collection Washington D.C., Los Angeles Center of Modern Art &amp; Skirball Center Los Angeles;<\/p>\n<p>as well \u00a0at the festivals in Edinburgh, Trondheim, Colmar, Prague, Jerusalem, Dortmund, Schwetzingen, Geneva, Buenos Aires, Osaka, Havanna, \u201cCervantino\u201d Mexico, \u201cL\u2019\u00e9t\u00e9 musical dans la vall\u00e9e du Lot\u201d, \u201cSchubertiade\u201d Roskilde, \u201cSchubertiade\u201d Schwarzenberg, \u201cStyriarte\u201d, \u201cKlangbogen\u201d Vienna, \u201cCarinthischer Sommer\u201d, \u201cSplitsko Ljeto\u201d, \u201cStars of the White Nights\u201d St. Petersburg etc.<\/p>\n<p>He recorded numerous CDs \u00a0with Vesna Podrug, Yuliya Gorenman, Jean-Guihen Queyras, Xavier Phillips, Igor Malinovsky and Hugo Wolf Quartet for the Labels \u201cGramola\u201d, \u201cAtlantis Art\u201d, \u201cExtraplatte\u201d and \u201cCam Jazz\u201d.<\/p>\n<p>He also made many TV productions for \u201cUnitel Classic\u201d Berlin, TV Ireland, KBS Korea, HRT Croatia and numerous recordings for BBC, Deutschland Radio Berlin, S\u00fcd-West-Funk Baden-Baden, Radio Suisse Romand Espace 2, Radio France Paris, ORF Austria, RAI Italy, Minnesota Public Radio, Radio of Japan, Israel Radio etc.<\/p>\n<p>His chamber music partners were Nicolas Angelich, Patricia Kopatchinskaja, Paul Meyer, Mihaela Ursuleasa, Ensemble Wiener Collage, Ensemble XX. Century, Trio Altenberg \u00a0and Trio Orlando, Tartini Quartet. \u00a0At the International Waldzell Meetings \u2013 Austria he worked together with Paulo Coelho, Lilly Brett, Robert Menasse and Luc Bondy.<\/p>\n<p>Wladimir Kossjanenko performed for first time new compositions by Friedrich Cerha, Johannes Maria Staud, Erich Urbanner, Zbigniew Bargielski, Otto Zykan, Ernst Leitner, Dirk D\u2019Ase, Kenny Wheeler, Sre\u010dko Bradi\u0107 and many other contemporain composers.<\/p>\n<p>He appeared as a soloist with Bayerische Kammerphilharmonie, Zagreb Soloists, Jerusalem Festival Orchestra, Les Orpheistes Orchestra Sofia, Capella Lutherana Vienna, Arthur Rubinstein Philharmonic Orchestra, Zadar Chamber Orchestra, The Virtuosos of Split, Vienna Academic Symphony Orchestra etc.<\/p>\n<p>As a conductor he has appeared in Austria, Germany and Croatia.<\/p>\n<p>Beside his concert activities Wladimir gave master-classes for viola and chamber music in United Kingdom (University of St. Andrew, Guildhall School of Music and Drama London), Netherland (Royal Conservatory Maastricht) , Japan (University of Sapporo), Austria (International Orpheus Academy Vienna) , France (Rencontres Musicales Internationales des Graves), Greece (Thessaloniki State Conservatory), Bulgaria (New Bulgarian University Sofia), Bosnia and Hercegovina (Music Academy Sarajevo) and Croatia (Upbeat Hvar, Kor\u010dula, Bra\u010d; Elly Ba\u0161ic College of Music Zagreb; Trogir Summer School).<\/p>\n<p>He was a Jury-member of the Watson Forbes International Viola Competition in St Andrews \/ Scottland (2009), International Rudolf Matz Competition in Dubrovnik (2008, 2010, Cakovec 2013), \u00a0and Boris Papandopulo Competition in Zagreb (2012).<\/p>\n<p>Since 2008 he has been professor for viola and chamber music at the Academy of Arts at the University of Split\/Croatia. \u00a0Since 2009 he works regulary with the Zagreb Soloists.<\/p>\n<p>In 2011 he formed from the students of the Academy of Arts in Split a String Orchestra with which he several concert performances and a CD production completed.<\/p>\n<p>2012 he founded together with the pianist Vesna Podrug a festival \u201cDay`s of J.S.Bach in Split\u201d, which is organized annually for the birthday of the composer.<\/p>\n<p>In 2012 he founded a new String orchestra \u201cThe Virtuosos of Split\u201d and become its conductor and artistic director. President of Croatia Dr. Ivo Josipovi\u0107 took over the patronage of the first season of The Virtuosos of Split.<\/p>\n","protected":false},"excerpt":{"rendered":"<p class=\"post-excerpt\">Russian born Austrian-Croatian violist Wladimir Kossjanenko began his musical education at age of five. After his graduation at the Bayseitova&#8230;<\/p>\n","protected":false},"author":1,"featured_media":0,"parent":0,"menu_order":0,"comment_status":"closed","ping_status":"closed","template":"","meta":[],"_links":{"self":[{"href":"http:\/\/festivalursus.com\/index.php?rest_route=\/wp\/v2\/pages\/1763"}],"collection":[{"href":"http:\/\/festivalursus.com\/index.php?rest_route=\/wp\/v2\/pages"}],"about":[{"href":"http:\/\/festivalursus.com\/index.php?rest_route=\/wp\/v2\/types\/page"}],"author":[{"embeddable":true,"href":"http:\/\/festivalursus.com\/index.php?rest_route=\/wp\/v2\/users\/1"}],"replies":[{"embeddable":true,"href":"http:\/\/festivalursus.com\/index.php?rest_route=%2Fwp%2Fv2%2Fcomments&post=1763"}],"version-history":[{"count":3,"href":"http:\/\/festivalursus.com\/index.php?rest_route=\/wp\/v2\/pages\/1763\/revisions"}],"predecessor-version":[{"id":1885,"href":"http:\/\/festivalursus.com\/index.php?rest_route=\/wp\/v2\/pages\/1763\/revisions\/1885"}],"wp:attachment":[{"href":"http:\/\/festivalursus.com\/index.php?rest_route=%2Fwp%2Fv2%2Fmedia&parent=1763"}],"curies":[{"name":"wp","href":"https:\/\/api.w.org\/{rel}","templated":true}]}}