{"id":1774,"date":"2017-04-05T18:38:30","date_gmt":"2017-04-05T18:38:30","guid":{"rendered":"http:\/\/festivalursus.com\/?page_id=1774"},"modified":"2017-04-13T09:44:42","modified_gmt":"2017-04-13T09:44:42","slug":"masumi-yamamoto","status":"publish","type":"page","link":"http:\/\/festivalursus.com\/?page_id=1774&lang=sl","title":{"rendered":"Masumi Yamamoto, \u010dembalo"},"content":{"rendered":"<p><a href=\"http:\/\/festivalursus.com\/wp-content\/uploads\/2017\/04\/Masumi-1.jpg\" target=\"_blank\"><img decoding=\"async\" loading=\"lazy\" class=\"aligncenter wp-image-1902 size-medium\" src=\"http:\/\/festivalursus.com\/wp-content\/uploads\/2017\/04\/Masumi-1-201x300.jpg\" alt=\"\" width=\"201\" height=\"300\" srcset=\"http:\/\/festivalursus.com\/wp-content\/uploads\/2017\/04\/Masumi-1-201x300.jpg 201w, http:\/\/festivalursus.com\/wp-content\/uploads\/2017\/04\/Masumi-1-768x1147.jpg 768w, http:\/\/festivalursus.com\/wp-content\/uploads\/2017\/04\/Masumi-1-685x1024.jpg 685w, http:\/\/festivalursus.com\/wp-content\/uploads\/2017\/04\/Masumi-1-1140x1703.jpg 1140w, http:\/\/festivalursus.com\/wp-content\/uploads\/2017\/04\/Masumi-1-552x825.jpg 552w, http:\/\/festivalursus.com\/wp-content\/uploads\/2017\/04\/Masumi-1.jpg 1371w\" sizes=\"(max-width: 201px) 100vw, 201px\" \/><\/a><\/p>\n<p lang=\"sl-SI\">\u010cembalistka Masumi Yamamoto se je rodila v Osaki na Japonskem, odrasla na Gold Coast v Avstraliji in od leta 2001 \u017eivi v Angliji.Nastopila je v Purcell Room, Royal Albert Hall, St. John&#8217;s Smith Square in Cadogan Hall kot solistka in glasbenica na basso continuu. Koncertirala je v Franciji, Nem\u010diji, Norve\u0161ki, \u0160paniji in Italiji, prav tako tudi v bolj oddaljenih dr\u017eavah, kot so Malezija, Japonska in Avstralija. Masumi je nagrajenka presti\u017enega mednarodnega tekmovanja v Brugesu (2007) v Belgiji. Bila je tudi polfinalistka mednarodnega tekmovanja \u201cJohann Sebastian Bach\u201c v Leipzigu, Broadwood \u010dembalisti\u010dnega tekmovanja v Londonu in zmagovalka Fenton House tekmovanja komorne glasbe z ansamblom Akenside Players. Njen recital v Londonu je dobil oceno \u0161tirih zvezdic v \u010dasopisu Independent: \u201cnjeni tempi sledijo pulzu srca in njeno okra\u0161evanje je tako naravno kot dihanje\u201c.<\/p>\n<p lang=\"sl-SI\">Masumi je diplomirala z Univerzitetno medaljo na Queensland Conservatorium univerze Griffith v Brisbanu v Avstraliji, kjer je \u0161tudirala klavir z Leah Horwitz in \u010dembalo z Huguette Brassine. V Angliji je \u0161tudirala na Kraljevi akademiji za glasbo, kasneje pa \u0161e na Trinity College of Music pri \u010dembalistu Jamesu Johnstonu. Kasneje je postala \u201cThe English Concert\u201c Junior Fellow z ansamblom Melopoetica. Svoj doktorat je zaklju\u010dila na univerzi v Yorku.<\/p>\n<p><span lang=\"sl-SI\">V zadnjem \u010dasu je nastopila z <\/span>London Concertante, Solisti Divini <span lang=\"sl-SI\">in<\/span> Keld Ensemble <span lang=\"sl-SI\">v Angliji, ravno tako tudi z<\/span> Soloists of London <span lang=\"sl-SI\">v<\/span> <span lang=\"sl-SI\">\u0160<\/span>pa<span lang=\"sl-SI\">niji<\/span> <span lang=\"sl-SI\">in <\/span>Paulus Barokk <span lang=\"sl-SI\">na Norve\u0161kem<\/span>. <span lang=\"sl-SI\">Njeni posnetki so se predvajali na<\/span> BBC Radio 3 <span lang=\"sl-SI\">in<\/span> ABC Classic FM. <span lang=\"sl-SI\">Prihajajo\u010di projekti vklju\u010dujejo koncerte na Japonskem, \u0160paniji, Norve\u0161kem in Veliki Britaniji.<\/span><\/p>\n<p lang=\"sl-SI\">Masumi je umetni\u0161ki vodja koncertne serije \u201cSydenham Concerts\u201c, ki se je za\u010dela februarja 2016 in se osredoto\u010da na baro\u010dni repertoar.<\/p>\n<p><span lang=\"sl-SI\">Masumi se posve\u010da tudi pedago\u0161kemu delu. Pou\u010devala je na <\/span>Yong Siew Toh <span lang=\"sl-SI\">K<\/span>onservator<span lang=\"sl-SI\">iju<\/span> <span lang=\"sl-SI\">za glasbo v<\/span> Singap<span lang=\"sl-SI\">urju<\/span> <span lang=\"sl-SI\">in<\/span> Queensland Conservatorium Griffith University <span lang=\"sl-SI\">v<\/span> <span lang=\"sl-SI\">Avstraliji.<\/span> Masumi <span lang=\"sl-SI\">je profesorica za \u010dembalo na <\/span>St. Paul&#8217;s <span lang=\"sl-SI\">\u0161oli za dekleta.<\/span><\/p>\n","protected":false},"excerpt":{"rendered":"<p class=\"post-excerpt\">\u010cembalistka Masumi Yamamoto se je rodila v Osaki na Japonskem, odrasla na Gold Coast v Avstraliji in od leta 2001&#8230;<\/p>\n","protected":false},"author":1,"featured_media":0,"parent":0,"menu_order":0,"comment_status":"closed","ping_status":"closed","template":"","meta":[],"_links":{"self":[{"href":"http:\/\/festivalursus.com\/index.php?rest_route=\/wp\/v2\/pages\/1774"}],"collection":[{"href":"http:\/\/festivalursus.com\/index.php?rest_route=\/wp\/v2\/pages"}],"about":[{"href":"http:\/\/festivalursus.com\/index.php?rest_route=\/wp\/v2\/types\/page"}],"author":[{"embeddable":true,"href":"http:\/\/festivalursus.com\/index.php?rest_route=\/wp\/v2\/users\/1"}],"replies":[{"embeddable":true,"href":"http:\/\/festivalursus.com\/index.php?rest_route=%2Fwp%2Fv2%2Fcomments&post=1774"}],"version-history":[{"count":5,"href":"http:\/\/festivalursus.com\/index.php?rest_route=\/wp\/v2\/pages\/1774\/revisions"}],"predecessor-version":[{"id":1920,"href":"http:\/\/festivalursus.com\/index.php?rest_route=\/wp\/v2\/pages\/1774\/revisions\/1920"}],"wp:attachment":[{"href":"http:\/\/festivalursus.com\/index.php?rest_route=%2Fwp%2Fv2%2Fmedia&parent=1774"}],"curies":[{"name":"wp","href":"https:\/\/api.w.org\/{rel}","templated":true}]}}