{"id":1986,"date":"2017-09-11T14:03:44","date_gmt":"2017-09-11T14:03:44","guid":{"rendered":"http:\/\/festivalursus.com\/?page_id=1986"},"modified":"2018-09-29T11:46:04","modified_gmt":"2018-09-29T11:46:04","slug":"latino","status":"publish","type":"page","link":"http:\/\/festivalursus.com\/?page_id=1986&lang=sl","title":{"rendered":"\u00a1Latino!"},"content":{"rendered":"<div dir=\"ltr\">Koncert 8. septembra 2017 na Doma\u010diji Medved v Podkumu<\/div>\n<div dir=\"ltr\"><\/div>\n<div dir=\"ltr\"><\/div>\n<div dir=\"ltr\"><\/div>\n<div dir=\"ltr\">sodelujo\u010da<\/div>\n<div dir=\"ltr\"><\/div>\n<div dir=\"ltr\"><\/div>\n<div dir=\"ltr\"><\/div>\n<div dir=\"ltr\">Cecilio Perera, kitara<\/div>\n<div dir=\"ltr\">Marko Zupan, flavta<\/div>\n<p>&nbsp;<\/p>\n<p><iframe loading=\"lazy\" width=\"700\" height=\"394\" src=\"https:\/\/www.youtube.com\/embed\/axoDaGFcV5A?feature=oembed\" frameborder=\"0\" allow=\"autoplay; encrypted-media\" allowfullscreen><\/iframe><\/p>\n<p>&nbsp;<\/p>\n<p><a href=\"http:\/\/festivalursus.com\/wp-content\/uploads\/2017\/09\/Program-Latino-2.jpg\" target=\"_blank\" rel=\"noopener noreferrer\"><img decoding=\"async\" loading=\"lazy\" class=\"aligncenter wp-image-1987 size-large\" src=\"http:\/\/festivalursus.com\/wp-content\/uploads\/2017\/09\/Program-Latino-2-1024x791.jpg\" alt=\"\" width=\"700\" height=\"541\" srcset=\"http:\/\/festivalursus.com\/wp-content\/uploads\/2017\/09\/Program-Latino-2-1024x791.jpg 1024w, http:\/\/festivalursus.com\/wp-content\/uploads\/2017\/09\/Program-Latino-2-300x232.jpg 300w, http:\/\/festivalursus.com\/wp-content\/uploads\/2017\/09\/Program-Latino-2-768x593.jpg 768w, http:\/\/festivalursus.com\/wp-content\/uploads\/2017\/09\/Program-Latino-2-1140x881.jpg 1140w, http:\/\/festivalursus.com\/wp-content\/uploads\/2017\/09\/Program-Latino-2-552x427.jpg 552w, http:\/\/festivalursus.com\/wp-content\/uploads\/2017\/09\/Program-Latino-2.jpg 2048w\" sizes=\"(max-width: 700px) 100vw, 700px\" \/><\/a><\/p>\n<p>V za\u010detku septembra nas je z ju\u017enoameri\u0161kim temperamentom zagrel mehi\u0161ki virtuoz na kitari\u00a0<a href=\"http:\/\/festivalursus.com\/?page_id=1769&amp;lang=sl\" target=\"_blank\" rel=\"noopener noreferrer\">Cecilio Perera<\/a>. Na flavti se mu je pridru\u017eil Marko Zupan.<\/p>\n<p>&nbsp;<\/p>\n<p><a href=\"http:\/\/festivalursus.com\/wp-content\/uploads\/2017\/09\/vlcsnap-2017-09-10-21h22m45s344-2-1.png\" target=\"_blank\" rel=\"noopener noreferrer\"><img decoding=\"async\" loading=\"lazy\" class=\"alignnone wp-image-1992 size-thumbnail\" src=\"http:\/\/festivalursus.com\/wp-content\/uploads\/2017\/09\/vlcsnap-2017-09-10-21h22m45s344-2-1-150x150.png\" alt=\"\" width=\"150\" height=\"150\" \/><\/a>\u00a0\u00a0<a href=\"http:\/\/festivalursus.com\/wp-content\/uploads\/2017\/09\/vlcsnap-2017-09-10-21h30m16s607-2-1.png\" target=\"_blank\" rel=\"noopener noreferrer\"><img decoding=\"async\" loading=\"lazy\" class=\"alignnone wp-image-2004 size-thumbnail\" src=\"http:\/\/festivalursus.com\/wp-content\/uploads\/2017\/09\/vlcsnap-2017-09-10-21h30m16s607-2-1-150x150.png\" alt=\"\" width=\"150\" height=\"150\" \/><\/a>\u00a0\u00a0<a href=\"http:\/\/festivalursus.com\/wp-content\/uploads\/2017\/09\/vlcsnap-2017-09-10-21h29m19s916-2-1.png\"><img decoding=\"async\" loading=\"lazy\" class=\"alignnone size-thumbnail wp-image-2003\" src=\"http:\/\/festivalursus.com\/wp-content\/uploads\/2017\/09\/vlcsnap-2017-09-10-21h29m19s916-2-1-150x150.png\" alt=\"\" width=\"150\" height=\"150\" \/><\/a>\u00a0\u00a0<a href=\"http:\/\/festivalursus.com\/wp-content\/uploads\/2017\/09\/vlcsnap-2017-09-10-21h23m18s982-2-1.png\" target=\"_blank\" rel=\"noopener noreferrer\"><img decoding=\"async\" loading=\"lazy\" class=\"wp-image-1994 size-thumbnail alignnone\" src=\"http:\/\/festivalursus.com\/wp-content\/uploads\/2017\/09\/vlcsnap-2017-09-10-21h23m18s982-2-1-150x150.png\" alt=\"\" width=\"150\" height=\"150\" \/><\/a>\u00a0\u00a0<a href=\"http:\/\/festivalursus.com\/wp-content\/uploads\/2017\/09\/vlcsnap-2017-09-10-21h28m43s375-2-1.png\" target=\"_blank\" rel=\"noopener noreferrer\"><img decoding=\"async\" loading=\"lazy\" class=\"alignnone wp-image-2001 size-thumbnail\" src=\"http:\/\/festivalursus.com\/wp-content\/uploads\/2017\/09\/vlcsnap-2017-09-10-21h28m43s375-2-1-150x150.png\" alt=\"\" width=\"150\" height=\"150\" \/><\/a><a href=\"http:\/\/festivalursus.com\/wp-content\/uploads\/2017\/09\/vlcsnap-2017-09-10-21h24m13s130-2.png\" target=\"_blank\" rel=\"noopener noreferrer\">\u00a0\u00a0<\/a><a href=\"http:\/\/festivalursus.com\/wp-content\/uploads\/2017\/09\/vlcsnap-2017-09-10-21h27m28s531-3-1.png\" target=\"_blank\" rel=\"noopener noreferrer\"><img decoding=\"async\" loading=\"lazy\" class=\"alignnone wp-image-2000 size-thumbnail\" src=\"http:\/\/festivalursus.com\/wp-content\/uploads\/2017\/09\/vlcsnap-2017-09-10-21h27m28s531-3-1-150x150.png\" alt=\"\" width=\"150\" height=\"150\" \/><\/a><a href=\"http:\/\/festivalursus.com\/wp-content\/uploads\/2017\/09\/vlcsnap-2017-09-10-21h24m13s130-2.png\" target=\"_blank\" rel=\"noopener noreferrer\">\u00a0\u00a0<\/a><a href=\"http:\/\/festivalursus.com\/wp-content\/uploads\/2017\/09\/vlcsnap-2017-09-10-21h32m59s608-2-1.png\" target=\"_blank\" rel=\"noopener noreferrer\"><img decoding=\"async\" loading=\"lazy\" class=\"alignnone wp-image-2007 size-thumbnail\" src=\"http:\/\/festivalursus.com\/wp-content\/uploads\/2017\/09\/vlcsnap-2017-09-10-21h32m59s608-2-1-150x150.png\" alt=\"\" width=\"150\" height=\"150\" \/>\u00a0\u00a0<\/a><a href=\"http:\/\/festivalursus.com\/wp-content\/uploads\/2017\/09\/vlcsnap-2017-09-10-21h31m56s464-2-1.png\" target=\"_blank\" rel=\"noopener noreferrer\"><img decoding=\"async\" loading=\"lazy\" class=\"alignnone wp-image-2006 size-thumbnail\" src=\"http:\/\/festivalursus.com\/wp-content\/uploads\/2017\/09\/vlcsnap-2017-09-10-21h31m56s464-2-1-150x150.png\" alt=\"\" width=\"150\" height=\"150\" \/><\/a><a href=\"http:\/\/festivalursus.com\/wp-content\/uploads\/2017\/09\/vlcsnap-2017-09-10-21h32m59s608-2-1.png\" target=\"_blank\" rel=\"noopener noreferrer\">\u00a0<\/a><a href=\"http:\/\/festivalursus.com\/wp-content\/uploads\/2017\/09\/vlcsnap-2017-09-10-21h24m13s130-2.png\" target=\"_blank\" rel=\"noopener noreferrer\">\u00a0<\/a><a href=\"http:\/\/festivalursus.com\/wp-content\/uploads\/2017\/09\/vlcsnap-2017-09-10-21h31m23s340-2-1.png\" target=\"_blank\" rel=\"noopener noreferrer\"><img decoding=\"async\" loading=\"lazy\" class=\"alignnone wp-image-2005 size-thumbnail\" src=\"http:\/\/festivalursus.com\/wp-content\/uploads\/2017\/09\/vlcsnap-2017-09-10-21h31m23s340-2-1-150x150.png\" alt=\"\" width=\"150\" height=\"150\" \/><\/a><a href=\"http:\/\/festivalursus.com\/wp-content\/uploads\/2017\/09\/vlcsnap-2017-09-10-21h24m13s130-2.png\" target=\"_blank\" rel=\"noopener noreferrer\">\u00a0\u00a0<\/a><a href=\"http:\/\/festivalursus.com\/wp-content\/uploads\/2017\/09\/vlcsnap-2017-09-10-21h33m43s147-2-1.png\" target=\"_blank\" rel=\"noopener noreferrer\"><img decoding=\"async\" loading=\"lazy\" class=\"alignnone wp-image-2009 size-thumbnail\" src=\"http:\/\/festivalursus.com\/wp-content\/uploads\/2017\/09\/vlcsnap-2017-09-10-21h33m43s147-2-1-150x150.png\" alt=\"\" width=\"150\" height=\"150\" \/><\/a><a href=\"http:\/\/festivalursus.com\/wp-content\/uploads\/2017\/09\/vlcsnap-2017-09-10-21h24m13s130-2.png\" target=\"_blank\" rel=\"noopener noreferrer\">\u00a0\u00a0<\/a><a href=\"http:\/\/festivalursus.com\/wp-content\/uploads\/2017\/09\/vlcsnap-2017-09-10-21h34m39s899-2-1.png\" target=\"_blank\" rel=\"noopener noreferrer\"><img decoding=\"async\" loading=\"lazy\" class=\"alignnone wp-image-2010 size-thumbnail\" src=\"http:\/\/festivalursus.com\/wp-content\/uploads\/2017\/09\/vlcsnap-2017-09-10-21h34m39s899-2-1-150x150.png\" alt=\"\" width=\"150\" height=\"150\" \/><\/a><a href=\"http:\/\/festivalursus.com\/wp-content\/uploads\/2017\/09\/vlcsnap-2017-09-10-21h24m13s130-2.png\" target=\"_blank\" rel=\"noopener noreferrer\">\u00a0\u00a0<\/a><a href=\"http:\/\/festivalursus.com\/wp-content\/uploads\/2017\/09\/vlcsnap-2017-09-10-21h33m05s170-2-1.png\" target=\"_blank\" rel=\"noopener noreferrer\"><img decoding=\"async\" loading=\"lazy\" class=\"alignnone wp-image-2008 size-thumbnail\" src=\"http:\/\/festivalursus.com\/wp-content\/uploads\/2017\/09\/vlcsnap-2017-09-10-21h33m05s170-2-1-150x150.png\" alt=\"\" width=\"150\" height=\"150\" \/><\/a><a href=\"http:\/\/festivalursus.com\/wp-content\/uploads\/2017\/09\/vlcsnap-2017-09-10-21h24m13s130-2.png\" target=\"_blank\" rel=\"noopener noreferrer\">\u00a0\u00a0<\/a><a href=\"http:\/\/festivalursus.com\/wp-content\/uploads\/2017\/09\/vlcsnap-2017-09-10-21h26m44s697-2.png\" target=\"_blank\" rel=\"noopener noreferrer\"><img decoding=\"async\" loading=\"lazy\" class=\"alignnone wp-image-1997 size-thumbnail\" src=\"http:\/\/festivalursus.com\/wp-content\/uploads\/2017\/09\/vlcsnap-2017-09-10-21h26m44s697-2-150x150.png\" alt=\"\" width=\"150\" height=\"150\" \/><\/a><a href=\"http:\/\/festivalursus.com\/wp-content\/uploads\/2017\/09\/vlcsnap-2017-09-10-21h24m13s130-2.png\" target=\"_blank\" rel=\"noopener noreferrer\">\u00a0\u00a0<\/a><a href=\"http:\/\/festivalursus.com\/wp-content\/uploads\/2017\/09\/vlcsnap-2017-09-10-21h26m05s090-2.png\" target=\"_blank\" rel=\"noopener noreferrer\"><img decoding=\"async\" loading=\"lazy\" class=\"wp-image-1996 size-thumbnail alignnone\" src=\"http:\/\/festivalursus.com\/wp-content\/uploads\/2017\/09\/vlcsnap-2017-09-10-21h26m05s090-2-150x150.png\" alt=\"\" width=\"150\" height=\"150\" \/>\u00a0\u00a0<\/a><a href=\"http:\/\/festivalursus.com\/wp-content\/uploads\/2017\/09\/vlcsnap-2017-09-10-21h42m30s632-2-1.png\" target=\"_blank\" rel=\"noopener noreferrer\"><img decoding=\"async\" loading=\"lazy\" class=\"alignnone wp-image-2019 size-thumbnail\" src=\"http:\/\/festivalursus.com\/wp-content\/uploads\/2017\/09\/vlcsnap-2017-09-10-21h42m30s632-2-1-150x150.png\" alt=\"\" width=\"150\" height=\"150\" \/><\/a>\u00a0\u00a0<a href=\"http:\/\/festivalursus.com\/wp-content\/uploads\/2017\/09\/vlcsnap-2017-09-10-21h43m27s195-2-1.png\" target=\"_blank\" rel=\"noopener noreferrer\"><img decoding=\"async\" loading=\"lazy\" class=\"alignnone wp-image-2020 size-thumbnail\" src=\"http:\/\/festivalursus.com\/wp-content\/uploads\/2017\/09\/vlcsnap-2017-09-10-21h43m27s195-2-1-150x150.png\" alt=\"\" width=\"150\" height=\"150\" \/><\/a>\u00a0\u00a0<a href=\"http:\/\/festivalursus.com\/wp-content\/uploads\/2017\/09\/vlcsnap-2017-09-10-21h44m24s043-2-1.png\" target=\"_blank\" rel=\"noopener noreferrer\"><img decoding=\"async\" loading=\"lazy\" class=\"alignnone wp-image-2021 size-thumbnail\" src=\"http:\/\/festivalursus.com\/wp-content\/uploads\/2017\/09\/vlcsnap-2017-09-10-21h44m24s043-2-1-150x150.png\" alt=\"\" width=\"150\" height=\"150\" \/><\/a>\u00a0\u00a0<a href=\"http:\/\/festivalursus.com\/wp-content\/uploads\/2017\/09\/vlcsnap-2017-09-10-21h44m54s885-2-1.png\" target=\"_blank\" rel=\"noopener noreferrer\"><img decoding=\"async\" loading=\"lazy\" class=\"alignnone wp-image-2022 size-thumbnail\" src=\"http:\/\/festivalursus.com\/wp-content\/uploads\/2017\/09\/vlcsnap-2017-09-10-21h44m54s885-2-1-150x150.png\" alt=\"\" width=\"150\" height=\"150\" \/><\/a>\u00a0 <a href=\"http:\/\/festivalursus.com\/wp-content\/uploads\/2017\/09\/vlcsnap-2017-09-10-21h45m47s354.png\" target=\"_blank\" rel=\"noopener noreferrer\"><img decoding=\"async\" loading=\"lazy\" class=\"alignnone wp-image-2023 size-thumbnail\" src=\"http:\/\/festivalursus.com\/wp-content\/uploads\/2017\/09\/vlcsnap-2017-09-10-21h45m47s354-150x150.png\" alt=\"\" width=\"150\" height=\"150\" \/><\/a><\/p>\n","protected":false},"excerpt":{"rendered":"<p class=\"post-excerpt\">Koncert 8. septembra 2017 na Doma\u010diji Medved v Podkumu sodelujo\u010da Cecilio Perera, kitara Marko Zupan, flavta &nbsp; &nbsp; V za\u010detku&#8230;<\/p>\n","protected":false},"author":1,"featured_media":0,"parent":0,"menu_order":0,"comment_status":"closed","ping_status":"closed","template":"","meta":[],"_links":{"self":[{"href":"http:\/\/festivalursus.com\/index.php?rest_route=\/wp\/v2\/pages\/1986"}],"collection":[{"href":"http:\/\/festivalursus.com\/index.php?rest_route=\/wp\/v2\/pages"}],"about":[{"href":"http:\/\/festivalursus.com\/index.php?rest_route=\/wp\/v2\/types\/page"}],"author":[{"embeddable":true,"href":"http:\/\/festivalursus.com\/index.php?rest_route=\/wp\/v2\/users\/1"}],"replies":[{"embeddable":true,"href":"http:\/\/festivalursus.com\/index.php?rest_route=%2Fwp%2Fv2%2Fcomments&post=1986"}],"version-history":[{"count":9,"href":"http:\/\/festivalursus.com\/index.php?rest_route=\/wp\/v2\/pages\/1986\/revisions"}],"predecessor-version":[{"id":2025,"href":"http:\/\/festivalursus.com\/index.php?rest_route=\/wp\/v2\/pages\/1986\/revisions\/2025"}],"wp:attachment":[{"href":"http:\/\/festivalursus.com\/index.php?rest_route=%2Fwp%2Fv2%2Fmedia&parent=1986"}],"curies":[{"name":"wp","href":"https:\/\/api.w.org\/{rel}","templated":true}]}}