{"id":2097,"date":"2017-09-11T20:02:20","date_gmt":"2017-09-11T20:02:20","guid":{"rendered":"http:\/\/festivalursus.com\/?page_id=2097"},"modified":"2017-09-11T20:05:28","modified_gmt":"2017-09-11T20:05:28","slug":"class-of-1685","status":"publish","type":"page","link":"http:\/\/festivalursus.com\/?page_id=2097&lang=en","title":{"rendered":"Class of \u00b41685\u00b4"},"content":{"rendered":"<p>on the 18th of August 2017 at the Medved Homestead in Podkum<\/p>\n<p><a href=\"http:\/\/festivalursus.com\/wp-content\/uploads\/2017\/09\/Program-1685-page-002.jpg\" target=\"_blank\" rel=\"noopener noreferrer\"><img decoding=\"async\" loading=\"lazy\" class=\"aligncenter wp-image-2098 size-large\" src=\"http:\/\/festivalursus.com\/wp-content\/uploads\/2017\/09\/Program-1685-page-002-1024x791.jpg\" alt=\"\" width=\"700\" height=\"541\" srcset=\"http:\/\/festivalursus.com\/wp-content\/uploads\/2017\/09\/Program-1685-page-002-1024x791.jpg 1024w, http:\/\/festivalursus.com\/wp-content\/uploads\/2017\/09\/Program-1685-page-002-300x232.jpg 300w, http:\/\/festivalursus.com\/wp-content\/uploads\/2017\/09\/Program-1685-page-002-768x593.jpg 768w, http:\/\/festivalursus.com\/wp-content\/uploads\/2017\/09\/Program-1685-page-002-1140x881.jpg 1140w, http:\/\/festivalursus.com\/wp-content\/uploads\/2017\/09\/Program-1685-page-002-552x427.jpg 552w, http:\/\/festivalursus.com\/wp-content\/uploads\/2017\/09\/Program-1685-page-002.jpg 2048w\" sizes=\"(max-width: 700px) 100vw, 700px\" \/><\/a><\/p>\n<p><span lang=\"en\"><span title=\"Svet baro\u010dnih zvokov nam bosta s starimi in\u0161trumenti pri\u010darala Boris Bizjak na baro\u010dni flavti in Masumi Yamamoto na \u010dembalu. \">A world\u00a0<\/span><\/span>of\u00a0Baroque sounds was conjured\u00a0by\u00a0<a href=\"http:\/\/festivalursus.com\/?page_id=1788&amp;lang=en\" target=\"_blank\" rel=\"noopener noreferrer\" data-saferedirecturl=\"https:\/\/www.google.com\/url?hl=sl&amp;q=http:\/\/festivalursus.com\/?page_id%3D1788%26lang%3Den&amp;source=gmail&amp;ust=1492155311009000&amp;usg=AFQjCNGL2-1fIsc493cPfDBU2yALeG0LXA\">Boris Bizjak<\/a>\u00a0on the baroque flute and\u00a0<a href=\"http:\/\/festivalursus.com\/?page_id=1771&amp;lang=en\" target=\"_blank\" rel=\"noopener noreferrer\" data-saferedirecturl=\"https:\/\/www.google.com\/url?hl=sl&amp;q=http:\/\/festivalursus.com\/?page_id%3D1771%26lang%3Den&amp;source=gmail&amp;ust=1492155311009000&amp;usg=AFQjCNF9EQhRMN-ybbk6xTgx3EM5RH_Y2A\">Masumi Yamamoto<\/a>\u00a0on harpsichord.<\/p>\n<p><iframe loading=\"lazy\" width=\"700\" height=\"394\" src=\"https:\/\/www.youtube.com\/embed\/NQ0EZKvIvd8?feature=oembed\" frameborder=\"0\" allowfullscreen><\/iframe><\/p>\n<p><a href=\"http:\/\/festivalursus.com\/wp-content\/uploads\/2017\/09\/Urus-1-2.jpg\" target=\"_blank\" rel=\"noopener noreferrer\"><img decoding=\"async\" loading=\"lazy\" class=\"alignnone wp-image-2107 size-thumbnail\" src=\"http:\/\/festivalursus.com\/wp-content\/uploads\/2017\/09\/Urus-1-2-150x150.jpg\" alt=\"\" width=\"150\" height=\"150\" \/><\/a>\u00a0 <a href=\"http:\/\/festivalursus.com\/wp-content\/uploads\/2017\/09\/5.jpg\" target=\"_blank\" rel=\"noopener noreferrer\"><img decoding=\"async\" loading=\"lazy\" class=\"alignnone wp-image-2102 size-thumbnail\" src=\"http:\/\/festivalursus.com\/wp-content\/uploads\/2017\/09\/5-150x150.jpg\" alt=\"\" width=\"150\" height=\"150\" \/><\/a>\u00a0 <a href=\"http:\/\/festivalursus.com\/wp-content\/uploads\/2017\/09\/3.jpg\" target=\"_blank\" rel=\"noopener noreferrer\"><img decoding=\"async\" loading=\"lazy\" class=\"alignnone wp-image-2101 size-thumbnail\" src=\"http:\/\/festivalursus.com\/wp-content\/uploads\/2017\/09\/3-150x150.jpg\" alt=\"\" width=\"150\" height=\"150\" \/><\/a>\u00a0 <a href=\"http:\/\/festivalursus.com\/wp-content\/uploads\/2017\/09\/2.jpg\" target=\"_blank\" rel=\"noopener noreferrer\"><img decoding=\"async\" loading=\"lazy\" class=\"alignnone wp-image-2100 size-thumbnail\" src=\"http:\/\/festivalursus.com\/wp-content\/uploads\/2017\/09\/2-150x150.jpg\" alt=\"\" width=\"150\" height=\"150\" \/><\/a>\u00a0 <a href=\"http:\/\/festivalursus.com\/wp-content\/uploads\/2017\/09\/Untitled-Multicam-Clip.jpg\" target=\"_blank\" rel=\"noopener noreferrer\"><img decoding=\"async\" loading=\"lazy\" class=\"alignnone wp-image-2106 size-thumbnail\" src=\"http:\/\/festivalursus.com\/wp-content\/uploads\/2017\/09\/Untitled-Multicam-Clip-150x150.jpg\" alt=\"\" width=\"150\" height=\"150\" \/><\/a>\u00a0 <a href=\"http:\/\/festivalursus.com\/wp-content\/uploads\/2017\/09\/10.jpg\" target=\"_blank\" rel=\"noopener noreferrer\"><img decoding=\"async\" loading=\"lazy\" class=\"alignnone wp-image-2105 size-thumbnail\" src=\"http:\/\/festivalursus.com\/wp-content\/uploads\/2017\/09\/10-150x150.jpg\" alt=\"\" width=\"150\" height=\"150\" \/><\/a>\u00a0 <a href=\"http:\/\/festivalursus.com\/wp-content\/uploads\/2017\/09\/9.jpg\" target=\"_blank\" rel=\"noopener noreferrer\"><img decoding=\"async\" loading=\"lazy\" class=\"alignnone wp-image-2104 size-thumbnail\" src=\"http:\/\/festivalursus.com\/wp-content\/uploads\/2017\/09\/9-150x150.jpg\" alt=\"\" width=\"150\" height=\"150\" \/><\/a>\u00a0 <a href=\"http:\/\/festivalursus.com\/wp-content\/uploads\/2017\/09\/7.jpg\" target=\"_blank\" rel=\"noopener noreferrer\"><img decoding=\"async\" loading=\"lazy\" class=\"alignnone wp-image-2103 size-thumbnail\" src=\"http:\/\/festivalursus.com\/wp-content\/uploads\/2017\/09\/7-150x150.jpg\" alt=\"\" width=\"150\" height=\"150\" \/><\/a><\/p>\n","protected":false},"excerpt":{"rendered":"<p class=\"post-excerpt\">on the 18th of August 2017 at the Medved Homestead in Podkum A world\u00a0of\u00a0Baroque sounds was conjured\u00a0by\u00a0Boris Bizjak\u00a0on the baroque&#8230;<\/p>\n","protected":false},"author":1,"featured_media":0,"parent":0,"menu_order":0,"comment_status":"closed","ping_status":"closed","template":"","meta":[],"_links":{"self":[{"href":"http:\/\/festivalursus.com\/index.php?rest_route=\/wp\/v2\/pages\/2097"}],"collection":[{"href":"http:\/\/festivalursus.com\/index.php?rest_route=\/wp\/v2\/pages"}],"about":[{"href":"http:\/\/festivalursus.com\/index.php?rest_route=\/wp\/v2\/types\/page"}],"author":[{"embeddable":true,"href":"http:\/\/festivalursus.com\/index.php?rest_route=\/wp\/v2\/users\/1"}],"replies":[{"embeddable":true,"href":"http:\/\/festivalursus.com\/index.php?rest_route=%2Fwp%2Fv2%2Fcomments&post=2097"}],"version-history":[{"count":2,"href":"http:\/\/festivalursus.com\/index.php?rest_route=\/wp\/v2\/pages\/2097\/revisions"}],"predecessor-version":[{"id":2113,"href":"http:\/\/festivalursus.com\/index.php?rest_route=\/wp\/v2\/pages\/2097\/revisions\/2113"}],"wp:attachment":[{"href":"http:\/\/festivalursus.com\/index.php?rest_route=%2Fwp%2Fv2%2Fmedia&parent=2097"}],"curies":[{"name":"wp","href":"https:\/\/api.w.org\/{rel}","templated":true}]}}