{"id":2110,"date":"2017-09-11T20:05:15","date_gmt":"2017-09-11T20:05:15","guid":{"rendered":"http:\/\/festivalursus.com\/?page_id=2110"},"modified":"2017-09-11T20:08:19","modified_gmt":"2017-09-11T20:08:19","slug":"letnik-1685","status":"publish","type":"page","link":"http:\/\/festivalursus.com\/?page_id=2110&lang=sl","title":{"rendered":"Letnik \u00b41685\u00b4"},"content":{"rendered":"<p>18. avgusta 2017, na\u00a0<a href=\"http:\/\/festivalursus.com\/?page_id=1325&amp;lang=sl\" target=\"_blank\" rel=\"noopener noreferrer\">Doma\u010diji Medved<\/a>\u00a0v Podkumu<\/p>\n<p><a href=\"http:\/\/festivalursus.com\/wp-content\/uploads\/2017\/09\/Program-1685-page-002-1.jpg\" target=\"_blank\" rel=\"noopener noreferrer\"><img decoding=\"async\" loading=\"lazy\" class=\"aligncenter wp-image-2111 size-large\" src=\"http:\/\/festivalursus.com\/wp-content\/uploads\/2017\/09\/Program-1685-page-002-1-1024x791.jpg\" alt=\"\" width=\"700\" height=\"541\" srcset=\"http:\/\/festivalursus.com\/wp-content\/uploads\/2017\/09\/Program-1685-page-002-1-1024x791.jpg 1024w, http:\/\/festivalursus.com\/wp-content\/uploads\/2017\/09\/Program-1685-page-002-1-300x232.jpg 300w, http:\/\/festivalursus.com\/wp-content\/uploads\/2017\/09\/Program-1685-page-002-1-768x593.jpg 768w, http:\/\/festivalursus.com\/wp-content\/uploads\/2017\/09\/Program-1685-page-002-1-1140x881.jpg 1140w, http:\/\/festivalursus.com\/wp-content\/uploads\/2017\/09\/Program-1685-page-002-1-552x427.jpg 552w, http:\/\/festivalursus.com\/wp-content\/uploads\/2017\/09\/Program-1685-page-002-1.jpg 2048w\" sizes=\"(max-width: 700px) 100vw, 700px\" \/><\/a><\/p>\n<p>Svet baro\u010dnih zvokov sta nam s starimi in\u0161trumenti pri\u010darala\u00a0<a href=\"http:\/\/festivalursus.com\/?page_id=1790&amp;lang=sl\" target=\"_blank\" rel=\"noopener noreferrer\">Boris Bizjak<\/a>\u00a0na baro\u010dni flavti in\u00a0<a href=\"http:\/\/festivalursus.com\/?page_id=1774&amp;lang=sl\" target=\"_blank\" rel=\"noopener noreferrer\">Masumi Yamamoto<\/a>\u00a0na \u010dembalu.<\/p>\n<p><iframe loading=\"lazy\" width=\"700\" height=\"394\" src=\"https:\/\/www.youtube.com\/embed\/NQ0EZKvIvd8?feature=oembed\" frameborder=\"0\" allowfullscreen><\/iframe><\/p>\n<p><a href=\"http:\/\/festivalursus.com\/wp-content\/uploads\/2017\/09\/Urus-1-3.jpg\" target=\"_blank\" rel=\"noopener noreferrer\"><img decoding=\"async\" loading=\"lazy\" class=\"alignnone wp-image-2122 size-thumbnail\" src=\"http:\/\/festivalursus.com\/wp-content\/uploads\/2017\/09\/Urus-1-3-150x150.jpg\" alt=\"\" width=\"150\" height=\"150\" \/><\/a>\u00a0\u00a0<a href=\"http:\/\/festivalursus.com\/wp-content\/uploads\/2017\/09\/9-1.jpg\" target=\"_blank\" rel=\"noopener noreferrer\"><img decoding=\"async\" loading=\"lazy\" class=\"alignnone wp-image-2119 size-thumbnail\" src=\"http:\/\/festivalursus.com\/wp-content\/uploads\/2017\/09\/9-1-150x150.jpg\" alt=\"\" width=\"150\" height=\"150\" \/><\/a>\u00a0 <a href=\"http:\/\/festivalursus.com\/wp-content\/uploads\/2017\/09\/7-1.jpg\" target=\"_blank\" rel=\"noopener noreferrer\"><img decoding=\"async\" loading=\"lazy\" class=\"alignnone wp-image-2118 size-thumbnail\" src=\"http:\/\/festivalursus.com\/wp-content\/uploads\/2017\/09\/7-1-150x150.jpg\" alt=\"\" width=\"150\" height=\"150\" \/><\/a>\u00a0 <a href=\"http:\/\/festivalursus.com\/wp-content\/uploads\/2017\/09\/5-1.jpg\" target=\"_blank\" rel=\"noopener noreferrer\"><img decoding=\"async\" loading=\"lazy\" class=\"alignnone wp-image-2117 size-thumbnail\" src=\"http:\/\/festivalursus.com\/wp-content\/uploads\/2017\/09\/5-1-150x150.jpg\" alt=\"\" width=\"150\" height=\"150\" \/><\/a>\u00a0 <a href=\"http:\/\/festivalursus.com\/wp-content\/uploads\/2017\/09\/3-1.jpg\" target=\"_blank\" rel=\"noopener noreferrer\"><img decoding=\"async\" loading=\"lazy\" class=\"alignnone wp-image-2116 size-thumbnail\" src=\"http:\/\/festivalursus.com\/wp-content\/uploads\/2017\/09\/3-1-150x150.jpg\" alt=\"\" width=\"150\" height=\"150\" \/><\/a>\u00a0 <a href=\"http:\/\/festivalursus.com\/wp-content\/uploads\/2017\/09\/2-1.jpg\" target=\"_blank\" rel=\"noopener noreferrer\"><img decoding=\"async\" loading=\"lazy\" class=\"alignnone wp-image-2115 size-thumbnail\" src=\"http:\/\/festivalursus.com\/wp-content\/uploads\/2017\/09\/2-1-150x150.jpg\" alt=\"\" width=\"150\" height=\"150\" \/><\/a>\u00a0 <a href=\"http:\/\/festivalursus.com\/wp-content\/uploads\/2017\/09\/Untitled-Multicam-Clip-1.jpg\" target=\"_blank\" rel=\"noopener noreferrer\"><img decoding=\"async\" loading=\"lazy\" class=\"alignnone wp-image-2121 size-thumbnail\" src=\"http:\/\/festivalursus.com\/wp-content\/uploads\/2017\/09\/Untitled-Multicam-Clip-1-150x150.jpg\" alt=\"\" width=\"150\" height=\"150\" \/><\/a>\u00a0 <a href=\"http:\/\/festivalursus.com\/wp-content\/uploads\/2017\/09\/10-1.jpg\" target=\"_blank\" rel=\"noopener noreferrer\"><img decoding=\"async\" loading=\"lazy\" class=\"alignnone wp-image-2120 size-thumbnail\" src=\"http:\/\/festivalursus.com\/wp-content\/uploads\/2017\/09\/10-1-150x150.jpg\" alt=\"\" width=\"150\" height=\"150\" \/><\/a><\/p>\n","protected":false},"excerpt":{"rendered":"<p class=\"post-excerpt\">18. avgusta 2017, na\u00a0Doma\u010diji Medved\u00a0v Podkumu Svet baro\u010dnih zvokov sta nam s starimi in\u0161trumenti pri\u010darala\u00a0Boris Bizjak\u00a0na baro\u010dni flavti in\u00a0Masumi Yamamoto\u00a0na&#8230;<\/p>\n","protected":false},"author":1,"featured_media":0,"parent":0,"menu_order":0,"comment_status":"closed","ping_status":"closed","template":"","meta":[],"_links":{"self":[{"href":"http:\/\/festivalursus.com\/index.php?rest_route=\/wp\/v2\/pages\/2110"}],"collection":[{"href":"http:\/\/festivalursus.com\/index.php?rest_route=\/wp\/v2\/pages"}],"about":[{"href":"http:\/\/festivalursus.com\/index.php?rest_route=\/wp\/v2\/types\/page"}],"author":[{"embeddable":true,"href":"http:\/\/festivalursus.com\/index.php?rest_route=\/wp\/v2\/users\/1"}],"replies":[{"embeddable":true,"href":"http:\/\/festivalursus.com\/index.php?rest_route=%2Fwp%2Fv2%2Fcomments&post=2110"}],"version-history":[{"count":3,"href":"http:\/\/festivalursus.com\/index.php?rest_route=\/wp\/v2\/pages\/2110\/revisions"}],"predecessor-version":[{"id":2123,"href":"http:\/\/festivalursus.com\/index.php?rest_route=\/wp\/v2\/pages\/2110\/revisions\/2123"}],"wp:attachment":[{"href":"http:\/\/festivalursus.com\/index.php?rest_route=%2Fwp%2Fv2%2Fmedia&parent=2110"}],"curies":[{"name":"wp","href":"https:\/\/api.w.org\/{rel}","templated":true}]}}