{"id":2154,"date":"2018-03-30T15:15:12","date_gmt":"2018-03-30T15:15:12","guid":{"rendered":"http:\/\/festivalursus.com\/?page_id=2154"},"modified":"2018-03-30T15:15:12","modified_gmt":"2018-03-30T15:15:12","slug":"jure-tori-2","status":"publish","type":"page","link":"http:\/\/festivalursus.com\/?page_id=2154&lang=sl","title":{"rendered":"Jure Tori"},"content":{"rendered":"<p><a href=\"http:\/\/festivalursus.com\/wp-content\/uploads\/2018\/03\/543-1.jpg\" target=\"_blank\" rel=\"noopener noreferrer\"><img decoding=\"async\" loading=\"lazy\" class=\"aligncenter wp-image-2155 size-medium\" src=\"http:\/\/festivalursus.com\/wp-content\/uploads\/2018\/03\/543-1-200x300.jpg\" alt=\"\" width=\"200\" height=\"300\" srcset=\"http:\/\/festivalursus.com\/wp-content\/uploads\/2018\/03\/543-1-200x300.jpg 200w, http:\/\/festivalursus.com\/wp-content\/uploads\/2018\/03\/543-1-768x1152.jpg 768w, http:\/\/festivalursus.com\/wp-content\/uploads\/2018\/03\/543-1-683x1024.jpg 683w, http:\/\/festivalursus.com\/wp-content\/uploads\/2018\/03\/543-1-1140x1710.jpg 1140w, http:\/\/festivalursus.com\/wp-content\/uploads\/2018\/03\/543-1-552x828.jpg 552w, http:\/\/festivalursus.com\/wp-content\/uploads\/2018\/03\/543-1.jpg 1365w\" sizes=\"(max-width: 200px) 100vw, 200px\" \/><\/a><\/p>\n<p>&nbsp;<\/p>\n<p>Harmonikar in komponist Jure Tori igra melodije, ki di\u0161ijo po vinu in zemlji in se\u017eejo vse do Panonske ni\u017eine, Mediterana, oplazijo Alpe in Balkan. Tori je senzibilen ustvarjalec \u010dudovitih glasbenih vzdu\u0161ij, edinstvenega glasbenega sloga in karizmati\u010dnega izraza.<br \/>\nJure Tori igra zgodbe v svojem lastnem dialektu. Igra nizko in visoko, od rudni\u0161kih rovov pod zemljo do 2000 metrov visoko v Alpah. Tiho in intimno, solo na harmoniko ob kru\u0161ni pe\u010di pa tudi glasno s svojo folk punk skupino Orlek na velikih odrih. Predvsem pa vselej melodi\u010dno ter prijetno za uho.<br \/>\nNjegove pesmi izhajajo v u\u010dbenikih za harmoniko, njegova glasba pa je prisotna tudi v animacijah Du\u0161ana Kastelica, filmih Metoda Pevca ter raznih dokumentarnih oddajah v Sloveniji in Avstriji.<br \/>\nZ avtorskim delom izra\u017ea svojo osebnost. V\u010dasih na \u0161aljiv, drugi\u010d resen na\u010din igra svoje travme in radosti \u017eivljenja. To je najla\u017eja pot, da se skrije ali zbe\u017ei v svoj svet.<br \/>\nV svoje projekte vklju\u010duje glasbenike z vsega sveta &#8211; Avstrije, Italije, Kube, Argentine, Indije, \u010ce\u0161ke \u2013 ter z njimi redno nastopa.<br \/>\nUstvaril je nekaj svojih skupin, kot so Tori Tango, Tori Trio, Jurski par, Tori Story, Orlek, Flora &amp; Paris \u2026<\/p>\n<p>Med drugim je nastopal v New Yorku (CBGB), Sydneju (FOX filmski studiji), Pekingu, Buenos Airesu, Moskvi, Londonu, Parizu, Pragi, Bratislavi, Dunaju (Porgy &amp; Bess, Folks Theatre), Sao Paolu, Montevideu, Milanu, Zagrebu, Ljubljani, ruskem Tveru (Filharmonija) \u2026 Igral je v parlamentih v Bruslju, na Dunaju in v Ljubljani.<\/p>\n","protected":false},"excerpt":{"rendered":"<p class=\"post-excerpt\">&nbsp; Harmonikar in komponist Jure Tori igra melodije, ki di\u0161ijo po vinu in zemlji in se\u017eejo vse do Panonske ni\u017eine,&#8230;<\/p>\n","protected":false},"author":1,"featured_media":0,"parent":0,"menu_order":0,"comment_status":"closed","ping_status":"closed","template":"","meta":[],"_links":{"self":[{"href":"http:\/\/festivalursus.com\/index.php?rest_route=\/wp\/v2\/pages\/2154"}],"collection":[{"href":"http:\/\/festivalursus.com\/index.php?rest_route=\/wp\/v2\/pages"}],"about":[{"href":"http:\/\/festivalursus.com\/index.php?rest_route=\/wp\/v2\/types\/page"}],"author":[{"embeddable":true,"href":"http:\/\/festivalursus.com\/index.php?rest_route=\/wp\/v2\/users\/1"}],"replies":[{"embeddable":true,"href":"http:\/\/festivalursus.com\/index.php?rest_route=%2Fwp%2Fv2%2Fcomments&post=2154"}],"version-history":[{"count":2,"href":"http:\/\/festivalursus.com\/index.php?rest_route=\/wp\/v2\/pages\/2154\/revisions"}],"predecessor-version":[{"id":2163,"href":"http:\/\/festivalursus.com\/index.php?rest_route=\/wp\/v2\/pages\/2154\/revisions\/2163"}],"wp:attachment":[{"href":"http:\/\/festivalursus.com\/index.php?rest_route=%2Fwp%2Fv2%2Fmedia&parent=2154"}],"curies":[{"name":"wp","href":"https:\/\/api.w.org\/{rel}","templated":true}]}}