{"id":2168,"date":"2018-03-30T15:14:36","date_gmt":"2018-03-30T15:14:36","guid":{"rendered":"http:\/\/festivalursus.com\/?page_id=2168"},"modified":"2018-04-03T10:50:20","modified_gmt":"2018-04-03T10:50:20","slug":"marina-panova","status":"publish","type":"page","link":"http:\/\/festivalursus.com\/?page_id=2168&lang=sl","title":{"rendered":"Marina Panova"},"content":{"rendered":"<p><a href=\"http:\/\/festivalursus.com\/wp-content\/uploads\/2018\/03\/Marina-1.jpg\" target=\"_blank\" rel=\"noopener noreferrer\"><img decoding=\"async\" loading=\"lazy\" class=\"aligncenter wp-image-2169 size-medium\" src=\"http:\/\/festivalursus.com\/wp-content\/uploads\/2018\/03\/Marina-1-225x300.jpg\" alt=\"\" width=\"225\" height=\"300\" srcset=\"http:\/\/festivalursus.com\/wp-content\/uploads\/2018\/03\/Marina-1-225x300.jpg 225w, http:\/\/festivalursus.com\/wp-content\/uploads\/2018\/03\/Marina-1-768x1024.jpg 768w, http:\/\/festivalursus.com\/wp-content\/uploads\/2018\/03\/Marina-1-1140x1520.jpg 1140w, http:\/\/festivalursus.com\/wp-content\/uploads\/2018\/03\/Marina-1-552x736.jpg 552w, http:\/\/festivalursus.com\/wp-content\/uploads\/2018\/03\/Marina-1.jpg 1536w\" sizes=\"(max-width: 225px) 100vw, 225px\" \/><\/a><\/p>\n<p>&nbsp;<\/p>\n<p>Marina Panova je rojena leta 1991 v Ekaterinburgu v Rusiji. Leta 2009 je z odliko diplomirala na Specijalni glasbeni \u0161oli in Uralski glasbeni \u0161oli, leta 2014 pa na Uralskem konservatoriju. Klavir je \u0161tudirala z prof. Natalijo Panko.<br \/>\nMed leti \u0161tudija je postala zmagovalka in nagrajenja na nacionalnih in mednarodnih tekmovanjih, kot so Uralska komorna zbornica (Rusija), Mednarodno pianisti\u010dno tekmovanja Adilia Alieva (Francija). Marina Panova se je udele\u017eila mojstrskih te\u010dajev z Mikhailom Khokhlovom (Rusija), Denisom Matsuevim (Rusija), Sergejem Glavatskim (Rusija), Evgenijem Levitanom (Rusija), Nataljo Savinovo (Rusija), Viktorjem Yampolskim (Rusija), Borisom Andrianovim (Rusija), Adilio Alievo\u00a0(Francija \/ \u0160vica), Denisom Severinom (\u0160vica), Milano Chernyavskajo (Avstrija), Igorjem Gryshynom (Nem\u010dija), Nino Tichman (Nem\u010dija), Eliano Reyes (Francija) in Nicolasom Bacrijem (Francija).<br \/>\nMarina redno koncertira po Rusiji in Evropi.<br \/>\n2010-2014 je bila korepetitor na Uralskem konservatoriju M.P.Musorgsky in glasbenik&amp;u\u010ditelj otro\u0161ke filharmonije (Ekaterinburg).<br \/>\nMarina je \u0161tudentka na Hochschule f\u00fcr Musik &#8220;Hanns Eisler&#8221; v Berlinu (razred prof. Gabriele Kupfernagel) in pou\u010duje klavir na nacionalni glasbeni \u0161oli &#8220;Friedrichshain-Kreuzberg&#8221; v Berlinu.<\/p>\n","protected":false},"excerpt":{"rendered":"<p class=\"post-excerpt\">&nbsp; Marina Panova je rojena leta 1991 v Ekaterinburgu v Rusiji. Leta 2009 je z odliko diplomirala na Specijalni glasbeni&#8230;<\/p>\n","protected":false},"author":1,"featured_media":0,"parent":0,"menu_order":0,"comment_status":"closed","ping_status":"closed","template":"","meta":[],"_links":{"self":[{"href":"http:\/\/festivalursus.com\/index.php?rest_route=\/wp\/v2\/pages\/2168"}],"collection":[{"href":"http:\/\/festivalursus.com\/index.php?rest_route=\/wp\/v2\/pages"}],"about":[{"href":"http:\/\/festivalursus.com\/index.php?rest_route=\/wp\/v2\/types\/page"}],"author":[{"embeddable":true,"href":"http:\/\/festivalursus.com\/index.php?rest_route=\/wp\/v2\/users\/1"}],"replies":[{"embeddable":true,"href":"http:\/\/festivalursus.com\/index.php?rest_route=%2Fwp%2Fv2%2Fcomments&post=2168"}],"version-history":[{"count":3,"href":"http:\/\/festivalursus.com\/index.php?rest_route=\/wp\/v2\/pages\/2168\/revisions"}],"predecessor-version":[{"id":2460,"href":"http:\/\/festivalursus.com\/index.php?rest_route=\/wp\/v2\/pages\/2168\/revisions\/2460"}],"wp:attachment":[{"href":"http:\/\/festivalursus.com\/index.php?rest_route=%2Fwp%2Fv2%2Fmedia&parent=2168"}],"curies":[{"name":"wp","href":"https:\/\/api.w.org\/{rel}","templated":true}]}}