{"id":2180,"date":"2018-03-30T15:11:08","date_gmt":"2018-03-30T15:11:08","guid":{"rendered":"http:\/\/festivalursus.com\/?page_id=2180"},"modified":"2018-08-12T15:31:31","modified_gmt":"2018-08-12T15:31:31","slug":"andrej-zust","status":"publish","type":"page","link":"http:\/\/festivalursus.com\/?page_id=2180&lang=sl","title":{"rendered":"Susanna G\u00e4rtner"},"content":{"rendered":"<p><a href=\"http:\/\/festivalursus.com\/wp-content\/uploads\/2018\/07\/IMG_3939.jpg\" target=\"_blank\" rel=\"noopener\"><img decoding=\"async\" loading=\"lazy\" class=\"aligncenter wp-image-2522 size-medium\" src=\"http:\/\/festivalursus.com\/wp-content\/uploads\/2018\/07\/IMG_3939-300x201.jpg\" alt=\"\" width=\"300\" height=\"201\" srcset=\"http:\/\/festivalursus.com\/wp-content\/uploads\/2018\/07\/IMG_3939-300x201.jpg 300w, http:\/\/festivalursus.com\/wp-content\/uploads\/2018\/07\/IMG_3939-768x514.jpg 768w, http:\/\/festivalursus.com\/wp-content\/uploads\/2018\/07\/IMG_3939-1024x685.jpg 1024w, http:\/\/festivalursus.com\/wp-content\/uploads\/2018\/07\/IMG_3939-1140x762.jpg 1140w, http:\/\/festivalursus.com\/wp-content\/uploads\/2018\/07\/IMG_3939-552x369.jpg 552w, http:\/\/festivalursus.com\/wp-content\/uploads\/2018\/07\/IMG_3939.jpg 1600w\" sizes=\"(max-width: 300px) 100vw, 300px\" \/><\/a><\/p>\n<p>&nbsp;<\/p>\n<p>Susanna G\u00e4rtner se je rodila leta 1993 v Nem\u010diji. Na Univerzi za glasbo v N\u00fcrnbergu je za\u010dela \u0161tudirati leta 2011, leta 2015 pa je diplomirala na Univerzi Mozarteum v\u00a0 Salzburgu pri profesorju Hansj\u00f6rgu Angererju. Med \u0161tudijem je sodelovala na programu izmenjave Erasmus na Kraljevi akademiji za glasbo v Londonu (profesorji Timothy Jones, Nigel Black in Simon Rayner). Trenutno opravlja magistrski \u0161tudij na Mozarteumu v Salzburgu, kjer \u0161e dodatno predava kot asistentka.<br \/>\nOrkestralne izku\u0161nje je dobila v ve\u010d orkestrih, kot so Mozarteum Orchestra Salzburg, Orchestra Gut Immling, Bl\u00e4serphilharmonie Salzburg in Bad Reichenhall Philharmonic Orchestra.<br \/>\nKot komorni glasbenik je nastopila pri Ensemble 1756, Salzburger Hofmusik, poleg tega je posnela ve\u010d posnetkov s prof. Wenzlom Fuchsom, prof. Benjaminom Schmidom, prof. Christine Hook in prof. Hansj\u00f6rgom Angererjem.<br \/>\nMed \u0161tudijem je obiskovala mojstrske te\u010daje s Sarah Willis (Berlinski filharmoni\u010dni orkester), Stefanom Dohrjem (Berlinski filharmoni\u010dni orkester), Johannesom Denglerjem (Bayerische Staatsoper), Tommijem Hyytinenom (Finski radijski simfoni\u010dni orkester) in Froydis Ree Weckre (International Society of Rogers).<\/p>\n","protected":false},"excerpt":{"rendered":"<p class=\"post-excerpt\">&nbsp; Susanna G\u00e4rtner se je rodila leta 1993 v Nem\u010diji. Na Univerzi za glasbo v N\u00fcrnbergu je za\u010dela \u0161tudirati leta&#8230;<\/p>\n","protected":false},"author":1,"featured_media":0,"parent":0,"menu_order":0,"comment_status":"closed","ping_status":"closed","template":"","meta":[],"_links":{"self":[{"href":"http:\/\/festivalursus.com\/index.php?rest_route=\/wp\/v2\/pages\/2180"}],"collection":[{"href":"http:\/\/festivalursus.com\/index.php?rest_route=\/wp\/v2\/pages"}],"about":[{"href":"http:\/\/festivalursus.com\/index.php?rest_route=\/wp\/v2\/types\/page"}],"author":[{"embeddable":true,"href":"http:\/\/festivalursus.com\/index.php?rest_route=\/wp\/v2\/users\/1"}],"replies":[{"embeddable":true,"href":"http:\/\/festivalursus.com\/index.php?rest_route=%2Fwp%2Fv2%2Fcomments&post=2180"}],"version-history":[{"count":6,"href":"http:\/\/festivalursus.com\/index.php?rest_route=\/wp\/v2\/pages\/2180\/revisions"}],"predecessor-version":[{"id":2531,"href":"http:\/\/festivalursus.com\/index.php?rest_route=\/wp\/v2\/pages\/2180\/revisions\/2531"}],"wp:attachment":[{"href":"http:\/\/festivalursus.com\/index.php?rest_route=%2Fwp%2Fv2%2Fmedia&parent=2180"}],"curies":[{"name":"wp","href":"https:\/\/api.w.org\/{rel}","templated":true}]}}