{"id":2372,"date":"2018-04-01T11:54:50","date_gmt":"2018-04-01T11:54:50","guid":{"rendered":"http:\/\/festivalursus.com\/?page_id=2372"},"modified":"2018-12-29T19:30:42","modified_gmt":"2018-12-29T19:30:42","slug":"rusi%d1%8f","status":"publish","type":"page","link":"http:\/\/festivalursus.com\/?page_id=2372&lang=sl","title":{"rendered":"Rusi\u042f"},"content":{"rendered":"<p><a href=\"http:\/\/festivalursus.com\/wp-content\/uploads\/2018\/04\/trees.jpg\" target=\"_blank\" rel=\"noopener\"><img decoding=\"async\" loading=\"lazy\" class=\"aligncenter wp-image-2492 size-large\" src=\"http:\/\/festivalursus.com\/wp-content\/uploads\/2018\/04\/trees-1024x578.jpg\" alt=\"\" width=\"700\" height=\"395\" srcset=\"http:\/\/festivalursus.com\/wp-content\/uploads\/2018\/04\/trees-1024x578.jpg 1024w, http:\/\/festivalursus.com\/wp-content\/uploads\/2018\/04\/trees-300x169.jpg 300w, http:\/\/festivalursus.com\/wp-content\/uploads\/2018\/04\/trees-768x434.jpg 768w, http:\/\/festivalursus.com\/wp-content\/uploads\/2018\/04\/trees-1140x644.jpg 1140w, http:\/\/festivalursus.com\/wp-content\/uploads\/2018\/04\/trees-552x312.jpg 552w, http:\/\/festivalursus.com\/wp-content\/uploads\/2018\/04\/trees.jpg 1328w\" sizes=\"(max-width: 700px) 100vw, 700px\" \/><\/a><\/p>\n<p><iframe loading=\"lazy\" width=\"700\" height=\"394\" src=\"https:\/\/www.youtube.com\/embed\/dgl79xeDcf4?feature=oembed\" frameborder=\"0\" allow=\"accelerometer; autoplay; encrypted-media; gyroscope; picture-in-picture\" allowfullscreen><\/iframe><\/p>\n<p>Neskon\u010dne ruske poljane, romantika in tragika Tolstojevih romanov, ljudske pesmi in plesi, pravoslavni korali in zvonovi, junaki in bogovi starodavnih slovanskih mitov, banalnost in komi\u010dnost, fantazija in kruta realnost \u017eivljenja&#8230; Vse to je mogo\u010de vzbuditi ter sli\u0161ati v glasbi Rubinsteina in Rimski-Korsakova.<\/p>\n<p>Anton Grigorjevi\u010d Rubin\u0161tein, ustanovitelj St. Petersbur\u0161kega konservatorija in u\u010ditelj \u010cajkovskega, je bil eden najve\u010djih pianistov 19. stoletja, poleg tega pa tudi zelo dejaven skladatelj. Pisal je opere, simfonije, koncerte in komorno glasbo.<\/p>\n<p>Nikolaj Andrejevi\u010d Rimski-Korsakov ve\u010dinoma znan po svoji \u010dudoviti &#8220;\u0160eherezadi&#8221; je bil \u010dlan &#8220;Ruske peterke&#8221;, skupine skladateljev katerih namen je bil oblikovanje nacionalnega sloga klasi\u010dne glasbe.<\/p>\n<p>&nbsp;<\/p>\n<p>Izvajalci:<\/p>\n<p><a href=\"http:\/\/festivalursus.com\/?page_id=2168&amp;lang=sl\" target=\"_blank\" rel=\"noopener\">Marina Panova, klavir<\/a><\/p>\n<p><a href=\"http:\/\/festivalursus.com\/?page_id=2389&amp;lang=sl\" target=\"_blank\" rel=\"noopener\">Marko Zupan, flavta<\/a><\/p>\n<p><a href=\"http:\/\/festivalursus.com\/?page_id=2186&amp;lang=sl\" target=\"_blank\" rel=\"noopener\">Toma\u017e Mo\u010dilnik, klarinet<\/a><\/p>\n<p><a href=\"http:\/\/festivalursus.com\/?page_id=2192&amp;lang=sl\" target=\"_blank\" rel=\"noopener\">Miriam Kofler, fagot<\/a><\/p>\n<p><a href=\"http:\/\/festivalursus.com\/?page_id=2180&amp;lang=sl\" target=\"_blank\" rel=\"noopener\">Susanna G\u00e4rtner, rog<\/a><\/p>\n<p>&nbsp;<\/p>\n<p>Koncert se je odvil v petek, 17. avgusta 2018, ob 19h na doma\u010diji Medved v Podkumu<\/p>\n","protected":false},"excerpt":{"rendered":"<p class=\"post-excerpt\">Neskon\u010dne ruske poljane, romantika in tragika Tolstojevih romanov, ljudske pesmi in plesi, pravoslavni korali in zvonovi, junaki in bogovi starodavnih&#8230;<\/p>\n","protected":false},"author":1,"featured_media":0,"parent":0,"menu_order":0,"comment_status":"closed","ping_status":"closed","template":"","meta":[],"_links":{"self":[{"href":"http:\/\/festivalursus.com\/index.php?rest_route=\/wp\/v2\/pages\/2372"}],"collection":[{"href":"http:\/\/festivalursus.com\/index.php?rest_route=\/wp\/v2\/pages"}],"about":[{"href":"http:\/\/festivalursus.com\/index.php?rest_route=\/wp\/v2\/types\/page"}],"author":[{"embeddable":true,"href":"http:\/\/festivalursus.com\/index.php?rest_route=\/wp\/v2\/users\/1"}],"replies":[{"embeddable":true,"href":"http:\/\/festivalursus.com\/index.php?rest_route=%2Fwp%2Fv2%2Fcomments&post=2372"}],"version-history":[{"count":14,"href":"http:\/\/festivalursus.com\/index.php?rest_route=\/wp\/v2\/pages\/2372\/revisions"}],"predecessor-version":[{"id":2583,"href":"http:\/\/festivalursus.com\/index.php?rest_route=\/wp\/v2\/pages\/2372\/revisions\/2583"}],"wp:attachment":[{"href":"http:\/\/festivalursus.com\/index.php?rest_route=%2Fwp%2Fv2%2Fmedia&parent=2372"}],"curies":[{"name":"wp","href":"https:\/\/api.w.org\/{rel}","templated":true}]}}