{"id":2377,"date":"2018-04-01T09:39:46","date_gmt":"2018-04-01T09:39:46","guid":{"rendered":"http:\/\/festivalursus.com\/?page_id=2377"},"modified":"2018-12-29T19:29:22","modified_gmt":"2018-12-29T19:29:22","slug":"simfonija-remix","status":"publish","type":"page","link":"http:\/\/festivalursus.com\/?page_id=2377&lang=sl","title":{"rendered":"Simfonija Remix"},"content":{"rendered":"<p><a href=\"http:\/\/festivalursus.com\/wp-content\/uploads\/2018\/04\/mozart.jpg\" target=\"_blank\" rel=\"noopener\"><img decoding=\"async\" loading=\"lazy\" class=\"alignnone wp-image-2425 size-medium\" src=\"http:\/\/festivalursus.com\/wp-content\/uploads\/2018\/04\/mozart-225x300.jpg\" alt=\"\" width=\"225\" height=\"300\" srcset=\"http:\/\/festivalursus.com\/wp-content\/uploads\/2018\/04\/mozart-225x300.jpg 225w, http:\/\/festivalursus.com\/wp-content\/uploads\/2018\/04\/mozart-768x1023.jpg 768w, http:\/\/festivalursus.com\/wp-content\/uploads\/2018\/04\/mozart-769x1024.jpg 769w, http:\/\/festivalursus.com\/wp-content\/uploads\/2018\/04\/mozart-552x735.jpg 552w, http:\/\/festivalursus.com\/wp-content\/uploads\/2018\/04\/mozart.jpg 817w\" sizes=\"(max-width: 225px) 100vw, 225px\" \/><\/a><a href=\"http:\/\/festivalursus.com\/wp-content\/uploads\/2018\/04\/hummel.jpg\" target=\"_blank\" rel=\"noopener\"><img decoding=\"async\" loading=\"lazy\" class=\"alignnone wp-image-2426 size-medium\" src=\"http:\/\/festivalursus.com\/wp-content\/uploads\/2018\/04\/hummel-225x300.jpg\" alt=\"\" width=\"225\" height=\"300\" srcset=\"http:\/\/festivalursus.com\/wp-content\/uploads\/2018\/04\/hummel-225x300.jpg 225w, http:\/\/festivalursus.com\/wp-content\/uploads\/2018\/04\/hummel-768x1024.jpg 768w, http:\/\/festivalursus.com\/wp-content\/uploads\/2018\/04\/hummel-1140x1519.jpg 1140w, http:\/\/festivalursus.com\/wp-content\/uploads\/2018\/04\/hummel-552x736.jpg 552w, http:\/\/festivalursus.com\/wp-content\/uploads\/2018\/04\/hummel.jpg 1500w\" sizes=\"(max-width: 225px) 100vw, 225px\" \/><\/a><a href=\"http:\/\/festivalursus.com\/wp-content\/uploads\/2018\/04\/beethoven.jpg\" target=\"_blank\" rel=\"noopener\"><img decoding=\"async\" loading=\"lazy\" class=\"alignnone wp-image-2427 size-medium\" src=\"http:\/\/festivalursus.com\/wp-content\/uploads\/2018\/04\/beethoven-225x300.jpg\" alt=\"\" width=\"225\" height=\"300\" srcset=\"http:\/\/festivalursus.com\/wp-content\/uploads\/2018\/04\/beethoven-225x300.jpg 225w, http:\/\/festivalursus.com\/wp-content\/uploads\/2018\/04\/beethoven-768x1024.jpg 768w, http:\/\/festivalursus.com\/wp-content\/uploads\/2018\/04\/beethoven-552x736.jpg 552w, http:\/\/festivalursus.com\/wp-content\/uploads\/2018\/04\/beethoven.jpg 1136w\" sizes=\"(max-width: 225px) 100vw, 225px\" \/><\/a><\/p>\n<p>(Mozart-Hummel-Beethoven)<\/p>\n<p><iframe loading=\"lazy\" width=\"700\" height=\"394\" src=\"https:\/\/www.youtube.com\/embed\/Vy2xhJ0IA1k?feature=oembed\" frameborder=\"0\" allow=\"accelerometer; autoplay; encrypted-media; gyroscope; picture-in-picture\" allowfullscreen><\/iframe><\/p>\n<p>V novi lu\u010di: Hummlovi komorni aran\u017emaji Mozartovih in Beethovnovih simfonij<\/p>\n<p>Johann Nepomuk Hummel (1778-1837), pomemben pianist in skladatelj poznega klasi\u010dnega obdobja, ni bil znan le po svojih solisti\u010dnih kompozicijah, temve\u010d tudi po svoji komorni glasboi ter aran\u017emajih simfonij, koncertov in opernih uvertur. Naredil je pribli\u017eno petdeset tak\u0161nih transkripcij, ki so bile namenjene za izvedbo na t.i. hi\u0161nih koncertih. Tokratni program bo vklju\u010deval Mozartovo\u00a0Simfonijo \u0161t. 38 v D-duru, K. 504, &#8220;Pra\u0161ka&#8221; ter Beethovnovo\u00a0 Simfonijo \u0161t.1 v c-molu, op. 21. Oba skladatelja sta imela velik vpliv na Hummela &#8211; Mozart je bil njegov u\u010ditelj, Beethoven njegov dober prijatelj.<\/p>\n<p>&nbsp;<\/p>\n<p>Izvajalci:<\/p>\n<p><a href=\"http:\/\/festivalursus.com\/?page_id=2174&amp;lang=sl\" target=\"_blank\" rel=\"noopener\">Marina Minkin, klavir<\/a><\/p>\n<p><a href=\"http:\/\/festivalursus.com\/?page_id=2389&amp;lang=sl\" target=\"_blank\" rel=\"noopener\">Marko Zupan, flavta<\/a><\/p>\n<p><a href=\"http:\/\/festivalursus.com\/?page_id=2256&amp;lang=sl\" target=\"_blank\" rel=\"noopener\">Evgenia Epshtein, violina<\/a><\/p>\n<p><a href=\"http:\/\/festivalursus.com\/?page_id=2205&amp;lang=sl\" target=\"_blank\" rel=\"noopener\">Giorgio Matteoli, violon\u010delo<\/a><\/p>\n<p>&nbsp;<\/p>\n<p>Koncert se je odvil v petek, 10. avgusta 2018, ob 19h na doma\u010diji Medved v Podkumu<\/p>\n<p>&nbsp;<\/p>\n","protected":false},"excerpt":{"rendered":"<p class=\"post-excerpt\">(Mozart-Hummel-Beethoven) V novi lu\u010di: Hummlovi komorni aran\u017emaji Mozartovih in Beethovnovih simfonij Johann Nepomuk Hummel (1778-1837), pomemben pianist in skladatelj poznega&#8230;<\/p>\n","protected":false},"author":1,"featured_media":0,"parent":0,"menu_order":0,"comment_status":"closed","ping_status":"closed","template":"","meta":[],"_links":{"self":[{"href":"http:\/\/festivalursus.com\/index.php?rest_route=\/wp\/v2\/pages\/2377"}],"collection":[{"href":"http:\/\/festivalursus.com\/index.php?rest_route=\/wp\/v2\/pages"}],"about":[{"href":"http:\/\/festivalursus.com\/index.php?rest_route=\/wp\/v2\/types\/page"}],"author":[{"embeddable":true,"href":"http:\/\/festivalursus.com\/index.php?rest_route=\/wp\/v2\/users\/1"}],"replies":[{"embeddable":true,"href":"http:\/\/festivalursus.com\/index.php?rest_route=%2Fwp%2Fv2%2Fcomments&post=2377"}],"version-history":[{"count":16,"href":"http:\/\/festivalursus.com\/index.php?rest_route=\/wp\/v2\/pages\/2377\/revisions"}],"predecessor-version":[{"id":2581,"href":"http:\/\/festivalursus.com\/index.php?rest_route=\/wp\/v2\/pages\/2377\/revisions\/2581"}],"wp:attachment":[{"href":"http:\/\/festivalursus.com\/index.php?rest_route=%2Fwp%2Fv2%2Fmedia&parent=2377"}],"curies":[{"name":"wp","href":"https:\/\/api.w.org\/{rel}","templated":true}]}}