{"id":2382,"date":"2018-04-01T12:02:13","date_gmt":"2018-04-01T12:02:13","guid":{"rendered":"http:\/\/festivalursus.com\/?page_id=2382"},"modified":"2018-12-29T19:32:28","modified_gmt":"2018-12-29T19:32:28","slug":"slovenski-impro","status":"publish","type":"page","link":"http:\/\/festivalursus.com\/?page_id=2382&lang=sl","title":{"rendered":"sLOVEnski Impro"},"content":{"rendered":"<p><iframe loading=\"lazy\" width=\"700\" height=\"394\" src=\"https:\/\/www.youtube.com\/embed\/-jUTmhP7SwM?feature=oembed\" frameborder=\"0\" allow=\"accelerometer; autoplay; encrypted-media; gyroscope; picture-in-picture\" allowfullscreen><\/iframe><\/p>\n<p>&nbsp;<\/p>\n<p>Priznani slovenski glasbeniki s skupnim navdihom ustvarjajo unikatno prosto improvizacijo, v kateri se me\u0161ajo vplivi klasike, minimalizma, bluesa, raznih etno stilov, oto\u017eno ne\u017enega zvoka zagorskega melosa&#8230; Kompozicije se rojevajo spontano na odru. Tako postane koncert hkrati proces ustvarjanja in poustvarjanja, poizkus ujetja trenutka tako za ustvarjalce kot tudi za publiko.<\/p>\n<p>Konec januarja je iz\u0161el njihov prvi CD posnet v \u017eivo s koncerta v klubu KGB v Mariboru.<\/p>\n<p>&nbsp;<\/p>\n<p>Izvajalci:<\/p>\n<p><a href=\"http:\/\/festivalursus.com\/?page_id=2159&amp;lang=sl\" target=\"_blank\" rel=\"noopener\">Tina Mauko, klaviature<\/a><\/p>\n<p><a href=\"http:\/\/festivalursus.com\/?page_id=2154&amp;lang=sl\" target=\"_blank\" rel=\"noopener\">Jure Tori, harmonika<\/a><\/p>\n<p><a href=\"http:\/\/festivalursus.com\/?page_id=2389&amp;lang=sl\" target=\"_blank\" rel=\"noopener\">Marko Zupan, flavta<\/a><\/p>\n<p>&nbsp;<\/p>\n<p>Koncert se je odvil v petek, 20. julija 2018, ob 19h na doma\u010diji Medved v Podkumu<\/p>\n","protected":false},"excerpt":{"rendered":"<p class=\"post-excerpt\">&nbsp; Priznani slovenski glasbeniki s skupnim navdihom ustvarjajo unikatno prosto improvizacijo, v kateri se me\u0161ajo vplivi klasike, minimalizma, bluesa, raznih&#8230;<\/p>\n","protected":false},"author":1,"featured_media":0,"parent":0,"menu_order":0,"comment_status":"closed","ping_status":"closed","template":"","meta":[],"_links":{"self":[{"href":"http:\/\/festivalursus.com\/index.php?rest_route=\/wp\/v2\/pages\/2382"}],"collection":[{"href":"http:\/\/festivalursus.com\/index.php?rest_route=\/wp\/v2\/pages"}],"about":[{"href":"http:\/\/festivalursus.com\/index.php?rest_route=\/wp\/v2\/types\/page"}],"author":[{"embeddable":true,"href":"http:\/\/festivalursus.com\/index.php?rest_route=\/wp\/v2\/users\/1"}],"replies":[{"embeddable":true,"href":"http:\/\/festivalursus.com\/index.php?rest_route=%2Fwp%2Fv2%2Fcomments&post=2382"}],"version-history":[{"count":9,"href":"http:\/\/festivalursus.com\/index.php?rest_route=\/wp\/v2\/pages\/2382\/revisions"}],"predecessor-version":[{"id":2585,"href":"http:\/\/festivalursus.com\/index.php?rest_route=\/wp\/v2\/pages\/2382\/revisions\/2585"}],"wp:attachment":[{"href":"http:\/\/festivalursus.com\/index.php?rest_route=%2Fwp%2Fv2%2Fmedia&parent=2382"}],"curies":[{"name":"wp","href":"https:\/\/api.w.org\/{rel}","templated":true}]}}