{"id":247,"date":"2016-05-13T20:28:24","date_gmt":"2016-05-13T20:28:24","guid":{"rendered":"http:\/\/festivalursus.com\/?page_id=247"},"modified":"2016-10-03T22:21:41","modified_gmt":"2016-10-03T22:21:41","slug":"schuberts-mullerin","status":"publish","type":"page","link":"http:\/\/festivalursus.com\/?page_id=247&lang=en","title":{"rendered":"Schubert&#8217;s M\u00fcllerin"},"content":{"rendered":"<p>on the 19th of August 2016 at the <a href=\"http:\/\/festivalursus.com\/?page_id=1322&amp;lang=en\" target=\"_blank\">Homestead Medved<\/a> in Podkum<\/p>\n<p><a href=\"http:\/\/festivalursus.com\/wp-content\/uploads\/2016\/05\/14068391_1058553317575966_4622324585164243485_o.jpg\" target=\"_blank\"><img decoding=\"async\" loading=\"lazy\" class=\"aligncenter wp-image-1620 size-large\" src=\"http:\/\/festivalursus.com\/wp-content\/uploads\/2016\/05\/14068391_1058553317575966_4622324585164243485_o-1024x791.jpg\" alt=\"14068391_1058553317575966_4622324585164243485_o\" width=\"700\" height=\"541\" srcset=\"http:\/\/festivalursus.com\/wp-content\/uploads\/2016\/05\/14068391_1058553317575966_4622324585164243485_o-1024x791.jpg 1024w, http:\/\/festivalursus.com\/wp-content\/uploads\/2016\/05\/14068391_1058553317575966_4622324585164243485_o-300x232.jpg 300w, http:\/\/festivalursus.com\/wp-content\/uploads\/2016\/05\/14068391_1058553317575966_4622324585164243485_o-768x593.jpg 768w, http:\/\/festivalursus.com\/wp-content\/uploads\/2016\/05\/14068391_1058553317575966_4622324585164243485_o-1140x881.jpg 1140w, http:\/\/festivalursus.com\/wp-content\/uploads\/2016\/05\/14068391_1058553317575966_4622324585164243485_o-552x426.jpg 552w, http:\/\/festivalursus.com\/wp-content\/uploads\/2016\/05\/14068391_1058553317575966_4622324585164243485_o.jpg 2048w\" sizes=\"(max-width: 700px) 100vw, 700px\" \/><\/a><\/p>\n<p>Love, freedom, hope, jealousy, dispair, death, peace&#8230; The emotional palette of Wilhelm M\u00fcller&#8217;s song cycle Die Sch\u00f6ne M\u00fcllerin enabled Schubert\u00b4s compositional genius to fully express his romantic nature. We experienced it by young performers, a German tenor <a href=\"http:\/\/festivalursus.com\/?page_id=396&amp;lang=en\" target=\"_blank\">Alexander H\u00fcttner<\/a> and a Serbian pianist <a href=\"http:\/\/festivalursus.com\/?page_id=398&amp;lang=en\" target=\"_blank\">Minka Popovi\u0107 Ganev<\/a>.<\/p>\n<p>&nbsp;<\/p>\n<p><iframe loading=\"lazy\" width=\"700\" height=\"394\" src=\"https:\/\/www.youtube.com\/embed\/WHDaYERgBEI?feature=oembed\" frameborder=\"0\" allowfullscreen><\/iframe><\/p>\n<p><a href=\"http:\/\/festivalursus.com\/wp-content\/uploads\/2016\/05\/1-13.jpg\" target=\"_blank\"><img decoding=\"async\" loading=\"lazy\" class=\"alignnone wp-image-1682 size-medium\" src=\"http:\/\/festivalursus.com\/wp-content\/uploads\/2016\/05\/1-13-300x169.jpg\" alt=\"1\" width=\"300\" height=\"169\" srcset=\"http:\/\/festivalursus.com\/wp-content\/uploads\/2016\/05\/1-13-300x169.jpg 300w, http:\/\/festivalursus.com\/wp-content\/uploads\/2016\/05\/1-13-768x432.jpg 768w, http:\/\/festivalursus.com\/wp-content\/uploads\/2016\/05\/1-13-552x311.jpg 552w, http:\/\/festivalursus.com\/wp-content\/uploads\/2016\/05\/1-13.jpg 960w\" sizes=\"(max-width: 300px) 100vw, 300px\" \/><\/a> <a href=\"http:\/\/festivalursus.com\/wp-content\/uploads\/2016\/05\/2-11.jpg\" target=\"_blank\"><img decoding=\"async\" loading=\"lazy\" class=\"alignnone wp-image-1683 size-medium\" src=\"http:\/\/festivalursus.com\/wp-content\/uploads\/2016\/05\/2-11-300x169.jpg\" alt=\"2\" width=\"300\" height=\"169\" srcset=\"http:\/\/festivalursus.com\/wp-content\/uploads\/2016\/05\/2-11-300x169.jpg 300w, http:\/\/festivalursus.com\/wp-content\/uploads\/2016\/05\/2-11-768x432.jpg 768w, http:\/\/festivalursus.com\/wp-content\/uploads\/2016\/05\/2-11-552x311.jpg 552w, http:\/\/festivalursus.com\/wp-content\/uploads\/2016\/05\/2-11.jpg 960w\" sizes=\"(max-width: 300px) 100vw, 300px\" \/><\/a> <a href=\"http:\/\/festivalursus.com\/wp-content\/uploads\/2016\/05\/3-13.jpg\" target=\"_blank\"><img decoding=\"async\" loading=\"lazy\" class=\"alignnone wp-image-1684 size-medium\" src=\"http:\/\/festivalursus.com\/wp-content\/uploads\/2016\/05\/3-13-300x169.jpg\" alt=\"3\" width=\"300\" height=\"169\" srcset=\"http:\/\/festivalursus.com\/wp-content\/uploads\/2016\/05\/3-13-300x169.jpg 300w, http:\/\/festivalursus.com\/wp-content\/uploads\/2016\/05\/3-13-768x432.jpg 768w, http:\/\/festivalursus.com\/wp-content\/uploads\/2016\/05\/3-13-552x311.jpg 552w, http:\/\/festivalursus.com\/wp-content\/uploads\/2016\/05\/3-13.jpg 960w\" sizes=\"(max-width: 300px) 100vw, 300px\" \/><\/a> <a href=\"http:\/\/festivalursus.com\/wp-content\/uploads\/2016\/05\/4-13.jpg\" target=\"_blank\"><img decoding=\"async\" loading=\"lazy\" class=\"alignnone wp-image-1685 size-medium\" src=\"http:\/\/festivalursus.com\/wp-content\/uploads\/2016\/05\/4-13-300x169.jpg\" alt=\"4\" width=\"300\" height=\"169\" srcset=\"http:\/\/festivalursus.com\/wp-content\/uploads\/2016\/05\/4-13-300x169.jpg 300w, http:\/\/festivalursus.com\/wp-content\/uploads\/2016\/05\/4-13-768x432.jpg 768w, http:\/\/festivalursus.com\/wp-content\/uploads\/2016\/05\/4-13-552x311.jpg 552w, http:\/\/festivalursus.com\/wp-content\/uploads\/2016\/05\/4-13.jpg 960w\" sizes=\"(max-width: 300px) 100vw, 300px\" \/><\/a> <a href=\"http:\/\/festivalursus.com\/wp-content\/uploads\/2016\/05\/5-13.jpg\" target=\"_blank\"><img decoding=\"async\" loading=\"lazy\" class=\"alignnone wp-image-1686 size-medium\" src=\"http:\/\/festivalursus.com\/wp-content\/uploads\/2016\/05\/5-13-300x169.jpg\" alt=\"5\" width=\"300\" height=\"169\" srcset=\"http:\/\/festivalursus.com\/wp-content\/uploads\/2016\/05\/5-13-300x169.jpg 300w, http:\/\/festivalursus.com\/wp-content\/uploads\/2016\/05\/5-13-768x432.jpg 768w, http:\/\/festivalursus.com\/wp-content\/uploads\/2016\/05\/5-13-552x311.jpg 552w, http:\/\/festivalursus.com\/wp-content\/uploads\/2016\/05\/5-13.jpg 960w\" sizes=\"(max-width: 300px) 100vw, 300px\" \/><\/a> <a href=\"http:\/\/festivalursus.com\/wp-content\/uploads\/2016\/05\/6-15.jpg\" target=\"_blank\"><img decoding=\"async\" loading=\"lazy\" class=\"alignnone wp-image-1687 size-medium\" src=\"http:\/\/festivalursus.com\/wp-content\/uploads\/2016\/05\/6-15-300x169.jpg\" alt=\"6\" width=\"300\" height=\"169\" srcset=\"http:\/\/festivalursus.com\/wp-content\/uploads\/2016\/05\/6-15-300x169.jpg 300w, http:\/\/festivalursus.com\/wp-content\/uploads\/2016\/05\/6-15-768x432.jpg 768w, http:\/\/festivalursus.com\/wp-content\/uploads\/2016\/05\/6-15-552x311.jpg 552w, http:\/\/festivalursus.com\/wp-content\/uploads\/2016\/05\/6-15.jpg 960w\" sizes=\"(max-width: 300px) 100vw, 300px\" \/><\/a> <a href=\"http:\/\/festivalursus.com\/wp-content\/uploads\/2016\/05\/7-13.jpg\" target=\"_blank\"><img decoding=\"async\" loading=\"lazy\" class=\"alignnone wp-image-1688 size-medium\" src=\"http:\/\/festivalursus.com\/wp-content\/uploads\/2016\/05\/7-13-300x169.jpg\" alt=\"7\" width=\"300\" height=\"169\" srcset=\"http:\/\/festivalursus.com\/wp-content\/uploads\/2016\/05\/7-13-300x169.jpg 300w, http:\/\/festivalursus.com\/wp-content\/uploads\/2016\/05\/7-13-768x432.jpg 768w, http:\/\/festivalursus.com\/wp-content\/uploads\/2016\/05\/7-13-552x311.jpg 552w, http:\/\/festivalursus.com\/wp-content\/uploads\/2016\/05\/7-13.jpg 960w\" sizes=\"(max-width: 300px) 100vw, 300px\" \/><\/a> <a href=\"http:\/\/festivalursus.com\/wp-content\/uploads\/2016\/05\/8-13.jpg\" target=\"_blank\"><img decoding=\"async\" loading=\"lazy\" class=\"alignnone wp-image-1689 size-medium\" src=\"http:\/\/festivalursus.com\/wp-content\/uploads\/2016\/05\/8-13-300x169.jpg\" alt=\"8\" width=\"300\" height=\"169\" srcset=\"http:\/\/festivalursus.com\/wp-content\/uploads\/2016\/05\/8-13-300x169.jpg 300w, http:\/\/festivalursus.com\/wp-content\/uploads\/2016\/05\/8-13-768x432.jpg 768w, http:\/\/festivalursus.com\/wp-content\/uploads\/2016\/05\/8-13-552x311.jpg 552w, http:\/\/festivalursus.com\/wp-content\/uploads\/2016\/05\/8-13.jpg 960w\" sizes=\"(max-width: 300px) 100vw, 300px\" \/><\/a> <a href=\"http:\/\/festivalursus.com\/wp-content\/uploads\/2016\/05\/9-13.jpg\" target=\"_blank\"><img decoding=\"async\" loading=\"lazy\" class=\"alignnone wp-image-1690 size-medium\" src=\"http:\/\/festivalursus.com\/wp-content\/uploads\/2016\/05\/9-13-300x169.jpg\" alt=\"9\" width=\"300\" height=\"169\" srcset=\"http:\/\/festivalursus.com\/wp-content\/uploads\/2016\/05\/9-13-300x169.jpg 300w, http:\/\/festivalursus.com\/wp-content\/uploads\/2016\/05\/9-13-768x432.jpg 768w, http:\/\/festivalursus.com\/wp-content\/uploads\/2016\/05\/9-13-552x311.jpg 552w, http:\/\/festivalursus.com\/wp-content\/uploads\/2016\/05\/9-13.jpg 960w\" sizes=\"(max-width: 300px) 100vw, 300px\" \/><\/a> <a href=\"http:\/\/festivalursus.com\/wp-content\/uploads\/2016\/05\/10-11.jpg\" target=\"_blank\"><img decoding=\"async\" loading=\"lazy\" class=\"alignnone wp-image-1691 size-medium\" src=\"http:\/\/festivalursus.com\/wp-content\/uploads\/2016\/05\/10-11-300x200.jpg\" alt=\"10\" width=\"300\" height=\"200\" srcset=\"http:\/\/festivalursus.com\/wp-content\/uploads\/2016\/05\/10-11-300x200.jpg 300w, http:\/\/festivalursus.com\/wp-content\/uploads\/2016\/05\/10-11-768x512.jpg 768w, http:\/\/festivalursus.com\/wp-content\/uploads\/2016\/05\/10-11-552x368.jpg 552w, http:\/\/festivalursus.com\/wp-content\/uploads\/2016\/05\/10-11.jpg 960w\" sizes=\"(max-width: 300px) 100vw, 300px\" \/><\/a> <a href=\"http:\/\/festivalursus.com\/wp-content\/uploads\/2016\/05\/11-11.jpg\" target=\"_blank\"><img decoding=\"async\" loading=\"lazy\" class=\"alignnone wp-image-1692 size-medium\" src=\"http:\/\/festivalursus.com\/wp-content\/uploads\/2016\/05\/11-11-300x188.jpg\" alt=\"11\" width=\"300\" height=\"188\" srcset=\"http:\/\/festivalursus.com\/wp-content\/uploads\/2016\/05\/11-11-300x188.jpg 300w, http:\/\/festivalursus.com\/wp-content\/uploads\/2016\/05\/11-11-768x480.jpg 768w, http:\/\/festivalursus.com\/wp-content\/uploads\/2016\/05\/11-11-1024x640.jpg 1024w, http:\/\/festivalursus.com\/wp-content\/uploads\/2016\/05\/11-11-1140x713.jpg 1140w, http:\/\/festivalursus.com\/wp-content\/uploads\/2016\/05\/11-11-552x345.jpg 552w, http:\/\/festivalursus.com\/wp-content\/uploads\/2016\/05\/11-11.jpg 1440w\" sizes=\"(max-width: 300px) 100vw, 300px\" \/><\/a> <a href=\"http:\/\/festivalursus.com\/wp-content\/uploads\/2016\/05\/12-11.jpg\" target=\"_blank\"><img decoding=\"async\" loading=\"lazy\" class=\"alignnone wp-image-1693 size-medium\" src=\"http:\/\/festivalursus.com\/wp-content\/uploads\/2016\/05\/12-11-300x188.jpg\" alt=\"12\" width=\"300\" height=\"188\" srcset=\"http:\/\/festivalursus.com\/wp-content\/uploads\/2016\/05\/12-11-300x188.jpg 300w, http:\/\/festivalursus.com\/wp-content\/uploads\/2016\/05\/12-11-768x480.jpg 768w, http:\/\/festivalursus.com\/wp-content\/uploads\/2016\/05\/12-11-1024x640.jpg 1024w, http:\/\/festivalursus.com\/wp-content\/uploads\/2016\/05\/12-11-1140x713.jpg 1140w, http:\/\/festivalursus.com\/wp-content\/uploads\/2016\/05\/12-11-552x345.jpg 552w, http:\/\/festivalursus.com\/wp-content\/uploads\/2016\/05\/12-11.jpg 1440w\" sizes=\"(max-width: 300px) 100vw, 300px\" \/><\/a> <a href=\"http:\/\/festivalursus.com\/wp-content\/uploads\/2016\/05\/13-11.jpg\" target=\"_blank\"><img decoding=\"async\" loading=\"lazy\" class=\"alignnone wp-image-1694 size-medium\" src=\"http:\/\/festivalursus.com\/wp-content\/uploads\/2016\/05\/13-11-300x200.jpg\" alt=\"13\" width=\"300\" height=\"200\" srcset=\"http:\/\/festivalursus.com\/wp-content\/uploads\/2016\/05\/13-11-300x200.jpg 300w, http:\/\/festivalursus.com\/wp-content\/uploads\/2016\/05\/13-11-768x512.jpg 768w, http:\/\/festivalursus.com\/wp-content\/uploads\/2016\/05\/13-11-552x368.jpg 552w, http:\/\/festivalursus.com\/wp-content\/uploads\/2016\/05\/13-11.jpg 960w\" sizes=\"(max-width: 300px) 100vw, 300px\" \/><\/a> <a href=\"http:\/\/festivalursus.com\/wp-content\/uploads\/2016\/05\/14-11.jpg\" target=\"_blank\"><img decoding=\"async\" loading=\"lazy\" class=\"alignnone wp-image-1695 size-medium\" src=\"http:\/\/festivalursus.com\/wp-content\/uploads\/2016\/05\/14-11-300x200.jpg\" alt=\"14\" width=\"300\" height=\"200\" srcset=\"http:\/\/festivalursus.com\/wp-content\/uploads\/2016\/05\/14-11-300x200.jpg 300w, http:\/\/festivalursus.com\/wp-content\/uploads\/2016\/05\/14-11-768x512.jpg 768w, http:\/\/festivalursus.com\/wp-content\/uploads\/2016\/05\/14-11-552x368.jpg 552w, http:\/\/festivalursus.com\/wp-content\/uploads\/2016\/05\/14-11.jpg 960w\" sizes=\"(max-width: 300px) 100vw, 300px\" \/><\/a><\/p>\n","protected":false},"excerpt":{"rendered":"<p class=\"post-excerpt\">on the 19th of August 2016 at the Homestead Medved in Podkum Love, freedom, hope, jealousy, dispair, death, peace&#8230; The&#8230;<\/p>\n","protected":false},"author":1,"featured_media":0,"parent":0,"menu_order":0,"comment_status":"closed","ping_status":"closed","template":"","meta":[],"_links":{"self":[{"href":"http:\/\/festivalursus.com\/index.php?rest_route=\/wp\/v2\/pages\/247"}],"collection":[{"href":"http:\/\/festivalursus.com\/index.php?rest_route=\/wp\/v2\/pages"}],"about":[{"href":"http:\/\/festivalursus.com\/index.php?rest_route=\/wp\/v2\/types\/page"}],"author":[{"embeddable":true,"href":"http:\/\/festivalursus.com\/index.php?rest_route=\/wp\/v2\/users\/1"}],"replies":[{"embeddable":true,"href":"http:\/\/festivalursus.com\/index.php?rest_route=%2Fwp%2Fv2%2Fcomments&post=247"}],"version-history":[{"count":16,"href":"http:\/\/festivalursus.com\/index.php?rest_route=\/wp\/v2\/pages\/247\/revisions"}],"predecessor-version":[{"id":1709,"href":"http:\/\/festivalursus.com\/index.php?rest_route=\/wp\/v2\/pages\/247\/revisions\/1709"}],"wp:attachment":[{"href":"http:\/\/festivalursus.com\/index.php?rest_route=%2Fwp%2Fv2%2Fmedia&parent=247"}],"curies":[{"name":"wp","href":"https:\/\/api.w.org\/{rel}","templated":true}]}}