{"id":2679,"date":"2019-01-27T23:39:50","date_gmt":"2019-01-27T23:39:50","guid":{"rendered":"http:\/\/festivalursus.com\/?page_id=2679"},"modified":"2019-05-17T11:07:51","modified_gmt":"2019-05-17T11:07:51","slug":"jukstapozicija","status":"publish","type":"page","link":"http:\/\/festivalursus.com\/?page_id=2679&lang=sl","title":{"rendered":"Jukstapozicija"},"content":{"rendered":"<p><a href=\"http:\/\/festivalursus.com\/wp-content\/uploads\/2019\/05\/chagal.jpg\" target=\"_blank\" rel=\"noopener noreferrer\"><img decoding=\"async\" loading=\"lazy\" class=\"aligncenter wp-image-2960 size-large\" src=\"http:\/\/festivalursus.com\/wp-content\/uploads\/2019\/05\/chagal-739x1024.jpg\" alt=\"\" width=\"700\" height=\"970\" srcset=\"http:\/\/festivalursus.com\/wp-content\/uploads\/2019\/05\/chagal-739x1024.jpg 739w, http:\/\/festivalursus.com\/wp-content\/uploads\/2019\/05\/chagal-216x300.jpg 216w, http:\/\/festivalursus.com\/wp-content\/uploads\/2019\/05\/chagal-768x1065.jpg 768w, http:\/\/festivalursus.com\/wp-content\/uploads\/2019\/05\/chagal-552x765.jpg 552w, http:\/\/festivalursus.com\/wp-content\/uploads\/2019\/05\/chagal.jpg 800w\" sizes=\"(max-width: 700px) 100vw, 700px\" \/><\/a><\/p>\n<p style=\"text-align: center;\">Mo\u0161ki glas &#8211; \u017eenski glas, tenor in sopran, violin\u010delo ter violina. Nasprotja, ki se dopolnjujejo. Prej in sedaj.<\/p>\n<p style=\"text-align: center;\">V izvedbi uigranega dueta violinistke <a href=\"http:\/\/festivalursus.com\/?page_id=2728&amp;lang=sl\">Bo\u017eene Angelove<\/a> in violon\u010delista <a href=\"http:\/\/festivalursus.com\/?page_id=2674&amp;lang=sl\">Gregorja Feleta<\/a> bodo na sporedu skladbe baro\u010dnih ter modernej\u0161ih skladateljev. Glasbeni most med preteklostjo in sodobnostjo.<\/p>\n<p>&nbsp;<\/p>\n<p>V petek, 12. julija 2019, ob 19h na Doma\u010diji Medved v Podkumu.<\/p>\n","protected":false},"excerpt":{"rendered":"<p class=\"post-excerpt\">Mo\u0161ki glas &#8211; \u017eenski glas, tenor in sopran, violin\u010delo ter violina. Nasprotja, ki se dopolnjujejo. Prej in sedaj. V izvedbi&#8230;<\/p>\n","protected":false},"author":1,"featured_media":0,"parent":0,"menu_order":0,"comment_status":"closed","ping_status":"closed","template":"","meta":[],"_links":{"self":[{"href":"http:\/\/festivalursus.com\/index.php?rest_route=\/wp\/v2\/pages\/2679"}],"collection":[{"href":"http:\/\/festivalursus.com\/index.php?rest_route=\/wp\/v2\/pages"}],"about":[{"href":"http:\/\/festivalursus.com\/index.php?rest_route=\/wp\/v2\/types\/page"}],"author":[{"embeddable":true,"href":"http:\/\/festivalursus.com\/index.php?rest_route=\/wp\/v2\/users\/1"}],"replies":[{"embeddable":true,"href":"http:\/\/festivalursus.com\/index.php?rest_route=%2Fwp%2Fv2%2Fcomments&post=2679"}],"version-history":[{"count":8,"href":"http:\/\/festivalursus.com\/index.php?rest_route=\/wp\/v2\/pages\/2679\/revisions"}],"predecessor-version":[{"id":2961,"href":"http:\/\/festivalursus.com\/index.php?rest_route=\/wp\/v2\/pages\/2679\/revisions\/2961"}],"wp:attachment":[{"href":"http:\/\/festivalursus.com\/index.php?rest_route=%2Fwp%2Fv2%2Fmedia&parent=2679"}],"curies":[{"name":"wp","href":"https:\/\/api.w.org\/{rel}","templated":true}]}}