{"id":2909,"date":"2019-02-20T15:27:24","date_gmt":"2019-02-20T15:27:24","guid":{"rendered":"http:\/\/festivalursus.com\/?page_id=2909"},"modified":"2019-02-23T18:16:29","modified_gmt":"2019-02-23T18:16:29","slug":"luca-ambrosio","status":"publish","type":"page","link":"http:\/\/festivalursus.com\/?page_id=2909&lang=sl","title":{"rendered":"Luca Ambrosio"},"content":{"rendered":"<p><a href=\"http:\/\/festivalursus.com\/wp-content\/uploads\/2019\/02\/Luca_Ambrosio.jpg\" target=\"_blank\" rel=\"noopener\"><img decoding=\"async\" loading=\"lazy\" class=\"aligncenter wp-image-2900 size-medium\" src=\"http:\/\/festivalursus.com\/wp-content\/uploads\/2019\/02\/Luca_Ambrosio-300x300.jpg\" alt=\"\" width=\"300\" height=\"300\" srcset=\"http:\/\/festivalursus.com\/wp-content\/uploads\/2019\/02\/Luca_Ambrosio-300x300.jpg 300w, http:\/\/festivalursus.com\/wp-content\/uploads\/2019\/02\/Luca_Ambrosio-150x150.jpg 150w, http:\/\/festivalursus.com\/wp-content\/uploads\/2019\/02\/Luca_Ambrosio-768x768.jpg 768w, http:\/\/festivalursus.com\/wp-content\/uploads\/2019\/02\/Luca_Ambrosio-552x552.jpg 552w, http:\/\/festivalursus.com\/wp-content\/uploads\/2019\/02\/Luca_Ambrosio.jpg 853w\" sizes=\"(max-width: 300px) 100vw, 300px\" \/><\/a><\/p>\n<p style=\"text-align: center;\">Luca Ambrosio je diplomiral iz klavirja pri maestru D. Manigrassoju in iz \u010dembala z odliko pri maestru S. Carchiolom na &#8220;V. Bellini \u201c Catanija. Diplomiral je tudi na Visoki \u0161oli za glasbeno izpopolnjevanje v Saluzzu (CN). \u0160tudiral je na Schola Cantorum Basiliensis v Baslu (\u0160vica) pri J. B. Christensenu; obiskoval je te\u010daje \u010dembala in komorne glasbe pri F. Bonizzoniju, LF Tagliavini in G. Paronuzziju, srednjeve\u0161ke in renesan\u010dne glasbene semiografije z G. Acciaijem, jazza in sodobne glasbe z G. Gaslinijem, F. D&#8217;Andreo in C Canonicijem. Ve\u010d let sodeluje s sicilijanskim in\u0161titutom za starodavno glasbo, baro\u010dnim komornim ansamblom Harmoniosi Concenti, ansamblom Il Cortile delle Palme, baro\u010dnim orkestrom Les Elements ter drugimi ansambli in solisti, specializiranimi za izvedbo starodavne glasbe na originalnih in\u0161trumentih. Ve\u010dkrat je sodeloval z presti\u017enimi dramskimi gledali\u0161\u010di po svetu.<\/p>\n","protected":false},"excerpt":{"rendered":"<p class=\"post-excerpt\">Luca Ambrosio je diplomiral iz klavirja pri maestru D. Manigrassoju in iz \u010dembala z odliko pri maestru S. Carchiolom na&#8230;<\/p>\n","protected":false},"author":1,"featured_media":0,"parent":0,"menu_order":0,"comment_status":"closed","ping_status":"closed","template":"","meta":[],"_links":{"self":[{"href":"http:\/\/festivalursus.com\/index.php?rest_route=\/wp\/v2\/pages\/2909"}],"collection":[{"href":"http:\/\/festivalursus.com\/index.php?rest_route=\/wp\/v2\/pages"}],"about":[{"href":"http:\/\/festivalursus.com\/index.php?rest_route=\/wp\/v2\/types\/page"}],"author":[{"embeddable":true,"href":"http:\/\/festivalursus.com\/index.php?rest_route=\/wp\/v2\/users\/1"}],"replies":[{"embeddable":true,"href":"http:\/\/festivalursus.com\/index.php?rest_route=%2Fwp%2Fv2%2Fcomments&post=2909"}],"version-history":[{"count":3,"href":"http:\/\/festivalursus.com\/index.php?rest_route=\/wp\/v2\/pages\/2909\/revisions"}],"predecessor-version":[{"id":2950,"href":"http:\/\/festivalursus.com\/index.php?rest_route=\/wp\/v2\/pages\/2909\/revisions\/2950"}],"wp:attachment":[{"href":"http:\/\/festivalursus.com\/index.php?rest_route=%2Fwp%2Fv2%2Fmedia&parent=2909"}],"curies":[{"name":"wp","href":"https:\/\/api.w.org\/{rel}","templated":true}]}}