{"id":3009,"date":"2020-06-11T17:47:34","date_gmt":"2020-06-11T17:47:34","guid":{"rendered":"http:\/\/festivalursus.com\/?page_id=3009"},"modified":"2020-06-11T17:47:34","modified_gmt":"2020-06-11T17:47:34","slug":"gea-pantner-volfand-viola","status":"publish","type":"page","link":"http:\/\/festivalursus.com\/?page_id=3009&lang=en","title":{"rendered":"Gea Pantner Volfand, viola"},"content":{"rendered":"<p><a href=\"http:\/\/festivalursus.com\/wp-content\/uploads\/2020\/06\/fotka1-scaled.jpg\" target=\"_blank\" rel=\"noopener noreferrer\"><img decoding=\"async\" loading=\"lazy\" class=\"aligncenter wp-image-3026 size-medium\" src=\"http:\/\/festivalursus.com\/wp-content\/uploads\/2020\/06\/fotka1-300x200.jpg\" alt=\"\" width=\"300\" height=\"200\" srcset=\"http:\/\/festivalursus.com\/wp-content\/uploads\/2020\/06\/fotka1-300x200.jpg 300w, http:\/\/festivalursus.com\/wp-content\/uploads\/2020\/06\/fotka1-1024x683.jpg 1024w, http:\/\/festivalursus.com\/wp-content\/uploads\/2020\/06\/fotka1-768x512.jpg 768w, http:\/\/festivalursus.com\/wp-content\/uploads\/2020\/06\/fotka1-1536x1024.jpg 1536w, http:\/\/festivalursus.com\/wp-content\/uploads\/2020\/06\/fotka1-2048x1365.jpg 2048w, http:\/\/festivalursus.com\/wp-content\/uploads\/2020\/06\/fotka1-1140x760.jpg 1140w, http:\/\/festivalursus.com\/wp-content\/uploads\/2020\/06\/fotka1-552x368.jpg 552w\" sizes=\"(max-width: 300px) 100vw, 300px\" \/><\/a><\/p>\n<p>Gea Pantner Volfand (1990) completed her postgraduate studies at the Academy of Music in Ljubljana in the class of Prof. Mile Kosi. She has performed as a soloist with several orchestras, among others, the Slovenian Philharmonic Orchestra, the RTV Slovenia Symphony Orchestra and the Young Soloists of Ljubljana.<\/p>\n<p>She is a recipient of the \u0160kerjanc Award of the Conservatory of Music and Ballet Ljubljana and the Pre\u0161eren Award of the Academy of Music in Ljubljana. She is a member of the String Quartet \u201cAccad\u00e9mia, which has also been awarded the Pre\u0161eren Award.<\/p>\n<p>She has been a permanent member of the RTV Slovenia Symphony Orchestra since 2012 and she has been the principal violist since 2019.<\/p>\n<p>She collaborates with all Slovenian professional orchestras and regularly performs in chamber ensembles with renowned musicians, such as Mate Bekavac, Irena Grafenauer, Bo\u0161jan Lipov\u0161ek, Andrej \u017dust and others. She was also a member of the EUYO and the GMJO.<\/p>\n","protected":false},"excerpt":{"rendered":"<p class=\"post-excerpt\">Gea Pantner Volfand (1990) completed her postgraduate studies at the Academy of Music in Ljubljana in the class of Prof&#8230;.<\/p>\n","protected":false},"author":1,"featured_media":0,"parent":0,"menu_order":0,"comment_status":"closed","ping_status":"closed","template":"","meta":[],"_links":{"self":[{"href":"http:\/\/festivalursus.com\/index.php?rest_route=\/wp\/v2\/pages\/3009"}],"collection":[{"href":"http:\/\/festivalursus.com\/index.php?rest_route=\/wp\/v2\/pages"}],"about":[{"href":"http:\/\/festivalursus.com\/index.php?rest_route=\/wp\/v2\/types\/page"}],"author":[{"embeddable":true,"href":"http:\/\/festivalursus.com\/index.php?rest_route=\/wp\/v2\/users\/1"}],"replies":[{"embeddable":true,"href":"http:\/\/festivalursus.com\/index.php?rest_route=%2Fwp%2Fv2%2Fcomments&post=3009"}],"version-history":[{"count":3,"href":"http:\/\/festivalursus.com\/index.php?rest_route=\/wp\/v2\/pages\/3009\/revisions"}],"predecessor-version":[{"id":3044,"href":"http:\/\/festivalursus.com\/index.php?rest_route=\/wp\/v2\/pages\/3009\/revisions\/3044"}],"wp:attachment":[{"href":"http:\/\/festivalursus.com\/index.php?rest_route=%2Fwp%2Fv2%2Fmedia&parent=3009"}],"curies":[{"name":"wp","href":"https:\/\/api.w.org\/{rel}","templated":true}]}}