{"id":3011,"date":"2020-06-11T17:47:40","date_gmt":"2020-06-11T17:47:40","guid":{"rendered":"http:\/\/festivalursus.com\/?page_id=3011"},"modified":"2020-06-11T18:12:51","modified_gmt":"2020-06-11T18:12:51","slug":"gea-pantner-volfand-viola-slo","status":"publish","type":"page","link":"http:\/\/festivalursus.com\/?page_id=3011&lang=sl","title":{"rendered":"Gea Pantner Volfand, viola"},"content":{"rendered":"<p><a href=\"http:\/\/festivalursus.com\/wp-content\/uploads\/2020\/06\/fotka1-scaled.jpg\" target=\"_blank\" rel=\"noopener noreferrer\"><img decoding=\"async\" loading=\"lazy\" class=\"aligncenter wp-image-3041 size-medium\" src=\"http:\/\/festivalursus.com\/wp-content\/uploads\/2020\/06\/fotka1-300x200.jpg\" alt=\"\" width=\"300\" height=\"200\" srcset=\"http:\/\/festivalursus.com\/wp-content\/uploads\/2020\/06\/fotka1-300x200.jpg 300w, http:\/\/festivalursus.com\/wp-content\/uploads\/2020\/06\/fotka1-1024x683.jpg 1024w, http:\/\/festivalursus.com\/wp-content\/uploads\/2020\/06\/fotka1-768x512.jpg 768w, http:\/\/festivalursus.com\/wp-content\/uploads\/2020\/06\/fotka1-1536x1024.jpg 1536w, http:\/\/festivalursus.com\/wp-content\/uploads\/2020\/06\/fotka1-2048x1365.jpg 2048w, http:\/\/festivalursus.com\/wp-content\/uploads\/2020\/06\/fotka1-1140x760.jpg 1140w, http:\/\/festivalursus.com\/wp-content\/uploads\/2020\/06\/fotka1-552x368.jpg 552w\" sizes=\"(max-width: 300px) 100vw, 300px\" \/><\/a><\/p>\n<p>Gea Pantner Volfand (1990) je zaklju\u010dila podiplomski \u0161tudij na Akademiji za glasbo v Ljubljani pri doc. Miletu Kosiju. Kot solistka je nastopila z Orkestrom Slovenske filharmonije, s Simfoni\u010dnim orkestrom RTV Slovenija, z orkestrom Mladi ljubljanski solisti idr.<\/p>\n<p>Je dobitnica \u0160kerjan\u010deve nagrade Konservatorija za glasbo in balet Ljubljana in Pre\u0161ernove nagrade Akademije za glasbo. Je \u010dlanica godalnega kvarteta Accad\u00e9mia, s katerim so prav tako prejeli Pre\u0161ernovo nagrado Akademije za glasbo.<\/p>\n<p>Od leta 2012 je redna \u010dlanica Simfoni\u010dnega orkestra RTV Slovenija, od leta 2019 na mestu solo violistke.<\/p>\n<p>Sodeluje z vsemi slovenskimi profesionalnimi orkestri in redno koncertira v komornih zasedbah s priznanimi glasbeniki kot so Mate Bekavac, Irena Grafenauer, Bo\u0161tjan Lipov\u0161ek, Andrej \u017dust idr. Bila je tudi \u010dlanica orkestrov EUYO in GMJO.<\/p>\n","protected":false},"excerpt":{"rendered":"<p class=\"post-excerpt\">Gea Pantner Volfand (1990) je zaklju\u010dila podiplomski \u0161tudij na Akademiji za glasbo v Ljubljani pri doc. Miletu Kosiju. Kot solistka&#8230;<\/p>\n","protected":false},"author":1,"featured_media":0,"parent":0,"menu_order":0,"comment_status":"closed","ping_status":"closed","template":"","meta":[],"_links":{"self":[{"href":"http:\/\/festivalursus.com\/index.php?rest_route=\/wp\/v2\/pages\/3011"}],"collection":[{"href":"http:\/\/festivalursus.com\/index.php?rest_route=\/wp\/v2\/pages"}],"about":[{"href":"http:\/\/festivalursus.com\/index.php?rest_route=\/wp\/v2\/types\/page"}],"author":[{"embeddable":true,"href":"http:\/\/festivalursus.com\/index.php?rest_route=\/wp\/v2\/users\/1"}],"replies":[{"embeddable":true,"href":"http:\/\/festivalursus.com\/index.php?rest_route=%2Fwp%2Fv2%2Fcomments&post=3011"}],"version-history":[{"count":5,"href":"http:\/\/festivalursus.com\/index.php?rest_route=\/wp\/v2\/pages\/3011\/revisions"}],"predecessor-version":[{"id":3130,"href":"http:\/\/festivalursus.com\/index.php?rest_route=\/wp\/v2\/pages\/3011\/revisions\/3130"}],"wp:attachment":[{"href":"http:\/\/festivalursus.com\/index.php?rest_route=%2Fwp%2Fv2%2Fmedia&parent=3011"}],"curies":[{"name":"wp","href":"https:\/\/api.w.org\/{rel}","templated":true}]}}