{"id":3019,"date":"2020-06-11T17:49:52","date_gmt":"2020-06-11T17:49:52","guid":{"rendered":"http:\/\/festivalursus.com\/?page_id=3019"},"modified":"2020-06-11T17:49:52","modified_gmt":"2020-06-11T17:49:52","slug":"jaka-stadler-violoncelo","status":"publish","type":"page","link":"http:\/\/festivalursus.com\/?page_id=3019&lang=sl","title":{"rendered":"Jaka Stadler, violon\u010delo"},"content":{"rendered":"<p><a href=\"http:\/\/festivalursus.com\/wp-content\/uploads\/2016\/05\/J_Stadler_199-1.jpg\" target=\"_blank\" rel=\"noopener noreferrer\"><img decoding=\"async\" loading=\"lazy\" class=\"aligncenter wp-image-749 size-medium\" src=\"http:\/\/festivalursus.com\/wp-content\/uploads\/2016\/05\/J_Stadler_199-1-300x199.jpg\" alt=\"\" width=\"300\" height=\"199\" srcset=\"http:\/\/festivalursus.com\/wp-content\/uploads\/2016\/05\/J_Stadler_199-1-300x199.jpg 300w, http:\/\/festivalursus.com\/wp-content\/uploads\/2016\/05\/J_Stadler_199-1-768x510.jpg 768w, http:\/\/festivalursus.com\/wp-content\/uploads\/2016\/05\/J_Stadler_199-1-1024x680.jpg 1024w, http:\/\/festivalursus.com\/wp-content\/uploads\/2016\/05\/J_Stadler_199-1-1140x757.jpg 1140w, http:\/\/festivalursus.com\/wp-content\/uploads\/2016\/05\/J_Stadler_199-1-552x367.jpg 552w, http:\/\/festivalursus.com\/wp-content\/uploads\/2016\/05\/J_Stadler_199-1.jpg 2048w\" sizes=\"(max-width: 300px) 100vw, 300px\" \/><\/a><\/p>\n<p>Violon\u010delist Jaka Stadler (rojen leta 1983 v Ljubljani) se je za\u010del u\u010diti violon\u010delo s sedmimi leti. Prve uspehe je dosegel v razredu prof. Igorja Mitrovi\u0107a na Glasbeni \u0161oli Vi\u010d-Rudnik,s petnajstimi leti se je kot izredno nadarjen u\u010denec \u017ee vpisal na Akademijo za glasbo v Ljubljani,tam pa je tudi diplomiral (2002) v razredu prof. Cirila \u0160kerjanca. Med \u0161tudijem je sodeloval na \u0161tevilnih tekmovanjih doma in v tujini,ter osvojil sedem najvi\u0161jih priznanj.<\/p>\n<p>Od leta 2000 do leta 2003 je bil \u010dlan Mednarodnega orkestra Gustav Mahler in solo\u010delist Mlade M\u00fcnchenske filharmonije. Ob koncu \u0161tudija v Ljubljani je prejel \u0161tudentsko Pre\u0161ernovo nagrado Univerze. 2003 je med 40 kandidati uspe\u0161no opravil avdicijo za Akademijo Simfoni\u010dnega orkestra bavarskega radia ter se hkrati vpisal na podiplomski \u0161tudij na Visoki soli za glasbo v razred prof . Wenn-Sinn Yanga. Hkrati se je izpopolnjeval pri priznanih pedagogih kot so David Geringas, Martin Ostertag, Wolfgang Boettcher, Franz Helmerson itd. 2005 je za svoje delo prejel pomembno nagrado Evropskega Kulturnega sklada.<\/p>\n<p>Kot solist je nastopil z orkestrom Slovenske filharmonije,Zagrebsko filharmonijo ter filharmonicnim orkestrom iz Qatarja. Do sedaj je pod vodstvom priznanih dirigentov, kot so Claudio Abaddo, Mariss Jansons in Lorin Maazel, nastopal v izjemnih orkestrih (Orkester Bavarske dr\u017eavne opere, Bamber\u0161ki simfoniki, Mladinski orkester Gustava Mahlerja, Simfonicni orkester Bavarskega radia\u2026)<\/p>\n<p>Med letoma 2008 in 2010 je bil prvi solo\u010delist filharmoni\u010dnega orkestra v Katarju, septembra 2010 pa je postal redni \u010dlan Simfoni\u010dnega orkestra Bavarskega radia.<\/p>\n","protected":false},"excerpt":{"rendered":"<p class=\"post-excerpt\">Violon\u010delist Jaka Stadler (rojen leta 1983 v Ljubljani) se je za\u010del u\u010diti violon\u010delo s sedmimi leti. Prve uspehe je dosegel&#8230;<\/p>\n","protected":false},"author":1,"featured_media":0,"parent":0,"menu_order":0,"comment_status":"closed","ping_status":"closed","template":"","meta":[],"_links":{"self":[{"href":"http:\/\/festivalursus.com\/index.php?rest_route=\/wp\/v2\/pages\/3019"}],"collection":[{"href":"http:\/\/festivalursus.com\/index.php?rest_route=\/wp\/v2\/pages"}],"about":[{"href":"http:\/\/festivalursus.com\/index.php?rest_route=\/wp\/v2\/types\/page"}],"author":[{"embeddable":true,"href":"http:\/\/festivalursus.com\/index.php?rest_route=\/wp\/v2\/users\/1"}],"replies":[{"embeddable":true,"href":"http:\/\/festivalursus.com\/index.php?rest_route=%2Fwp%2Fv2%2Fcomments&post=3019"}],"version-history":[{"count":1,"href":"http:\/\/festivalursus.com\/index.php?rest_route=\/wp\/v2\/pages\/3019\/revisions"}],"predecessor-version":[{"id":3020,"href":"http:\/\/festivalursus.com\/index.php?rest_route=\/wp\/v2\/pages\/3019\/revisions\/3020"}],"wp:attachment":[{"href":"http:\/\/festivalursus.com\/index.php?rest_route=%2Fwp%2Fv2%2Fmedia&parent=3019"}],"curies":[{"name":"wp","href":"https:\/\/api.w.org\/{rel}","templated":true}]}}