{"id":3028,"date":"2020-06-11T16:41:48","date_gmt":"2020-06-11T16:41:48","guid":{"rendered":"http:\/\/festivalursus.com\/?page_id=3028"},"modified":"2023-06-08T08:47:00","modified_gmt":"2023-06-08T08:47:00","slug":"ziva-lostrek-oboa-20","status":"publish","type":"page","link":"http:\/\/festivalursus.com\/?page_id=3028&lang=sl","title":{"rendered":"\u017diva Lo\u0161trek &#8211; oboa"},"content":{"rendered":"<p><a href=\"http:\/\/festivalursus.com\/wp-content\/uploads\/2016\/05\/10421981_907050775977960_2601447766459493539_n-1.jpg\" target=\"_blank\" rel=\"noopener noreferrer\"><img decoding=\"async\" loading=\"lazy\" class=\"aligncenter wp-image-630 size-medium\" src=\"http:\/\/festivalursus.com\/wp-content\/uploads\/2016\/05\/10421981_907050775977960_2601447766459493539_n-1-300x200.jpg\" alt=\"\" width=\"300\" height=\"200\" srcset=\"http:\/\/festivalursus.com\/wp-content\/uploads\/2016\/05\/10421981_907050775977960_2601447766459493539_n-1-300x200.jpg 300w, http:\/\/festivalursus.com\/wp-content\/uploads\/2016\/05\/10421981_907050775977960_2601447766459493539_n-1-768x512.jpg 768w, http:\/\/festivalursus.com\/wp-content\/uploads\/2016\/05\/10421981_907050775977960_2601447766459493539_n-1-552x368.jpg 552w, http:\/\/festivalursus.com\/wp-content\/uploads\/2016\/05\/10421981_907050775977960_2601447766459493539_n-1.jpg 960w\" sizes=\"(max-width: 300px) 100vw, 300px\" \/><\/a>\u017diva Lo\u0161trek je pri \u0161estih letih za\u010dela s poukom kljunaste flavte, pri osmih s klavirjem, pri desetih pa se je za\u010dela u\u010diti igranja oboe pri prof. Janezu Trevnu. Po kon\u010dani ni\u017eji glasbeni \u0161oli je \u0161tudij nadaljevala na Srednji glasbeni in baletni \u0161oli(SGB\u0160) v Ljubljani pri prof. Maji Kojc, za tem na Akademiji za glasbo v Ljubljani pri prof. Bo\u017eotu Rogelji, letos februarja pa je na Visoki \u0161oli za glasbo in ples v K\u00f6lnu v razredu prof. Keite Yamamoto zaklju\u010dila podiplomski \u0161tudij.<\/p>\n<p>Tekom \u0161tudija je prejela ve\u010d nagrad; ve\u010d prvih nagrad na nacionalnem tekmovanju TEMSIG, \u0160kerjan\u010devo nagrado na SGB\u0160 in \u0161tudentsko Pre\u0161ernovo nagrado na Akademiji za glasbo.<\/p>\n<p>Sodelovala je z razli\u010dnimi slovenskimi profesionalnimi orkestri, tudi kot solistka, trenutno pa deluje predvsem v tujini (Nem\u010dija), kjer igra na razli\u010dnih koncertih in festivalih v razli\u010dnih komornih zasedbah, kot orkestrska glasbenica in kot solistka.<\/p>\n","protected":false},"excerpt":{"rendered":"<p class=\"post-excerpt\">\u017diva Lo\u0161trek je pri \u0161estih letih za\u010dela s poukom kljunaste flavte, pri osmih s klavirjem, pri desetih pa se je&#8230;<\/p>\n","protected":false},"author":1,"featured_media":0,"parent":0,"menu_order":0,"comment_status":"closed","ping_status":"closed","template":"","meta":[],"_links":{"self":[{"href":"http:\/\/festivalursus.com\/index.php?rest_route=\/wp\/v2\/pages\/3028"}],"collection":[{"href":"http:\/\/festivalursus.com\/index.php?rest_route=\/wp\/v2\/pages"}],"about":[{"href":"http:\/\/festivalursus.com\/index.php?rest_route=\/wp\/v2\/types\/page"}],"author":[{"embeddable":true,"href":"http:\/\/festivalursus.com\/index.php?rest_route=\/wp\/v2\/users\/1"}],"replies":[{"embeddable":true,"href":"http:\/\/festivalursus.com\/index.php?rest_route=%2Fwp%2Fv2%2Fcomments&post=3028"}],"version-history":[{"count":4,"href":"http:\/\/festivalursus.com\/index.php?rest_route=\/wp\/v2\/pages\/3028\/revisions"}],"predecessor-version":[{"id":3687,"href":"http:\/\/festivalursus.com\/index.php?rest_route=\/wp\/v2\/pages\/3028\/revisions\/3687"}],"wp:attachment":[{"href":"http:\/\/festivalursus.com\/index.php?rest_route=%2Fwp%2Fv2%2Fmedia&parent=3028"}],"curies":[{"name":"wp","href":"https:\/\/api.w.org\/{rel}","templated":true}]}}