{"id":3049,"date":"2020-06-11T17:45:18","date_gmt":"2020-06-11T17:45:18","guid":{"rendered":"http:\/\/festivalursus.com\/?page_id=3049"},"modified":"2023-06-08T08:47:53","modified_gmt":"2023-06-08T08:47:53","slug":"andrej-zust-horn","status":"publish","type":"page","link":"http:\/\/festivalursus.com\/?page_id=3049&lang=en","title":{"rendered":"Andrej \u017dust &#8211; horn"},"content":{"rendered":"<p><a href=\"http:\/\/festivalursus.com\/wp-content\/uploads\/2020\/06\/IMG-20200610-WA0001.jpg\" target=\"_blank\" rel=\"noopener noreferrer\"><img decoding=\"async\" loading=\"lazy\" class=\"aligncenter wp-image-3050 size-medium\" src=\"http:\/\/festivalursus.com\/wp-content\/uploads\/2020\/06\/IMG-20200610-WA0001-200x300.jpg\" alt=\"\" width=\"200\" height=\"300\" srcset=\"http:\/\/festivalursus.com\/wp-content\/uploads\/2020\/06\/IMG-20200610-WA0001-200x300.jpg 200w, http:\/\/festivalursus.com\/wp-content\/uploads\/2020\/06\/IMG-20200610-WA0001-552x828.jpg 552w, http:\/\/festivalursus.com\/wp-content\/uploads\/2020\/06\/IMG-20200610-WA0001.jpg 683w\" sizes=\"(max-width: 200px) 100vw, 200px\" \/><\/a>Andrej \u017dust was born in 1984 in Logatec, Slovenia, where he had his first horn lessons with Janez Polanc. Later he went to Bo\u0161tjan Lipov\u0161ek at the Ljubljana Music Academy. The young horn player also received artistic encouragement from such renowned musicians as Hermann Baumann, Fr\u00f8ydis Ree Wekre, Viktor Malisch and Radovan Vlatkovi\u010d. While still a student he received the Lucijan-Marija-\u0160kerjanc and Pre\u0161eren prizes for his artistic abilities.<\/p>\n<p>He then went on to win the first prize at numerous national and international competitions, including Povoletto (Italy) in 2001 and the Young Musicians Competition in Slovenia in 2002.<\/p>\n<p>In May 2004 he was appointed principal horn in the Slovenian Philharmonic Orchestra in Ljubljana. \u017dust has also been a member of the Gustav Mahler Youth Orchestra and the Pacific Music Festival Orchestra. An active chamber-music player, he belongs to the Ariart Wind Quintet, the Soloists of the Ljubljana Chamber Orchestra and the Trio Triumvirat.<\/p>\n<p>From February 2009 to January 2011 he was a scholar of the Berliner Philharmoniker Orchestra Academy. At the beginning of the 2011\/2012 season, Andrej \u017dust joined the orchestra\u2019s horn section.<\/p>\n","protected":false},"excerpt":{"rendered":"<p class=\"post-excerpt\">Andrej \u017dust was born in 1984 in Logatec, Slovenia, where he had his first horn lessons with Janez Polanc. Later&#8230;<\/p>\n","protected":false},"author":1,"featured_media":0,"parent":0,"menu_order":0,"comment_status":"closed","ping_status":"closed","template":"","meta":[],"_links":{"self":[{"href":"http:\/\/festivalursus.com\/index.php?rest_route=\/wp\/v2\/pages\/3049"}],"collection":[{"href":"http:\/\/festivalursus.com\/index.php?rest_route=\/wp\/v2\/pages"}],"about":[{"href":"http:\/\/festivalursus.com\/index.php?rest_route=\/wp\/v2\/types\/page"}],"author":[{"embeddable":true,"href":"http:\/\/festivalursus.com\/index.php?rest_route=\/wp\/v2\/users\/1"}],"replies":[{"embeddable":true,"href":"http:\/\/festivalursus.com\/index.php?rest_route=%2Fwp%2Fv2%2Fcomments&post=3049"}],"version-history":[{"count":2,"href":"http:\/\/festivalursus.com\/index.php?rest_route=\/wp\/v2\/pages\/3049\/revisions"}],"predecessor-version":[{"id":3690,"href":"http:\/\/festivalursus.com\/index.php?rest_route=\/wp\/v2\/pages\/3049\/revisions\/3690"}],"wp:attachment":[{"href":"http:\/\/festivalursus.com\/index.php?rest_route=%2Fwp%2Fv2%2Fmedia&parent=3049"}],"curies":[{"name":"wp","href":"https:\/\/api.w.org\/{rel}","templated":true}]}}