{"id":3057,"date":"2020-06-11T17:47:02","date_gmt":"2020-06-11T17:47:02","guid":{"rendered":"http:\/\/festivalursus.com\/?page_id=3057"},"modified":"2020-06-11T18:41:23","modified_gmt":"2020-06-11T18:41:23","slug":"klemen-leben-harmonika","status":"publish","type":"page","link":"http:\/\/festivalursus.com\/?page_id=3057&lang=sl","title":{"rendered":"Klemen Leben, harmonika"},"content":{"rendered":"<p><a href=\"http:\/\/festivalursus.com\/wp-content\/uploads\/2020\/06\/klemen_leben_cf2.jpg\" target=\"_blank\" rel=\"noopener noreferrer\"><img decoding=\"async\" loading=\"lazy\" class=\"aligncenter wp-image-3077 size-medium\" src=\"http:\/\/festivalursus.com\/wp-content\/uploads\/2020\/06\/klemen_leben_cf2-300x200.jpg\" alt=\"\" width=\"300\" height=\"200\" srcset=\"http:\/\/festivalursus.com\/wp-content\/uploads\/2020\/06\/klemen_leben_cf2-300x200.jpg 300w, http:\/\/festivalursus.com\/wp-content\/uploads\/2020\/06\/klemen_leben_cf2-1024x683.jpg 1024w, http:\/\/festivalursus.com\/wp-content\/uploads\/2020\/06\/klemen_leben_cf2-768x512.jpg 768w, http:\/\/festivalursus.com\/wp-content\/uploads\/2020\/06\/klemen_leben_cf2-1140x760.jpg 1140w, http:\/\/festivalursus.com\/wp-content\/uploads\/2020\/06\/klemen_leben_cf2-552x368.jpg 552w, http:\/\/festivalursus.com\/wp-content\/uploads\/2020\/06\/klemen_leben_cf2.jpg 1500w\" sizes=\"(max-width: 300px) 100vw, 300px\" \/><\/a><\/p>\n<p>Klemen Leben je harmonikar, skladatelj, improvizator, pedagog in raziskovalec, ki verjame v sporo\u010dilnost povedne sodobne glasbe.<\/p>\n<p>\u0160tudiral je na Visoki \u0161oli za glasbo FRANZ LISZT Weimar v mojstrskem razredu prof. Ivana Kovala, ki ga je zaklju\u010dil s \u201ebravurozno umetni\u0161ko stvaritvijo\u201c, trenutno pa je doktorski \u0161tudent na doktorski \u0161oli Sibeliusove akademije za glasbo Univerze za umetnost v Helsinkih.<\/p>\n<p>Udele\u017eil se je ve\u010dih tekmovanj doma in na tujem, kjer je praviloma posegal po najvi\u0161jih mestih. Kot najtehtnej\u0161e velja omeniti prve nagrade v Castelfidardu, Pulju in Klingenthalu.<\/p>\n<p>Nagrade in ugodne kritike strokovne javnosti so mu odprla vrata na koncertne odre uglednih prizori\u0161\u010d in festivalov v Evropi in severni Ameriki. Tako je muziciral v okviru eminentnih festivalov Salzburger Festspiele, Zagreb\u0161ki biennale, Lange Nacht der Musik Dunaj, Slowind, Festival umetnikov harmonike Kragujevac, Ljubljanski festival in na uglednih prizori\u0161\u010dih, kot so Slovenska filharmonija, Cankarjev dom, Konzerthaus Berlin, Semperoper Dresden, Gewandhaus Leipzig, Festspielhaus Baden Baden, Waldb\u00fchne Berlin, KKL Luzern, Haus f\u00fcr Mozart Salzburg, Music centre Helsinki &#8230;<\/p>\n<p>Kot solist je nastopil z orkestri Kammersymphonie Berlin, Prague Philharmonic, Philharmonie Baden Baden, Simfoniki RTV Slovenija, Komorni godalni orkester SF itd. ter igral pod dirigenti, kot so Christian Thielemann, Marco Armilliato, Ville Matvejeff, Michael Sanderling, En Shao in drugi.<\/p>\n<p>Trudi se za uveljavitev harmonike kot koncertnega glasbila in v ta namen sodeluje s priznanimi doma\u010dimi in tujimi skladatelji (Kalevi Aho, Toshio Hosokawa, Lojze Lebi\u010d, Georg Katzer, Matthias Pintscher, Nina \u0160enk&#8230;). Skozi ta sodelovanja nastajajo nova dela, ki so stalnica na Lebnovih koncertnih programih in hkrati \u0161irijo repertoar klasi\u010dne harmonike. Poleg originalnih del za harmoniko 20. in 21. stoletja obsega njegov repertoar v enaki meri tudi dela mojstrov iz obdobij renesanse, baroka, klasike in romantike.<\/p>\n<p>Sledi njegovega glasbenega udejstvovanja je mo\u010d najti tudi v obliki posnetkov v arhivih radijskih in televizijskih hi\u0161 (RTV Slovenija, ZDF, ORF, SWF, Deutschland Radio Kultur, RAI, YLE, RTS, HRT).<\/p>\n<p>Med mnogimi odli\u010dnimi kritikami velja omeniti besede akademika Lojzeta Lebi\u010da \u201ePoustvaritev je bila pravi sijaj\u201c in pa solisti\u010dni recital na 28. Zagreb\u0161kem bienalu, kjer je harmonika solisti\u010dno zazvenela prvi\u010d v 54. letni zgodovini tega elitnega festivala za sodobno glasbo. Hkrati pa je bil ta \u201eizjemen koncert\u201c s strani \u010dasnika Kulturpunkt ocenjen kot \u201enajbolj\u0161i trenutek\u201c celotnega Biennala.<\/p>\n<p>Poleg poustvarjanja pa se Leben udejstvuje tudi na podro\u010dju skladanja in aran\u017eiranja. Pi\u0161e za raznorazne zasedbe, njegova dela pa so izvajana doma in na tujem (Finska, Rusija, Nem\u010dija, \u0160vica, Avstrija, Italija, Hrva\u0161ka, Bosna, Srbija&#8230;)<\/p>\n<p>Klemen Leben je pou\u010deval na Visoki \u0161oli za glasbo FRANZ LISZT v Weimarju, sedaj pa skrbi za predajanje inovativne glasbene misli na Konservatoriju za glasbo in balet Ljubljana ter na ljubljanski Akademiji za glasbo.<\/p>\n","protected":false},"excerpt":{"rendered":"<p class=\"post-excerpt\">Klemen Leben je harmonikar, skladatelj, improvizator, pedagog in raziskovalec, ki verjame v sporo\u010dilnost povedne sodobne glasbe. \u0160tudiral je na Visoki&#8230;<\/p>\n","protected":false},"author":1,"featured_media":0,"parent":0,"menu_order":0,"comment_status":"closed","ping_status":"closed","template":"","meta":[],"_links":{"self":[{"href":"http:\/\/festivalursus.com\/index.php?rest_route=\/wp\/v2\/pages\/3057"}],"collection":[{"href":"http:\/\/festivalursus.com\/index.php?rest_route=\/wp\/v2\/pages"}],"about":[{"href":"http:\/\/festivalursus.com\/index.php?rest_route=\/wp\/v2\/types\/page"}],"author":[{"embeddable":true,"href":"http:\/\/festivalursus.com\/index.php?rest_route=\/wp\/v2\/users\/1"}],"replies":[{"embeddable":true,"href":"http:\/\/festivalursus.com\/index.php?rest_route=%2Fwp%2Fv2%2Fcomments&post=3057"}],"version-history":[{"count":2,"href":"http:\/\/festivalursus.com\/index.php?rest_route=\/wp\/v2\/pages\/3057\/revisions"}],"predecessor-version":[{"id":3144,"href":"http:\/\/festivalursus.com\/index.php?rest_route=\/wp\/v2\/pages\/3057\/revisions\/3144"}],"wp:attachment":[{"href":"http:\/\/festivalursus.com\/index.php?rest_route=%2Fwp%2Fv2%2Fmedia&parent=3057"}],"curies":[{"name":"wp","href":"https:\/\/api.w.org\/{rel}","templated":true}]}}