{"id":3200,"date":"2020-06-29T12:12:34","date_gmt":"2020-06-29T12:12:34","guid":{"rendered":"http:\/\/festivalursus.com\/?page_id=3200"},"modified":"2020-07-04T17:17:52","modified_gmt":"2020-07-04T17:17:52","slug":"natalia-clein-violoncelo","status":"publish","type":"page","link":"http:\/\/festivalursus.com\/?page_id=3200&lang=sl","title":{"rendered":"Natalie Clein, violon\u010delo"},"content":{"rendered":"<p><a href=\"http:\/\/festivalursus.com\/wp-content\/uploads\/2020\/06\/Clein_-_DSC_8460less_c2.jpg\" target=\"_blank\" rel=\"noopener noreferrer\"><img decoding=\"async\" loading=\"lazy\" class=\"aligncenter wp-image-3197 size-medium\" src=\"http:\/\/festivalursus.com\/wp-content\/uploads\/2020\/06\/Clein_-_DSC_8460less_c2-200x300.jpg\" alt=\"\" width=\"200\" height=\"300\" srcset=\"http:\/\/festivalursus.com\/wp-content\/uploads\/2020\/06\/Clein_-_DSC_8460less_c2-200x300.jpg 200w, http:\/\/festivalursus.com\/wp-content\/uploads\/2020\/06\/Clein_-_DSC_8460less_c2-683x1024.jpg 683w, http:\/\/festivalursus.com\/wp-content\/uploads\/2020\/06\/Clein_-_DSC_8460less_c2-768x1151.jpg 768w, http:\/\/festivalursus.com\/wp-content\/uploads\/2020\/06\/Clein_-_DSC_8460less_c2-552x827.jpg 552w, http:\/\/festivalursus.com\/wp-content\/uploads\/2020\/06\/Clein_-_DSC_8460less_c2.jpg 934w\" sizes=\"(max-width: 200px) 100vw, 200px\" \/><\/a><\/p>\n<p>Britanska violonc\u030celistka Natalie Clein je \u017ee pri \u0161estnajstih letih zbudila pozornost \u0161ir\u0161e glasbene javnosti, ko jo je BBC imenoval za mlado glasbenico leta, istega leta pa je zmagala tudi na Evrovizijskem tekmovanju mladih glasbenikov. Prejela je \u0161tipendijo kraljice Elizabete za izobra\u017eevanje na londonskem Kraljevem glasbenem kolid\u017eu, \u0161tudij pa konc\u030cala v razredu slovitega Heinricha Schiffa na Dunaju. Kot solistka koncertira po vsem svetu s simfonic\u030cnimi orkestri, kot so Philharmonia, BBC, Hall\u00e9, Bournemouth, Birmingham, Montreal in Filarm\u00f3nica de Buenos Aires pod taktirko priznanih dirigentov (med njimi so sir Roger Norrington, sir Mark Elder, Leonard Slatkin, St\u00e9phane Deneve idr.). Posnela je vec\u030c CD- plo\u0161c\u030c za zalo\u017eni\u0161ke hi\u0161e, kot sta Hyperion, EMI in Ohems. Med leti 2015 in 2019 je bila rezidenc\u030cna umetnica na Univerzi v Oxfordu, kjer je bil odgovorna za programsko vodenje koncertne dejavnosti, razvoj umetni\u0161kih projektov in uvedbo novih modelov pouc\u030cevanja. Je tudi profesorica na Kraljevem glasbenem kolid\u017eu v Londonu in Akademiji za glasbo v Rostocku. Umetni\u0161ko vodi festival komorne glasbe v Purbecku, Dorset.<\/p>\n","protected":false},"excerpt":{"rendered":"<p class=\"post-excerpt\">Britanska violonc\u030celistka Natalie Clein je \u017ee pri \u0161estnajstih letih zbudila pozornost \u0161ir\u0161e glasbene javnosti, ko jo je BBC imenoval za&#8230;<\/p>\n","protected":false},"author":1,"featured_media":0,"parent":0,"menu_order":0,"comment_status":"closed","ping_status":"closed","template":"","meta":[],"_links":{"self":[{"href":"http:\/\/festivalursus.com\/index.php?rest_route=\/wp\/v2\/pages\/3200"}],"collection":[{"href":"http:\/\/festivalursus.com\/index.php?rest_route=\/wp\/v2\/pages"}],"about":[{"href":"http:\/\/festivalursus.com\/index.php?rest_route=\/wp\/v2\/types\/page"}],"author":[{"embeddable":true,"href":"http:\/\/festivalursus.com\/index.php?rest_route=\/wp\/v2\/users\/1"}],"replies":[{"embeddable":true,"href":"http:\/\/festivalursus.com\/index.php?rest_route=%2Fwp%2Fv2%2Fcomments&post=3200"}],"version-history":[{"count":4,"href":"http:\/\/festivalursus.com\/index.php?rest_route=\/wp\/v2\/pages\/3200\/revisions"}],"predecessor-version":[{"id":3241,"href":"http:\/\/festivalursus.com\/index.php?rest_route=\/wp\/v2\/pages\/3200\/revisions\/3241"}],"wp:attachment":[{"href":"http:\/\/festivalursus.com\/index.php?rest_route=%2Fwp%2Fv2%2Fmedia&parent=3200"}],"curies":[{"name":"wp","href":"https:\/\/api.w.org\/{rel}","templated":true}]}}