{"id":3437,"date":"2021-07-18T21:21:42","date_gmt":"2021-07-18T21:21:42","guid":{"rendered":"http:\/\/festivalursus.com\/?page_id=3437"},"modified":"2021-08-07T13:05:41","modified_gmt":"2021-08-07T13:05:41","slug":"kontrasti","status":"publish","type":"page","link":"http:\/\/festivalursus.com\/?page_id=3437&lang=sl","title":{"rendered":"Kontrasti"},"content":{"rendered":"<p><a href=\"http:\/\/festivalursus.com\/wp-content\/uploads\/2021\/07\/Kontrasti-1.png\"><img decoding=\"async\" loading=\"lazy\" class=\"aligncenter size-large wp-image-3426\" src=\"http:\/\/festivalursus.com\/wp-content\/uploads\/2021\/07\/Kontrasti-1-724x1024.png\" alt=\"\" width=\"700\" height=\"990\" srcset=\"http:\/\/festivalursus.com\/wp-content\/uploads\/2021\/07\/Kontrasti-1-724x1024.png 724w, http:\/\/festivalursus.com\/wp-content\/uploads\/2021\/07\/Kontrasti-1-212x300.png 212w, http:\/\/festivalursus.com\/wp-content\/uploads\/2021\/07\/Kontrasti-1-768x1086.png 768w, http:\/\/festivalursus.com\/wp-content\/uploads\/2021\/07\/Kontrasti-1-1086x1536.png 1086w, http:\/\/festivalursus.com\/wp-content\/uploads\/2021\/07\/Kontrasti-1-1448x2048.png 1448w, http:\/\/festivalursus.com\/wp-content\/uploads\/2021\/07\/Kontrasti-1-1140x1613.png 1140w, http:\/\/festivalursus.com\/wp-content\/uploads\/2021\/07\/Kontrasti-1.png 1587w\" sizes=\"(max-width: 700px) 100vw, 700px\" \/><\/a><\/p>\n<p>&nbsp;<\/p>\n<p style=\"text-align: center;\">Koncert kontrastov. Klasi\u010dno &#8211; Moderno.<br \/>\nMarko Zupan &#8211; flavta, Mladen Somborac &#8211; viola, Nika \u0160varc &#8211; violon\u010delo izvajajo dela komponistov: F. Devienne, Z. Kod\u00e1ly, H. Villa-Lobos, G. Knox<\/p>\n<p>&nbsp;<\/p>\n","protected":false},"excerpt":{"rendered":"<p class=\"post-excerpt\">&nbsp; Koncert kontrastov. Klasi\u010dno &#8211; Moderno. Marko Zupan &#8211; flavta, Mladen Somborac &#8211; viola, Nika \u0160varc &#8211; violon\u010delo izvajajo dela&#8230;<\/p>\n","protected":false},"author":1,"featured_media":0,"parent":0,"menu_order":0,"comment_status":"closed","ping_status":"closed","template":"","meta":[],"_links":{"self":[{"href":"http:\/\/festivalursus.com\/index.php?rest_route=\/wp\/v2\/pages\/3437"}],"collection":[{"href":"http:\/\/festivalursus.com\/index.php?rest_route=\/wp\/v2\/pages"}],"about":[{"href":"http:\/\/festivalursus.com\/index.php?rest_route=\/wp\/v2\/types\/page"}],"author":[{"embeddable":true,"href":"http:\/\/festivalursus.com\/index.php?rest_route=\/wp\/v2\/users\/1"}],"replies":[{"embeddable":true,"href":"http:\/\/festivalursus.com\/index.php?rest_route=%2Fwp%2Fv2%2Fcomments&post=3437"}],"version-history":[{"count":2,"href":"http:\/\/festivalursus.com\/index.php?rest_route=\/wp\/v2\/pages\/3437\/revisions"}],"predecessor-version":[{"id":3462,"href":"http:\/\/festivalursus.com\/index.php?rest_route=\/wp\/v2\/pages\/3437\/revisions\/3462"}],"wp:attachment":[{"href":"http:\/\/festivalursus.com\/index.php?rest_route=%2Fwp%2Fv2%2Fmedia&parent=3437"}],"curies":[{"name":"wp","href":"https:\/\/api.w.org\/{rel}","templated":true}]}}