{"id":3493,"date":"2022-09-11T19:24:25","date_gmt":"2022-09-11T19:24:25","guid":{"rendered":"http:\/\/festivalursus.com\/?page_id=3493"},"modified":"2022-09-11T19:36:52","modified_gmt":"2022-09-11T19:36:52","slug":"viii-ursus-2021-2","status":"publish","type":"page","link":"http:\/\/festivalursus.com\/?page_id=3493&lang=sl","title":{"rendered":"VIII. &#8220;Ursus&#8221; 2021"},"content":{"rendered":"<p style=\"text-align: center;\"><img decoding=\"async\" loading=\"lazy\" class=\"aligncenter size-large wp-image-3290\" src=\"http:\/\/festivalursus.com\/wp-content\/uploads\/2021\/05\/Ursus-logo-2021-1-1-1024x584.png\" alt=\"\" width=\"700\" height=\"399\" srcset=\"http:\/\/festivalursus.com\/wp-content\/uploads\/2021\/05\/Ursus-logo-2021-1-1-1024x584.png 1024w, http:\/\/festivalursus.com\/wp-content\/uploads\/2021\/05\/Ursus-logo-2021-1-1-300x171.png 300w, http:\/\/festivalursus.com\/wp-content\/uploads\/2021\/05\/Ursus-logo-2021-1-1-768x438.png 768w, http:\/\/festivalursus.com\/wp-content\/uploads\/2021\/05\/Ursus-logo-2021-1-1-1140x650.png 1140w, http:\/\/festivalursus.com\/wp-content\/uploads\/2021\/05\/Ursus-logo-2021-1-1.png 1340w\" sizes=\"(max-width: 700px) 100vw, 700px\" \/><\/p>\n<p style=\"text-align: right;\"><em>&#8220;Moje sporo\u010dilo vsem vladam, predsednikom in premierjem po celem svetu: vedno cenite kulturo kot enega najpomembnej\u0161ih elementov bolj\u0161e dru\u017ebe prihodnosti&#8221;<\/em><\/p>\n<p style=\"text-align: right;\">&#8211; Riccardo Mutti<\/p>\n<h3 style=\"text-align: center;\">NAPOVEDANI KONCERTI:<\/h3>\n<p>&nbsp;<\/p>\n<h5 style=\"text-align: center;\">Petek, 13.avgusta 2021, ob 19h \u2013 <a href=\"http:\/\/festivalursus.com\/?page_id=3437&amp;lang=sl\">KONTRASTI<\/a><\/h5>\n<p style=\"text-align: center;\"><a href=\"http:\/\/festivalursus.com\/?page_id=3387&amp;lang=sl\">Marko Zupan &#8211; flavta<\/a>, <a href=\"http:\/\/festivalursus.com\/?page_id=3321&amp;lang=sl\">Mladen Somborac &#8211; viola<\/a>, <a href=\"http:\/\/festivalursus.com\/?page_id=3311&amp;lang=sl\">Nika \u0160varc &#8211; violon\u010delo<\/a><\/p>\n<p>&nbsp;<\/p>\n<h5 style=\"text-align: center;\">Petek, 20.avgusta 2021, ob 19h \u2013 <a href=\"http:\/\/festivalursus.com\/?page_id=3441&amp;lang=sl\">ZVOKI LEGEND<\/a><\/h5>\n<p style=\"text-align: center;\"><a href=\"http:\/\/festivalursus.com\/?page_id=3333&amp;lang=sl\">Jure Gradi\u0161nik &#8211; trobenta<\/a>, <a href=\"http:\/\/festivalursus.com\/?page_id=3327&amp;lang=sl\">Maria Gamboz Gradi\u0161nik &#8211; harfa<\/a><\/p>\n<p>&nbsp;<\/p>\n<h5 style=\"text-align: center;\">Sobota, 4.septembra 2021, ob 18h \u2013 <a href=\"http:\/\/festivalursus.com\/?page_id=3445&amp;lang=sl\">KALIFORNIJA<\/a><\/h5>\n<p style=\"text-align: center;\"><a href=\"http:\/\/festivalursus.com\/?page_id=3387&amp;lang=sl\">Marko Zupan &#8211; flavta<\/a>, <a href=\"http:\/\/festivalursus.com\/?page_id=3341&amp;lang=sl\">Goran Cetini\u0107 Ko\u0107a &#8211; kitara<\/a>, <a href=\"http:\/\/festivalursus.com\/?page_id=3358&amp;lang=sl\">Ton\u010di Tranfi\u0107 &#8211; klaviature<\/a>, <a href=\"http:\/\/festivalursus.com\/?page_id=3347&amp;lang=sl\">Piero Malko\u010d &#8211; kontrabas<\/a>, <a href=\"http:\/\/festivalursus.com\/?page_id=3364&amp;lang=sl\">Boris \u017duvela &#8211; bobni<\/a>, gost: <a href=\"http:\/\/festivalursus.com\/?page_id=3481&amp;lang=sl\">Boris Bizjak &#8211; flavta<\/a><\/p>\n<p>&nbsp;<\/p>\n<p>Festival bo potekal v skladu s priporo\u010dili NIJZ<\/p>\n<p>&nbsp;<\/p>\n","protected":false},"excerpt":{"rendered":"<p class=\"post-excerpt\">&#8220;Moje sporo\u010dilo vsem vladam, predsednikom in premierjem po celem svetu: vedno cenite kulturo kot enega najpomembnej\u0161ih elementov bolj\u0161e dru\u017ebe prihodnosti&#8221;&#8230;<\/p>\n","protected":false},"author":1,"featured_media":0,"parent":0,"menu_order":0,"comment_status":"closed","ping_status":"closed","template":"","meta":[],"_links":{"self":[{"href":"http:\/\/festivalursus.com\/index.php?rest_route=\/wp\/v2\/pages\/3493"}],"collection":[{"href":"http:\/\/festivalursus.com\/index.php?rest_route=\/wp\/v2\/pages"}],"about":[{"href":"http:\/\/festivalursus.com\/index.php?rest_route=\/wp\/v2\/types\/page"}],"author":[{"embeddable":true,"href":"http:\/\/festivalursus.com\/index.php?rest_route=\/wp\/v2\/users\/1"}],"replies":[{"embeddable":true,"href":"http:\/\/festivalursus.com\/index.php?rest_route=%2Fwp%2Fv2%2Fcomments&post=3493"}],"version-history":[{"count":3,"href":"http:\/\/festivalursus.com\/index.php?rest_route=\/wp\/v2\/pages\/3493\/revisions"}],"predecessor-version":[{"id":3502,"href":"http:\/\/festivalursus.com\/index.php?rest_route=\/wp\/v2\/pages\/3493\/revisions\/3502"}],"wp:attachment":[{"href":"http:\/\/festivalursus.com\/index.php?rest_route=%2Fwp%2Fv2%2Fmedia&parent=3493"}],"curies":[{"name":"wp","href":"https:\/\/api.w.org\/{rel}","templated":true}]}}