{"id":3517,"date":"2022-09-12T12:50:33","date_gmt":"2022-09-12T12:50:33","guid":{"rendered":"http:\/\/festivalursus.com\/?page_id=3517"},"modified":"2023-06-08T08:45:57","modified_gmt":"2023-06-08T08:45:57","slug":"brina-kafol-zust","status":"publish","type":"page","link":"http:\/\/festivalursus.com\/?page_id=3517&lang=sl","title":{"rendered":"Brina Kafol \u017dust &#8211; flavta"},"content":{"rendered":"<p><a href=\"http:\/\/festivalursus.com\/wp-content\/uploads\/2022\/09\/Brina-Kafol-Zust_foto-Janez-Kotar.jpg\"><img decoding=\"async\" loading=\"lazy\" class=\"aligncenter wp-image-3515 size-medium\" src=\"http:\/\/festivalursus.com\/wp-content\/uploads\/2022\/09\/Brina-Kafol-Zust_foto-Janez-Kotar-200x300.jpg\" alt=\"\" width=\"200\" height=\"300\" srcset=\"http:\/\/festivalursus.com\/wp-content\/uploads\/2022\/09\/Brina-Kafol-Zust_foto-Janez-Kotar-200x300.jpg 200w, http:\/\/festivalursus.com\/wp-content\/uploads\/2022\/09\/Brina-Kafol-Zust_foto-Janez-Kotar-683x1024.jpg 683w, http:\/\/festivalursus.com\/wp-content\/uploads\/2022\/09\/Brina-Kafol-Zust_foto-Janez-Kotar-768x1152.jpg 768w, http:\/\/festivalursus.com\/wp-content\/uploads\/2022\/09\/Brina-Kafol-Zust_foto-Janez-Kotar-1024x1536.jpg 1024w, http:\/\/festivalursus.com\/wp-content\/uploads\/2022\/09\/Brina-Kafol-Zust_foto-Janez-Kotar-1140x1710.jpg 1140w, http:\/\/festivalursus.com\/wp-content\/uploads\/2022\/09\/Brina-Kafol-Zust_foto-Janez-Kotar.jpg 1299w\" sizes=\"(max-width: 200px) 100vw, 200px\" \/><\/a><\/p>\n<p>Brina Kafol \u017dust je pri\u010dela igrati flavto pri Prof. Nata\u0161i Hladnik in Prof. Mateju Grahku v Ljubljani. \u0160olanje je nadaljevala na Univerzi za glasbo in upodabljajo\u010do umetnost na Dunaju pri Prof. Wolfgangu Schulzu in zaklju\u010dila magistrski \u0161tudij pri Prof. Erwinu Klambauerju v Grazu, Avstriji.\u00a0 Dodatno se je udele\u017eevala mojstrskih seminarjev pri svetovnopriznanih glasbenikih, med drugim pri Emmanuelu Pahudu, Robertu Aitkenu, GasparHoyosu, Jamesu Galwayu in Felixu Renggliju.<\/p>\n<p>Brina je prejemnica \u0161tevilnih nagrad na dr\u017eavnih in mednarodnih tekmovanjih (1. nagrada na tekmovanju Temsig Slovenija, posebna nagrada za najbolj\u0161o interpretacijo na tekmovanju v Povolettu v Italiji).<\/p>\n<p>Kot substitut redno sodeluje z najve\u010djimi simfoni\u010dnimi orkestri iz Nem\u010dije. \u017de ve\u010d kot pet let je substitutka na mestu solo-flavte v G\u00fcrzenich Orkestru iz K\u00f6lna, ve\u010dkrat je sodelovala z Berlinskimi Filharmoniki, DSO Berlin, Filmorkestrom Babelsberg, Novim komornim orkesterom iz Potsdama&#8230;Do leta 2014 je bila redna \u010dlanica Radijskega simfoni\u010dneg aorkestra Ljubljana na mestu solo flavte.<\/p>\n<p>Brina je zelo aktivna komorna glasbenica, trenutno je \u010dlanica slovenskega tria flavt.<\/p>\n","protected":false},"excerpt":{"rendered":"<p class=\"post-excerpt\">Brina Kafol \u017dust je pri\u010dela igrati flavto pri Prof. Nata\u0161i Hladnik in Prof. Mateju Grahku v Ljubljani. \u0160olanje je nadaljevala&#8230;<\/p>\n","protected":false},"author":1,"featured_media":0,"parent":0,"menu_order":0,"comment_status":"closed","ping_status":"closed","template":"","meta":[],"_links":{"self":[{"href":"http:\/\/festivalursus.com\/index.php?rest_route=\/wp\/v2\/pages\/3517"}],"collection":[{"href":"http:\/\/festivalursus.com\/index.php?rest_route=\/wp\/v2\/pages"}],"about":[{"href":"http:\/\/festivalursus.com\/index.php?rest_route=\/wp\/v2\/types\/page"}],"author":[{"embeddable":true,"href":"http:\/\/festivalursus.com\/index.php?rest_route=\/wp\/v2\/users\/1"}],"replies":[{"embeddable":true,"href":"http:\/\/festivalursus.com\/index.php?rest_route=%2Fwp%2Fv2%2Fcomments&post=3517"}],"version-history":[{"count":6,"href":"http:\/\/festivalursus.com\/index.php?rest_route=\/wp\/v2\/pages\/3517\/revisions"}],"predecessor-version":[{"id":3683,"href":"http:\/\/festivalursus.com\/index.php?rest_route=\/wp\/v2\/pages\/3517\/revisions\/3683"}],"wp:attachment":[{"href":"http:\/\/festivalursus.com\/index.php?rest_route=%2Fwp%2Fv2%2Fmedia&parent=3517"}],"curies":[{"name":"wp","href":"https:\/\/api.w.org\/{rel}","templated":true}]}}