{"id":3598,"date":"2023-06-08T08:04:47","date_gmt":"2023-06-08T08:04:47","guid":{"rendered":"http:\/\/festivalursus.com\/?page_id=3598"},"modified":"2023-06-08T08:09:50","modified_gmt":"2023-06-08T08:09:50","slug":"ursus-2022-2","status":"publish","type":"page","link":"http:\/\/festivalursus.com\/?page_id=3598&lang=sl","title":{"rendered":"IX. \u201cUrsus\u201c 2022"},"content":{"rendered":"<p style=\"text-align: center;\"><img decoding=\"async\" loading=\"lazy\" class=\"aligncenter wp-image-3537 size-large\" src=\"http:\/\/festivalursus.com\/wp-content\/uploads\/2022\/09\/tuxpi.com_.1662987584-1024x576.jpg\" alt=\"\" width=\"700\" height=\"394\" srcset=\"http:\/\/festivalursus.com\/wp-content\/uploads\/2022\/09\/tuxpi.com_.1662987584-1024x576.jpg 1024w, http:\/\/festivalursus.com\/wp-content\/uploads\/2022\/09\/tuxpi.com_.1662987584-300x169.jpg 300w, http:\/\/festivalursus.com\/wp-content\/uploads\/2022\/09\/tuxpi.com_.1662987584-768x432.jpg 768w, http:\/\/festivalursus.com\/wp-content\/uploads\/2022\/09\/tuxpi.com_.1662987584-1536x864.jpg 1536w, http:\/\/festivalursus.com\/wp-content\/uploads\/2022\/09\/tuxpi.com_.1662987584-1140x641.jpg 1140w, http:\/\/festivalursus.com\/wp-content\/uploads\/2022\/09\/tuxpi.com_.1662987584.jpg 1920w\" sizes=\"(max-width: 700px) 100vw, 700px\" \/><\/p>\n<p style=\"text-align: right;\"><em>&#8220;Igra\u0161 na \u010darobno pi\u0161\u010dal; naj naju varuje na najini poti.<\/em><em>&#8221; (<\/em>Zauberfl\u00f6te)<\/p>\n<p style=\"text-align: right;\">&#8211; Pamina<\/p>\n<p>&nbsp;<\/p>\n<h4 style=\"text-align: center;\"><a href=\"http:\/\/festivalursus.com\/?page_id=3565&amp;lang=sl\">MAGIJA FLAVTE<\/a><\/h4>\n<h5 style=\"text-align: center;\">Sreda, 28. septembra 2022, ob 18:30h<\/h5>\n<p style=\"text-align: center;\"><a href=\"http:\/\/festivalursus.com\/?page_id=3517&amp;lang=sl\" target=\"_blank\" rel=\"noopener\">Brina Kafol \u017dust &#8211; flavta<\/a>, <a href=\"http:\/\/festivalursus.com\/?page_id=3522&amp;lang=sl\" target=\"_blank\" rel=\"noopener\">Boris Bizjak &#8211; flavta<\/a>, <a href=\"http:\/\/festivalursus.com\/?page_id=3530&amp;lang=sl\" target=\"_blank\" rel=\"noopener\">Marko Zupan &#8211; flavta<\/a><\/p>\n<p style=\"text-align: center;\">na muzejskem skednju <a href=\"https:\/\/goo.gl\/maps\/nMGj486vx7sTCT4e7\" target=\"_blank\" rel=\"noopener\">doma\u010dije Medved v Podkumu<\/a><\/p>\n","protected":false},"excerpt":{"rendered":"<p class=\"post-excerpt\">&#8220;Igra\u0161 na \u010darobno pi\u0161\u010dal; naj naju varuje na najini poti.&#8221; (Zauberfl\u00f6te) &#8211; Pamina &nbsp; MAGIJA FLAVTE Sreda, 28. septembra 2022,&#8230;<\/p>\n","protected":false},"author":1,"featured_media":0,"parent":0,"menu_order":0,"comment_status":"closed","ping_status":"closed","template":"","meta":[],"_links":{"self":[{"href":"http:\/\/festivalursus.com\/index.php?rest_route=\/wp\/v2\/pages\/3598"}],"collection":[{"href":"http:\/\/festivalursus.com\/index.php?rest_route=\/wp\/v2\/pages"}],"about":[{"href":"http:\/\/festivalursus.com\/index.php?rest_route=\/wp\/v2\/types\/page"}],"author":[{"embeddable":true,"href":"http:\/\/festivalursus.com\/index.php?rest_route=\/wp\/v2\/users\/1"}],"replies":[{"embeddable":true,"href":"http:\/\/festivalursus.com\/index.php?rest_route=%2Fwp%2Fv2%2Fcomments&post=3598"}],"version-history":[{"count":3,"href":"http:\/\/festivalursus.com\/index.php?rest_route=\/wp\/v2\/pages\/3598\/revisions"}],"predecessor-version":[{"id":3603,"href":"http:\/\/festivalursus.com\/index.php?rest_route=\/wp\/v2\/pages\/3598\/revisions\/3603"}],"wp:attachment":[{"href":"http:\/\/festivalursus.com\/index.php?rest_route=%2Fwp%2Fv2%2Fmedia&parent=3598"}],"curies":[{"name":"wp","href":"https:\/\/api.w.org\/{rel}","templated":true}]}}