{"id":3632,"date":"2023-06-08T08:26:14","date_gmt":"2023-06-08T08:26:14","guid":{"rendered":"http:\/\/festivalursus.com\/?page_id=3632"},"modified":"2023-07-03T14:33:17","modified_gmt":"2023-07-03T14:33:17","slug":"glasbeniki-2023","status":"publish","type":"page","link":"http:\/\/festivalursus.com\/?page_id=3632&lang=sl","title":{"rendered":"Glasbeniki 2023"},"content":{"rendered":"<p><a href=\"http:\/\/festivalursus.com\/?page_id=3047&amp;lang=sl\">Tonko Huljev &#8211; fagot<\/a><\/p>\n<p><a href=\"http:\/\/festivalursus.com\/?page_id=3517&amp;lang=sl\">Brina Kafol \u017dust &#8211; flavta<\/a><\/p>\n<p><a href=\"http:\/\/festivalursus.com\/?page_id=3624&amp;lang=sl\">Matic Kuder &#8211; klarinet<\/a><\/p>\n<p><a href=\"http:\/\/festivalursus.com\/?page_id=3028&amp;lang=sl\">\u017diva Lo\u0161trek &#8211; oboa<\/a><\/p>\n<p><a href=\"http:\/\/festivalursus.com\/?page_id=3628&amp;lang=sl\">Luka Mitev &#8211; fagot<\/a><\/p>\n<p><a href=\"http:\/\/festivalursus.com\/?page_id=3033&amp;lang=sl\">Toma\u017e Mo\u010dilnik &#8211; klarinet<\/a><\/p>\n<p><a href=\"http:\/\/festivalursus.com\/?page_id=3617&amp;lang=sl\">Bla\u017e Ogri\u010d &#8211; rog<\/a><\/p>\n<p><a href=\"http:\/\/festivalursus.com\/?page_id=3613&amp;lang=sl\">Eva Vrta\u010dnik &#8211; oboa<\/a><\/p>\n<p><a href=\"http:\/\/festivalursus.com\/?page_id=3387&amp;lang=sl\">Marko Zupan &#8211; flavta<\/a><\/p>\n<p><a href=\"http:\/\/festivalursus.com\/?page_id=3053&amp;lang=sl\">Andrej \u017dust &#8211; rog<\/a><\/p>\n","protected":false},"excerpt":{"rendered":"<p class=\"post-excerpt\">Tonko Huljev &#8211; fagot Brina Kafol \u017dust &#8211; flavta Matic Kuder &#8211; klarinet \u017diva Lo\u0161trek &#8211; oboa Luka Mitev &#8211;&#8230;<\/p>\n","protected":false},"author":1,"featured_media":0,"parent":0,"menu_order":0,"comment_status":"closed","ping_status":"closed","template":"","meta":[],"_links":{"self":[{"href":"http:\/\/festivalursus.com\/index.php?rest_route=\/wp\/v2\/pages\/3632"}],"collection":[{"href":"http:\/\/festivalursus.com\/index.php?rest_route=\/wp\/v2\/pages"}],"about":[{"href":"http:\/\/festivalursus.com\/index.php?rest_route=\/wp\/v2\/types\/page"}],"author":[{"embeddable":true,"href":"http:\/\/festivalursus.com\/index.php?rest_route=\/wp\/v2\/users\/1"}],"replies":[{"embeddable":true,"href":"http:\/\/festivalursus.com\/index.php?rest_route=%2Fwp%2Fv2%2Fcomments&post=3632"}],"version-history":[{"count":5,"href":"http:\/\/festivalursus.com\/index.php?rest_route=\/wp\/v2\/pages\/3632\/revisions"}],"predecessor-version":[{"id":3723,"href":"http:\/\/festivalursus.com\/index.php?rest_route=\/wp\/v2\/pages\/3632\/revisions\/3723"}],"wp:attachment":[{"href":"http:\/\/festivalursus.com\/index.php?rest_route=%2Fwp%2Fv2%2Fmedia&parent=3632"}],"curies":[{"name":"wp","href":"https:\/\/api.w.org\/{rel}","templated":true}]}}