{"id":451,"date":"2016-05-14T13:16:33","date_gmt":"2016-05-14T13:16:33","guid":{"rendered":"http:\/\/festivalursus.com\/?page_id=451"},"modified":"2023-07-03T16:28:12","modified_gmt":"2023-07-03T16:28:12","slug":"ursus-2016","status":"publish","type":"page","link":"http:\/\/festivalursus.com\/?lang=sl","title":{"rendered":"X. &#8220;Ursus&#8221; 2023"},"content":{"rendered":"<p style=\"text-align: center;\"><a href=\"http:\/\/festivalursus.com\/wp-content\/uploads\/2023\/06\/Ursus-logo-2023-1.jpg\"><img decoding=\"async\" loading=\"lazy\" class=\"aligncenter size-large wp-image-3588\" src=\"http:\/\/festivalursus.com\/wp-content\/uploads\/2023\/06\/Ursus-logo-2023-1-1024x582.jpg\" alt=\"\" width=\"700\" height=\"398\" srcset=\"http:\/\/festivalursus.com\/wp-content\/uploads\/2023\/06\/Ursus-logo-2023-1-1024x582.jpg 1024w, http:\/\/festivalursus.com\/wp-content\/uploads\/2023\/06\/Ursus-logo-2023-1-300x171.jpg 300w, http:\/\/festivalursus.com\/wp-content\/uploads\/2023\/06\/Ursus-logo-2023-1-768x437.jpg 768w, http:\/\/festivalursus.com\/wp-content\/uploads\/2023\/06\/Ursus-logo-2023-1-1536x874.jpg 1536w, http:\/\/festivalursus.com\/wp-content\/uploads\/2023\/06\/Ursus-logo-2023-1-1140x648.jpg 1140w, http:\/\/festivalursus.com\/wp-content\/uploads\/2023\/06\/Ursus-logo-2023-1.jpg 1948w\" sizes=\"(max-width: 700px) 100vw, 700px\" \/><\/a><\/p>\n<p style=\"text-align: right;\"><i>\u201dGlavni razlog proti igranju pihalnih in\u0161trumentov je ta, da glasbenikom podalj\u0161a \u017eivljenje.\u201d<\/i><\/p>\n<p style=\"text-align: right;\">&#8211; George Bernard Shaw<\/p>\n<p>&nbsp;<\/p>\n<p><a href=\"http:\/\/festivalursus.com\/?page_id=3632&amp;lang=sl\"><img decoding=\"async\" loading=\"lazy\" class=\"aligncenter size-large wp-image-3751\" src=\"http:\/\/festivalursus.com\/wp-content\/uploads\/2023\/07\/InCollage_20230703_182136613-1-1024x1024.jpg\" alt=\"\" width=\"700\" height=\"700\" srcset=\"http:\/\/festivalursus.com\/wp-content\/uploads\/2023\/07\/InCollage_20230703_182136613-1-1024x1024.jpg 1024w, http:\/\/festivalursus.com\/wp-content\/uploads\/2023\/07\/InCollage_20230703_182136613-1-300x300.jpg 300w, http:\/\/festivalursus.com\/wp-content\/uploads\/2023\/07\/InCollage_20230703_182136613-1-150x150.jpg 150w, http:\/\/festivalursus.com\/wp-content\/uploads\/2023\/07\/InCollage_20230703_182136613-1-768x768.jpg 768w, http:\/\/festivalursus.com\/wp-content\/uploads\/2023\/07\/InCollage_20230703_182136613-1-1536x1536.jpg 1536w, http:\/\/festivalursus.com\/wp-content\/uploads\/2023\/07\/InCollage_20230703_182136613-1-2048x2048.jpg 2048w, http:\/\/festivalursus.com\/wp-content\/uploads\/2023\/07\/InCollage_20230703_182136613-1-1140x1140.jpg 1140w\" sizes=\"(max-width: 700px) 100vw, 700px\" \/><\/a><\/p>\n<p>&nbsp;<\/p>\n<p>ENSEMBLE.SI sestavlja v tujini \u017eive\u010de slovenske glasbenike, ki so po \u0161olanju in kariernih za\u010detkih v Sloveniji, od\u0161li na nadalnje \u0161olanje v tujino. Po ali tudi med \u0161olanjem, so jim uspe\u0161no opravljene avdicije in preiskusne dobe zagotovile ugledna mesta v presti\u017enih orkestrih, opernih hi\u0161ah in univerzah po Evropi. Tako so glasbeniki \u010dlani orkestrov Berlinske in Dunajske Filharmonije, Bavarske dr\u017eavne opere, orkestra Frankfurtskega in Bavarskega radija, simfoni\u010dnega orkestra iz Hofa, Splitske glasbene akademije, Barenboim-Said akademija,\u2026<\/p>\n<p>\u017delja po skupnem komornem muziciranju je bila vedno znova tema pogovorov ob sre\u010danjih in tako se je leta 2018 odvil prvi koncert v Berlinu. Po res uspe\u0161nem prvem koncertu se je\u017eelja po dru\u017eenju in skupnemu koncertiranju le \u0161e okrepila in sledili so koncerti na Festivalu Ljubljana, Imagu Sloveniae, Glasbenem poletju v Bohinju, Piranskih glasbenih ve\u010derih, Klassik in Burghof v Celovcu, Narodnem domu v Mariboru, Novi gorici in Celju ter v okviru srebrnega abonmaja Cankarjevega doma.<\/p>\n<p>Ansambel koncertira v razli\u010dnih sestavih, od dua pa vse do decetov in izvaja skladbe klasi\u010dnega, \u017eeleznega repertuarja, pa vse do modernih kompozicij, ki so bile napisane prav za ENSEMBLE.SI.<\/p>\n<p>&nbsp;<\/p>\n<h6 style=\"text-align: center;\">Na programu:<\/h6>\n<h6 style=\"text-align: center;\">G. Donizetti: Sinfonija za pihala v g-molu, A 509<\/h6>\n<h6 style=\"text-align: center;\">W.A. Mozart: Simfonija \u0161t. 31 v d-duru, kv 297 (prir. za pihala)<\/h6>\n<h6 style=\"text-align: center;\">J. Raff: Sinfonietta, Op. 188<\/h6>\n<p>&nbsp;<\/p>\n<p>&nbsp;<\/p>\n<h5 style=\"text-align: center;\">\u00a0Sreda, 16.8.2023, ob 19h<\/h5>\n<h5 style=\"text-align: center;\">na muzejskem skednju <a href=\"https:\/\/goo.gl\/maps\/nMGj486vx7sTCT4e7\" target=\"_blank\" rel=\"noopener\">doma\u010dije Medved v Podkumu<\/a><\/h5>\n","protected":false},"excerpt":{"rendered":"<p class=\"post-excerpt\">\u201dGlavni razlog proti igranju pihalnih in\u0161trumentov je ta, da glasbenikom podalj\u0161a \u017eivljenje.\u201d &#8211; George Bernard Shaw &nbsp; &nbsp; ENSEMBLE.SI sestavlja&#8230;<\/p>\n","protected":false},"author":1,"featured_media":0,"parent":0,"menu_order":0,"comment_status":"closed","ping_status":"closed","template":"","meta":[],"_links":{"self":[{"href":"http:\/\/festivalursus.com\/index.php?rest_route=\/wp\/v2\/pages\/451"}],"collection":[{"href":"http:\/\/festivalursus.com\/index.php?rest_route=\/wp\/v2\/pages"}],"about":[{"href":"http:\/\/festivalursus.com\/index.php?rest_route=\/wp\/v2\/types\/page"}],"author":[{"embeddable":true,"href":"http:\/\/festivalursus.com\/index.php?rest_route=\/wp\/v2\/users\/1"}],"replies":[{"embeddable":true,"href":"http:\/\/festivalursus.com\/index.php?rest_route=%2Fwp%2Fv2%2Fcomments&post=451"}],"version-history":[{"count":117,"href":"http:\/\/festivalursus.com\/index.php?rest_route=\/wp\/v2\/pages\/451\/revisions"}],"predecessor-version":[{"id":3753,"href":"http:\/\/festivalursus.com\/index.php?rest_route=\/wp\/v2\/pages\/451\/revisions\/3753"}],"wp:attachment":[{"href":"http:\/\/festivalursus.com\/index.php?rest_route=%2Fwp%2Fv2%2Fmedia&parent=451"}],"curies":[{"name":"wp","href":"https:\/\/api.w.org\/{rel}","templated":true}]}}