{"id":467,"date":"2016-05-14T14:25:44","date_gmt":"2016-05-14T14:25:44","guid":{"rendered":"http:\/\/festivalursus.com\/?page_id=467"},"modified":"2016-06-27T12:20:39","modified_gmt":"2016-06-27T12:20:39","slug":"izvajalci","status":"publish","type":"page","link":"http:\/\/festivalursus.com\/?page_id=467&lang=sl","title":{"rendered":"Izvajalci"},"content":{"rendered":"<p><a href=\"http:\/\/festivalursus.com\/?page_id=1481&amp;lang=sl\">Boris Bizjak (Slovenija) &#8211; flavta<\/a><\/p>\n<p><a href=\"http:\/\/festivalursus.com\/?page_id=1409&amp;lang=sl\">Maria Gamboz Gradi\u0161nik (Italija) &#8211; harfa<\/a><\/p>\n<p><a href=\"http:\/\/festivalursus.com\/?page_id=886&amp;lang=sl\">Alexander H\u00fcttner (Nem\u010dija) &#8211; tenor<\/a><\/p>\n<p><a href=\"http:\/\/festivalursus.com\/?page_id=1257&amp;lang=sl\">Tina Mauko (Slovenija) &#8211; klavir<\/a><\/p>\n<p><a href=\"http:\/\/festivalursus.com\/?page_id=1273&amp;lang=sl\">Minka Popovi\u0107 Ganev (Srbija) &#8211; klavir<\/a><\/p>\n<p><a href=\"http:\/\/festivalursus.com\/?page_id=979&amp;lang=sl\">Daniela Vega (Brazilija) &#8211; pevka\/performerka<\/a><\/p>\n<p><a href=\"http:\/\/festivalursus.com\/?page_id=1413&amp;lang=sl\">Silvia Vicario (Italija) &#8211; harfa<\/a><\/p>\n<p><a href=\"http:\/\/festivalursus.com\/?page_id=1247&amp;lang=sl\">Zagorski oktet (Slovenija) &#8211; vokalni ansambel<\/a><\/p>\n<p><a href=\"http:\/\/festivalursus.com\/?page_id=1278&amp;lang=sl\">Marko Zupan (Slovenija) &#8211; flavta<\/a><\/p>\n<p>&nbsp;<\/p>\n","protected":false},"excerpt":{"rendered":"<p class=\"post-excerpt\">Boris Bizjak (Slovenija) &#8211; flavta Maria Gamboz Gradi\u0161nik (Italija) &#8211; harfa Alexander H\u00fcttner (Nem\u010dija) &#8211; tenor Tina Mauko (Slovenija) &#8211;&#8230;<\/p>\n","protected":false},"author":1,"featured_media":0,"parent":0,"menu_order":0,"comment_status":"closed","ping_status":"closed","template":"","meta":[],"_links":{"self":[{"href":"http:\/\/festivalursus.com\/index.php?rest_route=\/wp\/v2\/pages\/467"}],"collection":[{"href":"http:\/\/festivalursus.com\/index.php?rest_route=\/wp\/v2\/pages"}],"about":[{"href":"http:\/\/festivalursus.com\/index.php?rest_route=\/wp\/v2\/types\/page"}],"author":[{"embeddable":true,"href":"http:\/\/festivalursus.com\/index.php?rest_route=\/wp\/v2\/users\/1"}],"replies":[{"embeddable":true,"href":"http:\/\/festivalursus.com\/index.php?rest_route=%2Fwp%2Fv2%2Fcomments&post=467"}],"version-history":[{"count":11,"href":"http:\/\/festivalursus.com\/index.php?rest_route=\/wp\/v2\/pages\/467\/revisions"}],"predecessor-version":[{"id":1539,"href":"http:\/\/festivalursus.com\/index.php?rest_route=\/wp\/v2\/pages\/467\/revisions\/1539"}],"wp:attachment":[{"href":"http:\/\/festivalursus.com\/index.php?rest_route=%2Fwp%2Fv2%2Fmedia&parent=467"}],"curies":[{"name":"wp","href":"https:\/\/api.w.org\/{rel}","templated":true}]}}